{"id":8325,"date":"2025-06-20T17:31:49","date_gmt":"2025-06-20T21:31:49","guid":{"rendered":"https:\/\/www.multicasa.com.br\/inicio\/?post_type=product&#038;p=8325"},"modified":"2026-02-16T12:00:09","modified_gmt":"2026-02-16T16:00:09","slug":"gancho-de-aco-com-ventosa-praticita-future-ate-2kg","status":"publish","type":"product","link":"https:\/\/www.multicasa.com.br\/inicio\/produto\/gancho-de-aco-com-ventosa-praticita-future-ate-2kg\/","title":{"rendered":"Gancho de A\u00e7o com Ventosa Praticita Future at\u00e9 2kg"},"content":{"rendered":"<p>Chega de furar as paredes, portas e arm\u00e1rios para organizar seus itens de cozinha, roupas e acess\u00f3rios ou lavanderia. O gancho cromado com ventosa de borracha e pl\u00e1stico da linha Praticita tem f\u00e1cil instala\u00e7\u00e3o e excelente sistema de suc\u00e7\u00e3o que suportam at\u00e9 2kg. Pendure colheres, toalhas, chap\u00e9us e o que mais desejar sem dificuldades.<\/p>\n","protected":false},"excerpt":{"rendered":"<h4 style=\"margin: 0px;padding: 0px 0px 16px;font-family: Lato, sans-serif;font-weight: bold;line-height: 3rem;color: var(--dark-grey3);font-size: 22px;font-style: normal;letter-spacing: normal;text-align: start;text-indent: 0px;text-transform: none\">Informa\u00e7\u00f5es t\u00e9cnicas<\/h4>\n<p><span style=\"margin: 0px;padding: 0px;font-weight: 450;font-size: 14px;line-height: 21px;color: var(--dark-grey2);font-family: Lato, sans-serif;font-style: normal;letter-spacing: normal;text-align: start;text-indent: 0px;text-transform: none\">Produto: Gancho<br \/>\nMarca: Future<br \/>\nMaterial: A\u00e7o Cromado<br \/>\nCaracter\u00edsticas: Suporta at\u00e9 2kg<br \/>\nItens Inclusos: 1 Gancho<br \/>\nDimens\u00f5es do produto (A x L x P): 13 x 7 x 4,5cm<br \/>\n<\/span><\/p>\n","protected":false},"featured_media":25258,"template":"","meta":{"_joinchat":[]},"product_brand":[],"product_cat":[69],"product_tag":[],"class_list":{"0":"post-8325","1":"product","2":"type-product","3":"status-publish","4":"has-post-thumbnail","6":"product_cat-acessorios-para-banheiro","8":"first","9":"instock","10":"shipping-taxable","11":"purchasable","12":"product-type-simple"},"_links":{"self":[{"href":"https:\/\/www.multicasa.com.br\/inicio\/wp-json\/wp\/v2\/product\/8325","targetHints":{"allow":["GET"]}}],"collection":[{"href":"https:\/\/www.multicasa.com.br\/inicio\/wp-json\/wp\/v2\/product"}],"about":[{"href":"https:\/\/www.multicasa.com.br\/inicio\/wp-json\/wp\/v2\/types\/product"}],"wp:featuredmedia":[{"embeddable":true,"href":"https:\/\/www.multicasa.com.br\/inicio\/wp-json\/wp\/v2\/media\/25258"}],"wp:attachment":[{"href":"https:\/\/www.multicasa.com.br\/inicio\/wp-json\/wp\/v2\/media?parent=8325"}],"wp:term":[{"taxonomy":"product_brand","embeddable":true,"href":"https:\/\/www.multicasa.com.br\/inicio\/wp-json\/wp\/v2\/product_brand?post=8325"},{"taxonomy":"product_cat","embeddable":true,"href":"https:\/\/www.multicasa.com.br\/inicio\/wp-json\/wp\/v2\/product_cat?post=8325"},{"taxonomy":"product_tag","embeddable":true,"href":"https:\/\/www.multicasa.com.br\/inicio\/wp-json\/wp\/v2\/product_tag?post=8325"}],"curies":[{"name":"wp","href":"https:\/\/api.w.org\/{rel}","templated":true}]}}