{"id":8353,"date":"2025-06-20T17:32:11","date_gmt":"2025-06-20T21:32:11","guid":{"rendered":"https:\/\/www.multicasa.com.br\/inicio\/?post_type=product&#038;p=8353"},"modified":"2025-08-17T18:56:23","modified_gmt":"2025-08-17T22:56:23","slug":"grelha-quadrada-de-plastico-branca-overtime-100mm","status":"publish","type":"product","link":"https:\/\/www.multicasa.com.br\/inicio\/produto\/grelha-quadrada-de-plastico-branca-overtime-100mm\/","title":{"rendered":"Grelha Quadrada de Pl\u00e1stico Branca Overtime 100mm"},"content":{"rendered":"<p>A grelha quadrada de pl\u00e1stico branco da Overtime \u00e9 ideal para ralos com 100 mm de di\u00e2metro. Funcional e com garantia de durabilidade, tem sistema de veda\u00e7\u00e3o rotativo ?abre e fecha? para evitar a entrada de insetos e o mau cheiro.<\/p>\n","protected":false},"excerpt":{"rendered":"<h4 style=\"margin: 0px;padding: 0px 0px 16px;font-family: Lato, sans-serif;font-weight: bold;line-height: 3rem;color: var(--dark-grey3);font-size: 22px;font-style: normal;letter-spacing: normal;text-align: start;text-indent: 0px;text-transform: none\">Informa\u00e7\u00f5es t\u00e9cnicas<\/h4>\n<p><span style=\"margin: 0px;padding: 0px;font-weight: 450;font-size: 14px;line-height: 21px;color: var(--dark-grey2);font-family: Lato, sans-serif;font-style: normal;letter-spacing: normal;text-align: start;text-indent: 0px;text-transform: none\">Produto: Grelha para banheiro<br \/>\nTipo: Quadrada<br \/>\nMarca: Overtime<br \/>\nMaterial: Pl\u00e1stico<br \/>\nCor: Branca<br \/>\nCaracter\u00edsticas: ideal para ralos com 100mm de di\u00e2metro<br \/>\nSistema de veda\u00e7\u00e3o rotativo<br \/>\nItens inclusos: 1 Grelha para banheiro<br \/>\nDimens\u00e3o do Produto (L X P): 10cm<br \/>\n<\/span><\/p>\n","protected":false},"featured_media":8407,"template":"","meta":{"_joinchat":[]},"product_brand":[],"product_cat":[69],"product_tag":[],"class_list":{"0":"post-8353","1":"product","2":"type-product","3":"status-publish","4":"has-post-thumbnail","6":"product_cat-acessorios-para-banheiro","8":"first","9":"outofstock","10":"shipping-taxable","11":"purchasable","12":"product-type-simple"},"_links":{"self":[{"href":"https:\/\/www.multicasa.com.br\/inicio\/wp-json\/wp\/v2\/product\/8353","targetHints":{"allow":["GET"]}}],"collection":[{"href":"https:\/\/www.multicasa.com.br\/inicio\/wp-json\/wp\/v2\/product"}],"about":[{"href":"https:\/\/www.multicasa.com.br\/inicio\/wp-json\/wp\/v2\/types\/product"}],"wp:featuredmedia":[{"embeddable":true,"href":"https:\/\/www.multicasa.com.br\/inicio\/wp-json\/wp\/v2\/media\/8407"}],"wp:attachment":[{"href":"https:\/\/www.multicasa.com.br\/inicio\/wp-json\/wp\/v2\/media?parent=8353"}],"wp:term":[{"taxonomy":"product_brand","embeddable":true,"href":"https:\/\/www.multicasa.com.br\/inicio\/wp-json\/wp\/v2\/product_brand?post=8353"},{"taxonomy":"product_cat","embeddable":true,"href":"https:\/\/www.multicasa.com.br\/inicio\/wp-json\/wp\/v2\/product_cat?post=8353"},{"taxonomy":"product_tag","embeddable":true,"href":"https:\/\/www.multicasa.com.br\/inicio\/wp-json\/wp\/v2\/product_tag?post=8353"}],"curies":[{"name":"wp","href":"https:\/\/api.w.org\/{rel}","templated":true}]}}