{"id":8355,"date":"2025-06-20T17:32:11","date_gmt":"2025-06-20T21:32:11","guid":{"rendered":"https:\/\/www.multicasa.com.br\/inicio\/?post_type=product&#038;p=8355"},"modified":"2026-01-23T17:00:23","modified_gmt":"2026-01-23T21:00:23","slug":"inseticida-aerossol-mata-cupim-jimo-400ml","status":"publish","type":"product","link":"https:\/\/www.multicasa.com.br\/inicio\/produto\/inseticida-aerossol-mata-cupim-jimo-400ml\/","title":{"rendered":"Inseticida Aerossol Mata Cupim Jimo 400ml"},"content":{"rendered":"<p>Ideal para combater focos localizados, o inseticida aerossol mata cupim Jimo combate tamb\u00e9m brocas e formigas em pequenas pe\u00e7as de madeira. Com alto poder de penetra\u00e7\u00e3o, possui tubo com agulha injetora e protetor antirrefluxo para evitar respingos.<\/p>\n","protected":false},"excerpt":{"rendered":"<h4 style=\"margin: 0px;padding: 0px 0px 16px;font-family: Lato, sans-serif;font-weight: bold;line-height: 3rem;color: var(--dark-grey3);font-size: 22px;font-style: normal;letter-spacing: normal;text-align: start;text-indent: 0px;text-transform: none\">Informa\u00e7\u00f5es t\u00e9cnicas<\/h4>\n<p><span style=\"margin: 0px;padding: 0px;font-weight: 450;font-size: 14px;line-height: 21px;color: var(--dark-grey2);font-family: Lato, sans-serif;font-style: normal;letter-spacing: normal;text-align: start;text-indent: 0px;text-transform: none\">Produto: Inseticida mata cupim<br \/>\nMarca: Jimo<br \/>\nConte\u00fado: 400ml<br \/>\nCaracter\u00edsticas: Baixo odor<br \/>\nProtege a madeira<br \/>\nItens Inclusos: 1 Inseticida mata cupim<br \/>\n<\/span><\/p>\n","protected":false},"featured_media":8409,"template":"","meta":{"_joinchat":[]},"product_brand":[],"product_cat":[132],"product_tag":[],"class_list":{"0":"post-8355","1":"product","2":"type-product","3":"status-publish","4":"has-post-thumbnail","6":"product_cat-inseticidas","8":"first","9":"outofstock","10":"shipping-taxable","11":"purchasable","12":"product-type-simple"},"_links":{"self":[{"href":"https:\/\/www.multicasa.com.br\/inicio\/wp-json\/wp\/v2\/product\/8355","targetHints":{"allow":["GET"]}}],"collection":[{"href":"https:\/\/www.multicasa.com.br\/inicio\/wp-json\/wp\/v2\/product"}],"about":[{"href":"https:\/\/www.multicasa.com.br\/inicio\/wp-json\/wp\/v2\/types\/product"}],"wp:featuredmedia":[{"embeddable":true,"href":"https:\/\/www.multicasa.com.br\/inicio\/wp-json\/wp\/v2\/media\/8409"}],"wp:attachment":[{"href":"https:\/\/www.multicasa.com.br\/inicio\/wp-json\/wp\/v2\/media?parent=8355"}],"wp:term":[{"taxonomy":"product_brand","embeddable":true,"href":"https:\/\/www.multicasa.com.br\/inicio\/wp-json\/wp\/v2\/product_brand?post=8355"},{"taxonomy":"product_cat","embeddable":true,"href":"https:\/\/www.multicasa.com.br\/inicio\/wp-json\/wp\/v2\/product_cat?post=8355"},{"taxonomy":"product_tag","embeddable":true,"href":"https:\/\/www.multicasa.com.br\/inicio\/wp-json\/wp\/v2\/product_tag?post=8355"}],"curies":[{"name":"wp","href":"https:\/\/api.w.org\/{rel}","templated":true}]}}