{"id":8393,"date":"2025-06-20T17:32:34","date_gmt":"2025-06-20T21:32:34","guid":{"rendered":"https:\/\/www.multicasa.com.br\/inicio\/?post_type=product&#038;p=8393"},"modified":"2025-06-23T10:13:06","modified_gmt":"2025-06-23T14:13:06","slug":"kit-antena-digital-externa-para-tv-ae-5010-intelbras","status":"publish","type":"product","link":"https:\/\/www.multicasa.com.br\/inicio\/produto\/kit-antena-digital-externa-para-tv-ae-5010-intelbras\/","title":{"rendered":"Kit Antena Digital Externa para TV AE 5010 Intelbras"},"content":{"rendered":"<p>O Kit Antena Digital Externa para TV AE 5010 da Intelbras \u00e9 compacto e com alta capacidade de capta\u00e7\u00e3o, excelente para alta defini\u00e7\u00e3o de imagem em canais digitais e anal\u00f3gicos. Desenvolvida para uso externo, o modelo AE 5010 \u00e9 fabricado com materiais resistentes \u00e0 chuva e \u00e0 corros\u00e3o. A antena digital \u00e9 f\u00e1cil de instalar e acompanha 10 metros de cabo coaxial, mastro e suporte de fixa\u00e7\u00e3o. O kit \u00e9 compat\u00edvel com todos os tipos de TV (inclusive os de tubo), conversores, boosters e amplificadores. Caso haja um conversor digital integrado em sua TV, basta conectar a Antena Digital Externa diretamente. Se a sua TV n\u00e3o possui conversor digital integrado, conecte a antena a um conversor para que sua experi\u00eancia tenha maior e melhor proveito.<\/p>\n","protected":false},"excerpt":{"rendered":"<h4 style=\"margin: 0px;padding: 0px 0px 16px;font-family: Lato, sans-serif;font-weight: bold;line-height: 3rem;color: var(--dark-grey3);font-size: 22px;font-style: normal;letter-spacing: normal;text-align: start;text-indent: 0px;text-transform: none\">Informa\u00e7\u00f5es t\u00e9cnicas<\/h4>\n<p><span style=\"margin: 0px;padding: 0px;font-weight: 450;font-size: 14px;line-height: 21px;color: var(--dark-grey2);font-family: Lato, sans-serif;font-style: normal;letter-spacing: normal;text-align: start;text-indent: 0px;text-transform: none\">Produto: Antena<br \/>\nTipo: Digital<br \/>\nMarca: Intelbras<br \/>\nModelo: AE 5010<br \/>\nCor: Cinza<br \/>\nCaracter\u00edsticas: \u00d3tima capta\u00e7\u00e3o de sinal para TV anal\u00f3gica e canais HUV; Compacto e com alta defini\u00e7\u00e3o; Resistente \u00e0 chuva e corros\u00e3o; Compat\u00edvel com todas as TV, mesmo as de tubo, boosters e amplificadores.<br \/>\nMaterial: Alum\u00ednio<br \/>\nItens inclusos: 1 Antena externa, 1 Cabo 10m coaxial, 1 Mastro e 1 Suporte de fixa\u00e7\u00e3o.<br \/>\nDimens\u00f5es do produto: 25 x 29,5 x 42cm<\/span><\/p>\n","protected":false},"featured_media":25337,"template":"","meta":{"_joinchat":[]},"product_brand":[],"product_cat":[150],"product_tag":[],"class_list":{"0":"post-8393","1":"product","2":"type-product","3":"status-publish","4":"has-post-thumbnail","6":"product_cat-antenas-e-cia","8":"first","9":"outofstock","10":"shipping-taxable","11":"product-type-simple"},"_links":{"self":[{"href":"https:\/\/www.multicasa.com.br\/inicio\/wp-json\/wp\/v2\/product\/8393","targetHints":{"allow":["GET"]}}],"collection":[{"href":"https:\/\/www.multicasa.com.br\/inicio\/wp-json\/wp\/v2\/product"}],"about":[{"href":"https:\/\/www.multicasa.com.br\/inicio\/wp-json\/wp\/v2\/types\/product"}],"wp:featuredmedia":[{"embeddable":true,"href":"https:\/\/www.multicasa.com.br\/inicio\/wp-json\/wp\/v2\/media\/25337"}],"wp:attachment":[{"href":"https:\/\/www.multicasa.com.br\/inicio\/wp-json\/wp\/v2\/media?parent=8393"}],"wp:term":[{"taxonomy":"product_brand","embeddable":true,"href":"https:\/\/www.multicasa.com.br\/inicio\/wp-json\/wp\/v2\/product_brand?post=8393"},{"taxonomy":"product_cat","embeddable":true,"href":"https:\/\/www.multicasa.com.br\/inicio\/wp-json\/wp\/v2\/product_cat?post=8393"},{"taxonomy":"product_tag","embeddable":true,"href":"https:\/\/www.multicasa.com.br\/inicio\/wp-json\/wp\/v2\/product_tag?post=8393"}],"curies":[{"name":"wp","href":"https:\/\/api.w.org\/{rel}","templated":true}]}}