{"id":8395,"date":"2025-06-20T17:32:34","date_gmt":"2025-06-20T21:32:34","guid":{"rendered":"https:\/\/www.multicasa.com.br\/inicio\/?post_type=product&#038;p=8395"},"modified":"2025-06-20T17:33:12","modified_gmt":"2025-06-20T21:33:12","slug":"kit-bateprego-bemfixa-67-pecas","status":"publish","type":"product","link":"https:\/\/www.multicasa.com.br\/inicio\/produto\/kit-bateprego-bemfixa-67-pecas\/","title":{"rendered":"Kit Bateprego Bemfixa 67 Pe\u00e7as"},"content":{"rendered":"<p>O Kit Bateprego Bemfixa \u00e9 um produto desenvolvido para facilitar a fixa\u00e7\u00e3o de pregos, protegendo suas m\u00e3os e evitando acidentes. Produzido com polietileno roxo e a\u00e7o temperado, n\u00e3o danifica as paredes e dispensa o uso de brocas. Com objetivo de facilitar as tarefas do dia a dia, al\u00e9m do bateprego, o kit conta com 6 pregos sem cabe\u00e7a de 2,5x22mm, 6 pregos sem cabe\u00e7a de 2,5 x 27 mm, 6 pregos sem cabe\u00e7a de 2,5 x 35 mm, 18 arruelas pl\u00e1sticas, 18 cabe\u00e7as pl\u00e1sticas e 12 ganchos de metal. Os acess\u00f3rios de reposi\u00e7\u00e3o s\u00e3o vendidos em cartelas individuais.<\/p>\n","protected":false},"excerpt":{"rendered":"<h4 style=\"margin: 0px;padding: 0px 0px 16px;font-family: Lato, sans-serif;font-weight: bold;line-height: 3rem;color: var(--dark-grey3);font-size: 22px;font-style: normal;letter-spacing: normal;text-align: start;text-indent: 0px;text-transform: none\">Informa\u00e7\u00f5es t\u00e9cnicas<\/h4>\n<p><span style=\"margin: 0px;padding: 0px;font-weight: 450;font-size: 14px;line-height: 21px;color: var(--dark-grey2);font-family: Lato, sans-serif;font-style: normal;letter-spacing: normal;text-align: start;text-indent: 0px;text-transform: none\">Produto: Kit Bateprego<br \/>\nMarca: Bemfixa<br \/>\nMaterial: Cabo em polietileno<br \/>\nA\u00e7o temperado<br \/>\nArruelas e cabe\u00e7as de pl\u00e1stico<br \/>\nGanchos de metal<br \/>\nCor: Roxo, prata<br \/>\nCaracter\u00edsticas: Ergon\u00f4mico<br \/>\nQuantidade de pe\u00e7as: 67<br \/>\nItens inclusos: 1 Bateprego<br \/>\n18 pregos<br \/>\n18 arruelas<br \/>\n18 cabe\u00e7as<br \/>\n12 ganchos<br \/>\nDimens\u00f5es do produto (A X L): Pregos de &#8211; 2,5 x 22mm\/ 2,5 x 27mm\/ 2,5 x 35mm<br \/>\n<\/span><\/p>\n","protected":false},"featured_media":8451,"template":"","meta":{"_joinchat":[]},"product_brand":[],"product_cat":[135],"product_tag":[],"class_list":{"0":"post-8395","1":"product","2":"type-product","3":"status-publish","4":"has-post-thumbnail","6":"product_cat-parafusos-e-buchas","8":"first","9":"outofstock","10":"shipping-taxable","11":"product-type-simple"},"_links":{"self":[{"href":"https:\/\/www.multicasa.com.br\/inicio\/wp-json\/wp\/v2\/product\/8395","targetHints":{"allow":["GET"]}}],"collection":[{"href":"https:\/\/www.multicasa.com.br\/inicio\/wp-json\/wp\/v2\/product"}],"about":[{"href":"https:\/\/www.multicasa.com.br\/inicio\/wp-json\/wp\/v2\/types\/product"}],"wp:featuredmedia":[{"embeddable":true,"href":"https:\/\/www.multicasa.com.br\/inicio\/wp-json\/wp\/v2\/media\/8451"}],"wp:attachment":[{"href":"https:\/\/www.multicasa.com.br\/inicio\/wp-json\/wp\/v2\/media?parent=8395"}],"wp:term":[{"taxonomy":"product_brand","embeddable":true,"href":"https:\/\/www.multicasa.com.br\/inicio\/wp-json\/wp\/v2\/product_brand?post=8395"},{"taxonomy":"product_cat","embeddable":true,"href":"https:\/\/www.multicasa.com.br\/inicio\/wp-json\/wp\/v2\/product_cat?post=8395"},{"taxonomy":"product_tag","embeddable":true,"href":"https:\/\/www.multicasa.com.br\/inicio\/wp-json\/wp\/v2\/product_tag?post=8395"}],"curies":[{"name":"wp","href":"https:\/\/api.w.org\/{rel}","templated":true}]}}