{"id":8396,"date":"2025-06-20T17:32:34","date_gmt":"2025-06-20T21:32:34","guid":{"rendered":"https:\/\/www.multicasa.com.br\/inicio\/?post_type=product&#038;p=8396"},"modified":"2025-06-20T17:33:16","modified_gmt":"2025-06-20T21:33:16","slug":"kit-chave-com-bolsa-stanley-49-pecas","status":"publish","type":"product","link":"https:\/\/www.multicasa.com.br\/inicio\/produto\/kit-chave-com-bolsa-stanley-49-pecas\/","title":{"rendered":"Kit Chave com Bolsa Stanley 49 pe\u00e7as"},"content":{"rendered":"<p>Com o Kit Chave Stanley voc\u00ea tem op\u00e7\u00f5es de chaves para aperto e desaperto de parafusos, uma linha completa com chaves de Fenda, fenda cruzada, hexalobular, hexagonal e soquetes. Produzidas em a\u00e7o van\u00e1dio e com cabo antiderrapante permitem uma vida \u00fatil por muito mais tempo e uma \u00f3tima ader\u00eancia. <\/p>\n","protected":false},"excerpt":{"rendered":"<h4 style=\"margin: 0px;padding: 0px 0px 16px;font-family: Lato, sans-serif;font-weight: bold;line-height: 3rem;color: var(--dark-grey3);font-size: 22px;font-style: normal;letter-spacing: normal;text-align: start;text-indent: 0px;text-transform: none\">Informa\u00e7\u00f5es t\u00e9cnicas<\/h4>\n<p><span style=\"margin: 0px;padding: 0px;font-weight: 450;font-size: 14px;line-height: 21px;color: var(--dark-grey2);font-family: Lato, sans-serif;font-style: normal;letter-spacing: normal;text-align: start;text-indent: 0px;text-transform: none\">Produto: Kit de Chaves<br \/>\nMarca: Stanley<br \/>\nMaterial: A\u00e7o Van\u00e1dio<br \/>\nCor: Preto e amarelo<br \/>\nQuantidade de pe\u00e7as: 49 pe\u00e7as<br \/>\nItens Inclusos: 1 bolsa de nylon<br \/>\n1 Chave de Fenda 1\/8 x 3(3x75mm)<br \/>\n1 Chave de Fenda 3\/16 x 4(5x100mm)<br \/>\n1 Chave de Fenda 1\/4 x 1.5 (6x38mm)<br \/>\n1 Chave de Fenda 1\/4 x 4 (6x100mm)<br \/>\n1 Chave de Fenda 5\/16 x 6 (8x150mm)<br \/>\n1 Chave de Fenda Cruzada: 0x3 (0x75mm)<br \/>\n1 Chave de Fenda Cruzada 1&#215;3 (1x75mm)<br \/>\n1 Chave de Fenda Cruzada 2&#215;1.5 (2x38mm)<br \/>\n1 Chave de Fenda Cruzada 2&#215;4 (2x100mm)<br \/>\n18 soquetes &#8211; 5mm,6mm,7mm,8mm,9mm,10mm,11mm,12mm,13mm,3\/16,7\/32,1\/4,5\/16,11\/32,<br \/>\n3\/8,7\/16,15\/32,1\/2<br \/>\n1 adaptador<br \/>\n1 chave multibit<br \/>\n19 pontas (1 \/ 25mm) &#8211;<br \/>\nhexalobular t5, t7, t10, t15, t20, t25, t30, t40<br \/>\nhexagonal 4mm, 5mm, 5.5mm, 6mm<br \/>\nfenda cruzada: 0, 1, 2, 3<br \/>\nfenda 4mm, 5mm, 6mm<br \/>\nDimens\u00f5es do produto (A X L): 41,5 x 42,5cm<br \/>\n<\/span><\/p>\n","protected":false},"featured_media":8454,"template":"","meta":{"_joinchat":[]},"product_brand":[],"product_cat":[137],"product_tag":[],"class_list":{"0":"post-8396","1":"product","2":"type-product","3":"status-publish","4":"has-post-thumbnail","6":"product_cat-ferramentas-manuais","8":"first","9":"outofstock","10":"shipping-taxable","11":"product-type-simple"},"_links":{"self":[{"href":"https:\/\/www.multicasa.com.br\/inicio\/wp-json\/wp\/v2\/product\/8396","targetHints":{"allow":["GET"]}}],"collection":[{"href":"https:\/\/www.multicasa.com.br\/inicio\/wp-json\/wp\/v2\/product"}],"about":[{"href":"https:\/\/www.multicasa.com.br\/inicio\/wp-json\/wp\/v2\/types\/product"}],"wp:featuredmedia":[{"embeddable":true,"href":"https:\/\/www.multicasa.com.br\/inicio\/wp-json\/wp\/v2\/media\/8454"}],"wp:attachment":[{"href":"https:\/\/www.multicasa.com.br\/inicio\/wp-json\/wp\/v2\/media?parent=8396"}],"wp:term":[{"taxonomy":"product_brand","embeddable":true,"href":"https:\/\/www.multicasa.com.br\/inicio\/wp-json\/wp\/v2\/product_brand?post=8396"},{"taxonomy":"product_cat","embeddable":true,"href":"https:\/\/www.multicasa.com.br\/inicio\/wp-json\/wp\/v2\/product_cat?post=8396"},{"taxonomy":"product_tag","embeddable":true,"href":"https:\/\/www.multicasa.com.br\/inicio\/wp-json\/wp\/v2\/product_tag?post=8396"}],"curies":[{"name":"wp","href":"https:\/\/api.w.org\/{rel}","templated":true}]}}