{"id":8423,"date":"2025-06-20T17:32:56","date_gmt":"2025-06-20T21:32:56","guid":{"rendered":"https:\/\/www.multicasa.com.br\/inicio\/?post_type=product&#038;p=8423"},"modified":"2025-08-18T00:43:52","modified_gmt":"2025-08-18T04:43:52","slug":"kit-de-banheiro-em-acrilico-branco-ou-2-pecas","status":"publish","type":"product","link":"https:\/\/www.multicasa.com.br\/inicio\/produto\/kit-de-banheiro-em-acrilico-branco-ou-2-pecas\/","title":{"rendered":"Kit de Banheiro em Acr\u00edlico Branco OU 2 pe\u00e7as"},"content":{"rendered":"<p>O Kit de Banheiro da OU \u00e9 formado por 1 porta-escova para at\u00e9 4 escovas de dente e 1 porta-sabonete l\u00edquido para 400ml. Feito de acr\u00edlico branco, \u00e9 resistente dur\u00e1vel e ir\u00e1 manter seu banheiro organizado. Ideal para qualquer decora\u00e7\u00e3o.<\/p>\n","protected":false},"excerpt":{"rendered":"<h4 style=\"margin: 0px;padding: 0px 0px 16px;font-family: Lato, sans-serif;font-weight: bold;line-height: 3rem;color: var(--dark-grey3);font-size: 22px;font-style: normal;letter-spacing: normal;text-align: start;text-indent: 0px;text-transform: none\">Informa\u00e7\u00f5es t\u00e9cnicas<\/h4>\n<p><span style=\"margin: 0px;padding: 0px;font-weight: 450;font-size: 14px;line-height: 21px;color: var(--dark-grey2);font-family: Lato, sans-serif;font-style: normal;letter-spacing: normal;text-align: start;text-indent: 0px;text-transform: none\">Produto: Kit Banheiro<br \/>\nMarca: OU<br \/>\nMaterial: Poliestireno<br \/>\nCor: Branco<br \/>\nCaracter\u00edsticas: Capacidade para at\u00e9 4 escovas<br \/>\nCapacidade para sabonete de 400ml<br \/>\nSaboneteira com bico pump<br \/>\nQuantidade de pe\u00e7as: 2<br \/>\nItens inclusos: 1 porta sabonete l\u00edquido<br \/>\n1 porta escovas<br \/>\nDimens\u00f5es do produto (A X L): Porta sabonete &#8211; 18,5 x 8cm<br \/>\nPorta escovas &#8211; 21 x 8cm<br \/>\n<\/span><\/p>\n","protected":false},"featured_media":8478,"template":"","meta":{"_joinchat":[]},"product_brand":[],"product_cat":[69],"product_tag":[],"class_list":{"0":"post-8423","1":"product","2":"type-product","3":"status-publish","4":"has-post-thumbnail","6":"product_cat-acessorios-para-banheiro","8":"first","9":"outofstock","10":"shipping-taxable","11":"purchasable","12":"product-type-simple"},"_links":{"self":[{"href":"https:\/\/www.multicasa.com.br\/inicio\/wp-json\/wp\/v2\/product\/8423","targetHints":{"allow":["GET"]}}],"collection":[{"href":"https:\/\/www.multicasa.com.br\/inicio\/wp-json\/wp\/v2\/product"}],"about":[{"href":"https:\/\/www.multicasa.com.br\/inicio\/wp-json\/wp\/v2\/types\/product"}],"wp:featuredmedia":[{"embeddable":true,"href":"https:\/\/www.multicasa.com.br\/inicio\/wp-json\/wp\/v2\/media\/8478"}],"wp:attachment":[{"href":"https:\/\/www.multicasa.com.br\/inicio\/wp-json\/wp\/v2\/media?parent=8423"}],"wp:term":[{"taxonomy":"product_brand","embeddable":true,"href":"https:\/\/www.multicasa.com.br\/inicio\/wp-json\/wp\/v2\/product_brand?post=8423"},{"taxonomy":"product_cat","embeddable":true,"href":"https:\/\/www.multicasa.com.br\/inicio\/wp-json\/wp\/v2\/product_cat?post=8423"},{"taxonomy":"product_tag","embeddable":true,"href":"https:\/\/www.multicasa.com.br\/inicio\/wp-json\/wp\/v2\/product_tag?post=8423"}],"curies":[{"name":"wp","href":"https:\/\/api.w.org\/{rel}","templated":true}]}}