{"id":8435,"date":"2025-06-20T17:32:58","date_gmt":"2025-06-20T21:32:58","guid":{"rendered":"https:\/\/www.multicasa.com.br\/inicio\/?post_type=product&#038;p=8435"},"modified":"2025-06-20T17:33:47","modified_gmt":"2025-06-20T21:33:47","slug":"lampada-de-led-branca-osram-65w-bivolt","status":"publish","type":"product","link":"https:\/\/www.multicasa.com.br\/inicio\/produto\/lampada-de-led-branca-osram-65w-bivolt\/","title":{"rendered":"L\u00e2mpada de Led Branca Osram 6,5W Bivolt"},"content":{"rendered":"<p>D\u00ea um toque especial \u00e0 ilumina\u00e7\u00e3o decorativa com a l\u00e2mpada de LED branca da Osram. Bivolt e com 6,5w de pot\u00eancia, a temperatura da cor \u00e9 de 3000k e lumens de 525. Use para ilumina\u00e7\u00e3o spotlight, como fonte de luz direcional e downlight rosqueando no soquete E27.<\/p>\n","protected":false},"excerpt":{"rendered":"<h4 style=\"margin: 0px;padding: 0px 0px 16px;font-family: Lato, sans-serif;font-weight: bold;line-height: 3rem;color: var(--dark-grey3);font-size: 22px;font-style: normal;letter-spacing: normal;text-align: start;text-indent: 0px;text-transform: none\">Informa\u00e7\u00f5es t\u00e9cnicas<\/h4>\n<p><span style=\"margin: 0px;padding: 0px;font-weight: 450;font-size: 14px;line-height: 21px;color: var(--dark-grey2);font-family: Lato, sans-serif;font-style: normal;letter-spacing: normal;text-align: start;text-indent: 0px;text-transform: none\">Produto: L\u00e2mpada<br \/>\nMarca: Osram<br \/>\nModelo: PAR20<br \/>\nMaterial: Corpo em pl\u00e1stico<br \/>\nVidro<br \/>\nCor: Branca<br \/>\nCor da Luz: Amarelo<br \/>\nPot\u00eancia: 6,5w<br \/>\nTens\u00e3o El\u00e9trica: 127-220v<br \/>\nTemperatura de cor: 3000K<br \/>\nCaracter\u00edsticas: Soquete E27<br \/>\nEquival\u00eancia Incandescente 50w<br \/>\nFluxo Luminoso 525LM<br \/>\nVida \u00datil 25000H<br \/>\nItens Inclusos: 1 L\u00e2mpada<br \/>\nDimens\u00f5es do produto (A X L): 13 x 10cm<br \/>\n<\/span><\/p>\n","protected":false},"featured_media":8511,"template":"","meta":{"_joinchat":[]},"product_brand":[],"product_cat":[80],"product_tag":[],"class_list":{"0":"post-8435","1":"product","2":"type-product","3":"status-publish","4":"has-post-thumbnail","6":"product_cat-lampadas","8":"first","9":"outofstock","10":"shipping-taxable","11":"product-type-simple"},"_links":{"self":[{"href":"https:\/\/www.multicasa.com.br\/inicio\/wp-json\/wp\/v2\/product\/8435","targetHints":{"allow":["GET"]}}],"collection":[{"href":"https:\/\/www.multicasa.com.br\/inicio\/wp-json\/wp\/v2\/product"}],"about":[{"href":"https:\/\/www.multicasa.com.br\/inicio\/wp-json\/wp\/v2\/types\/product"}],"wp:featuredmedia":[{"embeddable":true,"href":"https:\/\/www.multicasa.com.br\/inicio\/wp-json\/wp\/v2\/media\/8511"}],"wp:attachment":[{"href":"https:\/\/www.multicasa.com.br\/inicio\/wp-json\/wp\/v2\/media?parent=8435"}],"wp:term":[{"taxonomy":"product_brand","embeddable":true,"href":"https:\/\/www.multicasa.com.br\/inicio\/wp-json\/wp\/v2\/product_brand?post=8435"},{"taxonomy":"product_cat","embeddable":true,"href":"https:\/\/www.multicasa.com.br\/inicio\/wp-json\/wp\/v2\/product_cat?post=8435"},{"taxonomy":"product_tag","embeddable":true,"href":"https:\/\/www.multicasa.com.br\/inicio\/wp-json\/wp\/v2\/product_tag?post=8435"}],"curies":[{"name":"wp","href":"https:\/\/api.w.org\/{rel}","templated":true}]}}