{"id":8438,"date":"2025-06-20T17:32:58","date_gmt":"2025-06-20T21:32:58","guid":{"rendered":"https:\/\/www.multicasa.com.br\/inicio\/?post_type=product&#038;p=8438"},"modified":"2025-12-16T18:21:47","modified_gmt":"2025-12-16T22:21:47","slug":"lanterna-led-sj1006-rayovac","status":"publish","type":"product","link":"https:\/\/www.multicasa.com.br\/inicio\/produto\/lanterna-led-sj1006-rayovac\/","title":{"rendered":"Lanterna Led SJ1006 Rayovac"},"content":{"rendered":"<p>Lanterna Led Preta Rayovac SJ1006, ideal para uso em ambientes fechados, s\u00e3o muito \u00fateis em momentos de leituras, brincadeiras, conveni\u00eancias e emerg\u00eancias (falta de energia). Tenha sempre uma lanterna na bolsa, em casa e no escrit\u00f3rio para evitar momentos de escurid\u00e3o indesejada.<br \/>\nPossui 3 leds com alcance de at\u00e9 16m, funciona com 2 pilhas AA (n\u00e3o inclusas) e garantia vital\u00edcia contra defeitos de fabrica\u00e7\u00e3o.<\/p>\n","protected":false},"excerpt":{"rendered":"<h4 style=\"margin: 0px;padding: 0px 0px 16px;font-family: Lato, sans-serif;font-weight: bold;line-height: 3rem;color: var(--dark-grey3);font-size: 22px;font-style: normal;letter-spacing: normal;text-align: start;text-indent: 0px;text-transform: none\">Informa\u00e7\u00f5es t\u00e9cnicas<\/h4>\n<p><span style=\"margin: 0px;padding: 0px;font-weight: 450;font-size: 14px;line-height: 21px;color: var(--dark-grey2);font-family: Lato, sans-serif;font-style: normal;letter-spacing: normal;text-align: start;text-indent: 0px;text-transform: none\">Produto: Lanterna<br \/>\nMarca: Rayovac<br \/>\nModelo: SJ1006<br \/>\nMaterial: Pl\u00e1stico<br \/>\nCor: Sortido<br \/>\nAlimenta\u00e7\u00e3o: 2 pilhas AA ( n\u00e3o inclusas)<br \/>\nCaracter\u00edsticas: 3 leds<br \/>\n5LM<br \/>\nAlcance de 16 metros<br \/>\nTestada de acordo com os padr\u00f5es ANSI<br \/>\nItens inclusos: 1 Lanterna<br \/>\nDimens\u00f5es do produto (A X L): 15 x 3cm<br \/>\nGarantia: Vital\u00edcia pelo fabricante<br \/>\n<\/span><\/p>\n","protected":false},"featured_media":8516,"template":"","meta":{"_joinchat":[]},"product_brand":[],"product_cat":[136],"product_tag":[],"class_list":{"0":"post-8438","1":"product","2":"type-product","3":"status-publish","4":"has-post-thumbnail","6":"product_cat-lazer","8":"first","9":"instock","10":"shipping-taxable","11":"purchasable","12":"product-type-simple"},"_links":{"self":[{"href":"https:\/\/www.multicasa.com.br\/inicio\/wp-json\/wp\/v2\/product\/8438","targetHints":{"allow":["GET"]}}],"collection":[{"href":"https:\/\/www.multicasa.com.br\/inicio\/wp-json\/wp\/v2\/product"}],"about":[{"href":"https:\/\/www.multicasa.com.br\/inicio\/wp-json\/wp\/v2\/types\/product"}],"wp:featuredmedia":[{"embeddable":true,"href":"https:\/\/www.multicasa.com.br\/inicio\/wp-json\/wp\/v2\/media\/8516"}],"wp:attachment":[{"href":"https:\/\/www.multicasa.com.br\/inicio\/wp-json\/wp\/v2\/media?parent=8438"}],"wp:term":[{"taxonomy":"product_brand","embeddable":true,"href":"https:\/\/www.multicasa.com.br\/inicio\/wp-json\/wp\/v2\/product_brand?post=8438"},{"taxonomy":"product_cat","embeddable":true,"href":"https:\/\/www.multicasa.com.br\/inicio\/wp-json\/wp\/v2\/product_cat?post=8438"},{"taxonomy":"product_tag","embeddable":true,"href":"https:\/\/www.multicasa.com.br\/inicio\/wp-json\/wp\/v2\/product_tag?post=8438"}],"curies":[{"name":"wp","href":"https:\/\/api.w.org\/{rel}","templated":true}]}}