{"id":8462,"date":"2025-06-20T17:33:19","date_gmt":"2025-06-20T21:33:19","guid":{"rendered":"https:\/\/www.multicasa.com.br\/inicio\/?post_type=product&#038;p=8462"},"modified":"2025-06-20T17:33:58","modified_gmt":"2025-06-20T21:33:58","slug":"lanterna-led-com-luz-auxiliar-e-ima-preta-brasfort","status":"publish","type":"product","link":"https:\/\/www.multicasa.com.br\/inicio\/produto\/lanterna-led-com-luz-auxiliar-e-ima-preta-brasfort\/","title":{"rendered":"Lanterna Led com Luz Auxiliar e Im\u00e3 Preta Brasfort"},"content":{"rendered":"<p>A Lanterna de Led com Luz Auxiliar e Im\u00e3 Brasfort \u00e9 muito \u00fatil em uma grande variedade de situa\u00e7\u00f5es, a lanterna de led funciona com alta efici\u00eancia e intensidade a partir de 4 pilhas aaa, alimenta\u00e7\u00e3o de \u00f3tima autonomia e que coloca diversas fun\u00e7\u00f5es \u00e0 sua disposi\u00e7\u00e3o. Essa lanterna led tem 2 n\u00edveis de intensidade na luz branca, fun\u00e7\u00e3o alerta com luz intermitente ideal para sinaliza\u00e7\u00e3o, e luz auxiliar em barra de led, que pode ser usada em conjunto com a base magn\u00e9tica da lanterna para iluminar \u00e1reas durante servi\u00e7os de manuten\u00e7\u00e3o.<br \/>\nPossui bot\u00e3o \u00fanico para comando das fun\u00e7\u00f5es, im\u00e3 na base e autonomia estimada de 24 horas.<\/p>\n","protected":false},"excerpt":{"rendered":"<h4 style=\"margin: 0px;padding: 0px 0px 16px;font-family: Lato, sans-serif;font-weight: bold;line-height: 3rem;color: var(--dark-grey3);font-size: 22px;font-style: normal;letter-spacing: normal;text-align: start;text-indent: 0px;text-transform: none\">Informa\u00e7\u00f5es t\u00e9cnicas<\/h4>\n<p><span style=\"margin: 0px;padding: 0px;font-weight: 450;font-size: 14px;line-height: 21px;color: var(--dark-grey2);font-family: Lato, sans-serif;font-style: normal;letter-spacing: normal;text-align: start;text-indent: 0px;text-transform: none\"><br \/>\nProduto: Mini Lanterna<br \/>\nMarca: Brasfort<br \/>\nMaterial: Pl\u00e1stico ABS<br \/>\nCor: Preto e vermelho<br \/>\nAlimenta\u00e7\u00e3o: 4 pilhas AAA (n\u00e3o inclusas)<br \/>\nCaracter\u00edsticas: 2 intensidades de brilho<br \/>\nLuz Auxiliar<br \/>\nFun\u00e7\u00e3o alerta com luz piscante<br \/>\nBot\u00e3o \u00fanico para comando das fun\u00e7\u00f5es<br \/>\nTonalidade branca de alta intensidade<br \/>\n\u00edm\u00e3 na base para uso em servi\u00e7os de manuten\u00e7\u00e3o<br \/>\nAutonomia estimada de 24 horas<br \/>\nItens inclusos: 1 mini Lanterna<br \/>\nDimens\u00f5es do produto (A X L X P): 21 x 9 x 4,5cm<br \/>\nGarantia: 1 ano pelo fabricante<br \/>\n<\/span><\/p>\n","protected":false},"featured_media":8522,"template":"","meta":{"_joinchat":[]},"product_brand":[],"product_cat":[136],"product_tag":[],"class_list":{"0":"post-8462","1":"product","2":"type-product","3":"status-publish","4":"has-post-thumbnail","6":"product_cat-lazer","8":"first","9":"outofstock","10":"shipping-taxable","11":"product-type-simple"},"_links":{"self":[{"href":"https:\/\/www.multicasa.com.br\/inicio\/wp-json\/wp\/v2\/product\/8462","targetHints":{"allow":["GET"]}}],"collection":[{"href":"https:\/\/www.multicasa.com.br\/inicio\/wp-json\/wp\/v2\/product"}],"about":[{"href":"https:\/\/www.multicasa.com.br\/inicio\/wp-json\/wp\/v2\/types\/product"}],"wp:featuredmedia":[{"embeddable":true,"href":"https:\/\/www.multicasa.com.br\/inicio\/wp-json\/wp\/v2\/media\/8522"}],"wp:attachment":[{"href":"https:\/\/www.multicasa.com.br\/inicio\/wp-json\/wp\/v2\/media?parent=8462"}],"wp:term":[{"taxonomy":"product_brand","embeddable":true,"href":"https:\/\/www.multicasa.com.br\/inicio\/wp-json\/wp\/v2\/product_brand?post=8462"},{"taxonomy":"product_cat","embeddable":true,"href":"https:\/\/www.multicasa.com.br\/inicio\/wp-json\/wp\/v2\/product_cat?post=8462"},{"taxonomy":"product_tag","embeddable":true,"href":"https:\/\/www.multicasa.com.br\/inicio\/wp-json\/wp\/v2\/product_tag?post=8462"}],"curies":[{"name":"wp","href":"https:\/\/api.w.org\/{rel}","templated":true}]}}