{"id":8463,"date":"2025-06-20T17:33:20","date_gmt":"2025-06-20T21:33:20","guid":{"rendered":"https:\/\/www.multicasa.com.br\/inicio\/?post_type=product&#038;p=8463"},"modified":"2025-08-18T00:53:52","modified_gmt":"2025-08-18T04:53:52","slug":"lampiao-led-retratil-a-pilha-brasfort","status":"publish","type":"product","link":"https:\/\/www.multicasa.com.br\/inicio\/produto\/lampiao-led-retratil-a-pilha-brasfort\/","title":{"rendered":"Lampi\u00e3o Led Retr\u00e1til a Pilha Brasfort"},"content":{"rendered":"<p>O Lampi\u00e3o de Led Retr\u00e1til da Brasfort \u00e9 ideal para utiliza\u00e7\u00e3o em locais de baixa ilumina\u00e7\u00e3o. Por apresentar ilumina\u00e7\u00e3o omnidirecional, pode ser utilizado como abajur. Seu corpo em pl\u00e1stico ABS com lente cromada com al\u00e7as para transporte. LED de longa durabilidade. Alimenta\u00e7\u00e3o \u00e0 pilha.<\/p>\n","protected":false},"excerpt":{"rendered":"<h4 style=\"margin: 0px;padding: 0px 0px 16px;font-family: Lato, sans-serif;font-weight: bold;line-height: 3rem;color: var(--dark-grey3);font-size: 22px;font-style: normal;letter-spacing: normal;text-align: start;text-indent: 0px;text-transform: none\">Informa\u00e7\u00f5es t\u00e9cnicas<\/h4>\n<p><span style=\"margin: 0px;padding: 0px;font-weight: 450;font-size: 14px;line-height: 21px;color: var(--dark-grey2);font-family: Lato, sans-serif;font-style: normal;letter-spacing: normal;text-align: start;text-indent: 0px;text-transform: none\">Produto: Lampi\u00e3o<br \/>\nMarca: Brasfort<br \/>\nTipo: Retr\u00e1til<br \/>\nMaterial: Corpo em pl\u00e1stico ABS com lente cromada                                                                                                            Cor: Vermelho e preto<br \/>\nAlimenta\u00e7\u00e3o: 3 pilhas AA (n\u00e3o inclusas)<br \/>\nCaracter\u00edsticas: LED, Ilumina\u00e7\u00e3o omnidirecional, al\u00e7as para transporte<br \/>\nItens inclusos: 1 Lampi\u00e3o<br \/>\nDimens\u00f5es do produto (A X L X P): 14,5 x 9 x 9,5cm<br \/>\nPeso: 345g                                                                                                                                                                       Garantia: 1 ano<\/span><\/p>\n","protected":false},"featured_media":8526,"template":"","meta":{"_joinchat":[]},"product_brand":[],"product_cat":[145],"product_tag":[],"class_list":{"0":"post-8463","1":"product","2":"type-product","3":"status-publish","4":"has-post-thumbnail","6":"product_cat-leds-comerciais","8":"first","9":"instock","10":"shipping-taxable","11":"purchasable","12":"product-type-simple"},"_links":{"self":[{"href":"https:\/\/www.multicasa.com.br\/inicio\/wp-json\/wp\/v2\/product\/8463","targetHints":{"allow":["GET"]}}],"collection":[{"href":"https:\/\/www.multicasa.com.br\/inicio\/wp-json\/wp\/v2\/product"}],"about":[{"href":"https:\/\/www.multicasa.com.br\/inicio\/wp-json\/wp\/v2\/types\/product"}],"wp:featuredmedia":[{"embeddable":true,"href":"https:\/\/www.multicasa.com.br\/inicio\/wp-json\/wp\/v2\/media\/8526"}],"wp:attachment":[{"href":"https:\/\/www.multicasa.com.br\/inicio\/wp-json\/wp\/v2\/media?parent=8463"}],"wp:term":[{"taxonomy":"product_brand","embeddable":true,"href":"https:\/\/www.multicasa.com.br\/inicio\/wp-json\/wp\/v2\/product_brand?post=8463"},{"taxonomy":"product_cat","embeddable":true,"href":"https:\/\/www.multicasa.com.br\/inicio\/wp-json\/wp\/v2\/product_cat?post=8463"},{"taxonomy":"product_tag","embeddable":true,"href":"https:\/\/www.multicasa.com.br\/inicio\/wp-json\/wp\/v2\/product_tag?post=8463"}],"curies":[{"name":"wp","href":"https:\/\/api.w.org\/{rel}","templated":true}]}}