{"id":8465,"date":"2025-06-20T17:33:20","date_gmt":"2025-06-20T21:33:20","guid":{"rendered":"https:\/\/www.multicasa.com.br\/inicio\/?post_type=product&#038;p=8465"},"modified":"2025-06-20T17:34:08","modified_gmt":"2025-06-20T21:34:08","slug":"lenco-umedecido-paris-hiperclean-12-unidades","status":"publish","type":"product","link":"https:\/\/www.multicasa.com.br\/inicio\/produto\/lenco-umedecido-paris-hiperclean-12-unidades\/","title":{"rendered":"Len\u00e7o Umedecido Paris Hiperclean 12 unidades"},"content":{"rendered":"<p>Os Len\u00e7os Umedecidos Hiperclean s\u00e3o descart\u00e1veis e t\u00eam um poderoso e eficiente saneante, utilizados para finalizar a limpeza ap\u00f3s o uso de len\u00e7os secos. Seu pacote conta com 12 unidades de aproximadamente 28 x 22cm com fragr\u00e2ncia Paris. Fabricados em fibra sint\u00e9tica, s\u00e3o perfeitos para higienizar madeiras, laminados, vin\u00edlicos, cer\u00e2micos e porcelanatos. Tem como principal qualidade n\u00e3o deixar manchas e secar rapidamente. Perfeito para encaixe em vassoura \/ rodo Hiperclean.<\/p>\n","protected":false},"excerpt":{"rendered":"<h4 style=\"margin: 0px;padding: 0px 0px 16px;font-family: Lato, sans-serif;font-weight: bold;line-height: 3rem;color: var(--dark-grey3);font-size: 22px;font-style: normal;letter-spacing: normal;text-align: start;text-indent: 0px;text-transform: none\">Informa\u00e7\u00f5es t\u00e9cnicas<\/h4>\n<p><span style=\"margin: 0px;padding: 0px;font-weight: 450;font-size: 14px;line-height: 21px;color: var(--dark-grey2);font-family: Lato, sans-serif;font-style: normal;letter-spacing: normal;text-align: start;text-indent: 0px;text-transform: none\">Produto: Len\u00e7o Umedecido<br \/>\nMarca: Hiperclean<br \/>\nMaterial: Fibra sint\u00e9tica<br \/>\npoli\u00e9ster<br \/>\nCor: Branco<br \/>\nCaracter\u00edsticas: Descart\u00e1vel<br \/>\nFragr\u00e2ncia Paris<br \/>\nEncaixe perfeito na vassoura \/ rodo hiperclean<br \/>\nElimina uso de baldes<br \/>\nDensidade 1,5mm<br \/>\nQuantidade de pe\u00e7as: 12<br \/>\nItens Inclusos: 12 len\u00e7os<br \/>\nDimens\u00f5es do produto (A X L): 28 x 22cm<\/span><\/p>\n","protected":false},"featured_media":8540,"template":"","meta":{"_joinchat":[]},"product_brand":[],"product_cat":[96],"product_tag":[],"class_list":{"0":"post-8465","1":"product","2":"type-product","3":"status-publish","4":"has-post-thumbnail","6":"product_cat-limpeza-e-cia","8":"first","9":"outofstock","10":"shipping-taxable","11":"product-type-simple"},"_links":{"self":[{"href":"https:\/\/www.multicasa.com.br\/inicio\/wp-json\/wp\/v2\/product\/8465","targetHints":{"allow":["GET"]}}],"collection":[{"href":"https:\/\/www.multicasa.com.br\/inicio\/wp-json\/wp\/v2\/product"}],"about":[{"href":"https:\/\/www.multicasa.com.br\/inicio\/wp-json\/wp\/v2\/types\/product"}],"wp:featuredmedia":[{"embeddable":true,"href":"https:\/\/www.multicasa.com.br\/inicio\/wp-json\/wp\/v2\/media\/8540"}],"wp:attachment":[{"href":"https:\/\/www.multicasa.com.br\/inicio\/wp-json\/wp\/v2\/media?parent=8465"}],"wp:term":[{"taxonomy":"product_brand","embeddable":true,"href":"https:\/\/www.multicasa.com.br\/inicio\/wp-json\/wp\/v2\/product_brand?post=8465"},{"taxonomy":"product_cat","embeddable":true,"href":"https:\/\/www.multicasa.com.br\/inicio\/wp-json\/wp\/v2\/product_cat?post=8465"},{"taxonomy":"product_tag","embeddable":true,"href":"https:\/\/www.multicasa.com.br\/inicio\/wp-json\/wp\/v2\/product_tag?post=8465"}],"curies":[{"name":"wp","href":"https:\/\/api.w.org\/{rel}","templated":true}]}}