{"id":8466,"date":"2025-06-20T17:33:20","date_gmt":"2025-06-20T21:33:20","guid":{"rendered":"https:\/\/www.multicasa.com.br\/inicio\/?post_type=product&#038;p=8466"},"modified":"2025-06-20T17:34:09","modified_gmt":"2025-06-20T21:34:09","slug":"limpa-maquina-mon-bijou-80-g","status":"publish","type":"product","link":"https:\/\/www.multicasa.com.br\/inicio\/produto\/limpa-maquina-mon-bijou-80-g\/","title":{"rendered":"Limpa M\u00e1quina Mon Bijou 80 g"},"content":{"rendered":"<p>A dificuldade para higienizar sua m\u00e1quina de lavar acabou. Experimente o detergente Limpa M\u00e1quina Mon Bijou da Bombril, totalmente sem cloro, para remover res\u00edduos, fiapos ou tecidos que ficam no interior do seu eletrodom\u00e9stico. Foi feito para combater o mau odor, limpar lugares de dif\u00edcil acesso e deixar um leve aroma de limpeza e frescor. Chega de sofrer na hora da limpeza pesada.<\/p>\n","protected":false},"excerpt":{"rendered":"<h4 style=\"margin: 0px;padding: 0px 0px 16px;font-family: Lato, sans-serif;font-weight: bold;line-height: 3rem;color: var(--dark-grey3);font-size: 22px;font-style: normal;letter-spacing: normal;text-align: start;text-indent: 0px;text-transform: none\">Informa\u00e7\u00f5es t\u00e9cnicas<\/h4>\n<p><span style=\"margin: 0px;padding: 0px;font-weight: 450;font-size: 14px;line-height: 21px;color: var(--dark-grey2);font-family: Lato, sans-serif;font-style: normal;letter-spacing: normal;text-align: start;text-indent: 0px;text-transform: none\">Produto: Limpa m\u00e1quina<br \/>\nMarca: Bombril<br \/>\nUso Indicado: Limpeza de m\u00e1quina de lavar<br \/>\nConte\u00fado: 80g<br \/>\nCaracter\u00edsticas: Sem cloro<br \/>\nLimpa lugares dif\u00edceis<br \/>\nCombate maus odores<br \/>\nDose \u00fanica<br \/>\nItens inclusos: 1 limpa m\u00e1quina<br \/>\nDimens\u00f5es do produto (A x L): 14,5 x 11cm<br \/>\n<\/span><\/p>\n","protected":false},"featured_media":8542,"template":"","meta":{"_joinchat":[]},"product_brand":[],"product_cat":[96],"product_tag":[],"class_list":{"0":"post-8466","1":"product","2":"type-product","3":"status-publish","4":"has-post-thumbnail","6":"product_cat-limpeza-e-cia","8":"first","9":"outofstock","10":"shipping-taxable","11":"product-type-simple"},"_links":{"self":[{"href":"https:\/\/www.multicasa.com.br\/inicio\/wp-json\/wp\/v2\/product\/8466","targetHints":{"allow":["GET"]}}],"collection":[{"href":"https:\/\/www.multicasa.com.br\/inicio\/wp-json\/wp\/v2\/product"}],"about":[{"href":"https:\/\/www.multicasa.com.br\/inicio\/wp-json\/wp\/v2\/types\/product"}],"wp:featuredmedia":[{"embeddable":true,"href":"https:\/\/www.multicasa.com.br\/inicio\/wp-json\/wp\/v2\/media\/8542"}],"wp:attachment":[{"href":"https:\/\/www.multicasa.com.br\/inicio\/wp-json\/wp\/v2\/media?parent=8466"}],"wp:term":[{"taxonomy":"product_brand","embeddable":true,"href":"https:\/\/www.multicasa.com.br\/inicio\/wp-json\/wp\/v2\/product_brand?post=8466"},{"taxonomy":"product_cat","embeddable":true,"href":"https:\/\/www.multicasa.com.br\/inicio\/wp-json\/wp\/v2\/product_cat?post=8466"},{"taxonomy":"product_tag","embeddable":true,"href":"https:\/\/www.multicasa.com.br\/inicio\/wp-json\/wp\/v2\/product_tag?post=8466"}],"curies":[{"name":"wp","href":"https:\/\/api.w.org\/{rel}","templated":true}]}}