{"id":8467,"date":"2025-06-20T17:33:20","date_gmt":"2025-06-20T21:33:20","guid":{"rendered":"https:\/\/www.multicasa.com.br\/inicio\/?post_type=product&#038;p=8467"},"modified":"2025-06-20T17:34:10","modified_gmt":"2025-06-20T21:34:10","slug":"limpa-fossa-fossaklink-bio-brasil-4-doses-50-g","status":"publish","type":"product","link":"https:\/\/www.multicasa.com.br\/inicio\/produto\/limpa-fossa-fossaklink-bio-brasil-4-doses-50-g\/","title":{"rendered":"Limpa Fossa Fossaklink Bio Brasil 4 doses 50 g"},"content":{"rendered":"<p>Use o Limpa Fossa Fossaklin da Bio Brasil para realizar a biodegrada\u00e7\u00e3o de res\u00edduos org\u00e2nicos que v\u00eam dos vasos sanit\u00e1rios e se acumulam na tubula\u00e7\u00e3o. Eficiente no desentupimento, na elimina\u00e7\u00e3o de mau cheiro e evitando o transbordamento da sua bacia. Aplique diretamente no vaso sanit\u00e1rio e resolva qualquer imprevisto. Esta embalagem cont\u00e9m 4 doses de 50 gramas cada.<\/p>\n","protected":false},"excerpt":{"rendered":"<h4 style=\"margin: 0px;padding: 0px 0px 16px;font-family: Lato, sans-serif;font-weight: bold;line-height: 3rem;color: var(--dark-grey3);font-size: 22px;font-style: normal;letter-spacing: normal;text-align: start;text-indent: 0px;text-transform: none\">Informa\u00e7\u00f5es t\u00e9cnicas<\/h4>\n<p><span style=\"margin: 0px;padding: 0px;font-weight: 450;font-size: 14px;line-height: 21px;color: var(--dark-grey2);font-family: Lato, sans-serif;font-style: normal;letter-spacing: normal;text-align: start;text-indent: 0px;text-transform: none\">Produto: Limpa Fossa<br \/>\nMarca: Bio Brasil<br \/>\nConte\u00fado: 50g<br \/>\nCaracter\u00edsticas: Cont\u00e9m 4 doses<br \/>\nItens Inclusos: 1 Limpa fossa<br \/>\nDimens\u00f5es do produto (A x L): 12 x 15cm<br \/>\n<\/span><\/p>\n","protected":false},"featured_media":8543,"template":"","meta":{"_joinchat":[]},"product_brand":[],"product_cat":[96],"product_tag":[],"class_list":{"0":"post-8467","1":"product","2":"type-product","3":"status-publish","4":"has-post-thumbnail","6":"product_cat-limpeza-e-cia","8":"first","9":"outofstock","10":"shipping-taxable","11":"product-type-simple"},"_links":{"self":[{"href":"https:\/\/www.multicasa.com.br\/inicio\/wp-json\/wp\/v2\/product\/8467","targetHints":{"allow":["GET"]}}],"collection":[{"href":"https:\/\/www.multicasa.com.br\/inicio\/wp-json\/wp\/v2\/product"}],"about":[{"href":"https:\/\/www.multicasa.com.br\/inicio\/wp-json\/wp\/v2\/types\/product"}],"wp:featuredmedia":[{"embeddable":true,"href":"https:\/\/www.multicasa.com.br\/inicio\/wp-json\/wp\/v2\/media\/8543"}],"wp:attachment":[{"href":"https:\/\/www.multicasa.com.br\/inicio\/wp-json\/wp\/v2\/media?parent=8467"}],"wp:term":[{"taxonomy":"product_brand","embeddable":true,"href":"https:\/\/www.multicasa.com.br\/inicio\/wp-json\/wp\/v2\/product_brand?post=8467"},{"taxonomy":"product_cat","embeddable":true,"href":"https:\/\/www.multicasa.com.br\/inicio\/wp-json\/wp\/v2\/product_cat?post=8467"},{"taxonomy":"product_tag","embeddable":true,"href":"https:\/\/www.multicasa.com.br\/inicio\/wp-json\/wp\/v2\/product_tag?post=8467"}],"curies":[{"name":"wp","href":"https:\/\/api.w.org\/{rel}","templated":true}]}}