{"id":8468,"date":"2025-06-20T17:33:20","date_gmt":"2025-06-20T21:33:20","guid":{"rendered":"https:\/\/www.multicasa.com.br\/inicio\/?post_type=product&#038;p=8468"},"modified":"2025-06-20T17:34:11","modified_gmt":"2025-06-20T21:34:11","slug":"limpa-ferro-de-passar-mon-bijou-100ml","status":"publish","type":"product","link":"https:\/\/www.multicasa.com.br\/inicio\/produto\/limpa-ferro-de-passar-mon-bijou-100ml\/","title":{"rendered":"Limpa Ferro de Passar Mon Bijou 100ml"},"content":{"rendered":"<p>Use o Limpa Ferro de Passar Mon Bijou da Bombril para remover e prevenir o ac\u00famulo de sujeiras na base do seu ferro e evitar as manchas nas roupas na hora de passar. Com bico dosador, o detergente limpa ferro pode ser utilizado em qualquer tipo de base. Para limpeza externa e interna do seu eletro, diluindo e inserindo no reservat\u00f3rio de \u00e1gua. Por deixar a base limpinha e livre de sujeiras, proporciona um deslizar mais macio.<\/p>\n","protected":false},"excerpt":{"rendered":"<h4 style=\"margin: 0px;padding: 0px 0px 16px;font-family: Lato, sans-serif;font-weight: bold;line-height: 3rem;color: var(--dark-grey3);font-size: 22px;font-style: normal;letter-spacing: normal;text-align: start;text-indent: 0px;text-transform: none\">Informa\u00e7\u00f5es t\u00e9cnicas<\/h4>\n<p><span style=\"margin: 0px;padding: 0px;font-weight: 450;font-size: 14px;line-height: 21px;color: var(--dark-grey2);font-family: Lato, sans-serif;font-style: normal;letter-spacing: normal;text-align: start;text-indent: 0px;text-transform: none\">Produto: Limpa Ferro de Passar<br \/>\nMarca: Mon Bijou<br \/>\nConte\u00fado: 100ml<br \/>\nCaracter\u00edsticas: Possui bico dosador<br \/>\nDiluir na \u00e1gua do reservat\u00f3rio do ferro<br \/>\nProporciona deslizar mais macio<br \/>\nItens Inclusos: 1 Limpa ferro de passar<br \/>\nDimens\u00f5es do produto (A x L x P): 14,3 x 6cm<\/p>\n<p><\/span><\/p>\n","protected":false},"featured_media":8544,"template":"","meta":{"_joinchat":[]},"product_brand":[],"product_cat":[96],"product_tag":[],"class_list":{"0":"post-8468","1":"product","2":"type-product","3":"status-publish","4":"has-post-thumbnail","6":"product_cat-limpeza-e-cia","8":"first","9":"outofstock","10":"shipping-taxable","11":"product-type-simple"},"_links":{"self":[{"href":"https:\/\/www.multicasa.com.br\/inicio\/wp-json\/wp\/v2\/product\/8468","targetHints":{"allow":["GET"]}}],"collection":[{"href":"https:\/\/www.multicasa.com.br\/inicio\/wp-json\/wp\/v2\/product"}],"about":[{"href":"https:\/\/www.multicasa.com.br\/inicio\/wp-json\/wp\/v2\/types\/product"}],"wp:featuredmedia":[{"embeddable":true,"href":"https:\/\/www.multicasa.com.br\/inicio\/wp-json\/wp\/v2\/media\/8544"}],"wp:attachment":[{"href":"https:\/\/www.multicasa.com.br\/inicio\/wp-json\/wp\/v2\/media?parent=8468"}],"wp:term":[{"taxonomy":"product_brand","embeddable":true,"href":"https:\/\/www.multicasa.com.br\/inicio\/wp-json\/wp\/v2\/product_brand?post=8468"},{"taxonomy":"product_cat","embeddable":true,"href":"https:\/\/www.multicasa.com.br\/inicio\/wp-json\/wp\/v2\/product_cat?post=8468"},{"taxonomy":"product_tag","embeddable":true,"href":"https:\/\/www.multicasa.com.br\/inicio\/wp-json\/wp\/v2\/product_tag?post=8468"}],"curies":[{"name":"wp","href":"https:\/\/api.w.org\/{rel}","templated":true}]}}