{"id":8469,"date":"2025-06-20T17:33:20","date_gmt":"2025-06-20T21:33:20","guid":{"rendered":"https:\/\/www.multicasa.com.br\/inicio\/?post_type=product&#038;p=8469"},"modified":"2026-03-31T17:00:17","modified_gmt":"2026-03-31T21:00:17","slug":"limpa-aluminio-sapolio-radium-250ml","status":"publish","type":"product","link":"https:\/\/www.multicasa.com.br\/inicio\/produto\/limpa-aluminio-sapolio-radium-250ml\/","title":{"rendered":"Limpa Alum\u00ednio Sap\u00f3lio Radium 250ml"},"content":{"rendered":"<p>Panelas e utens\u00edlios sempre brilhando? Com o Limpa Alum\u00ednio Sap\u00f3lio Radium isso \u00e9 poss\u00edvel. Use o limpa alum\u00ednio para renovar e manter o brilho original de toda a sua cozinha sem precisar esfregar e arear. O Sap\u00f3lio possui abrasividade moderada e age na elimina\u00e7\u00e3o da sujeira e da gordura, sendo indicado para limpar assadeiras, formas de bolo, metais, m\u00e1rmore e granito, pisos e azulejos e outros objetos em alum\u00ednio. N\u00e3o risca e deixa tudo brilhando.<\/p>\n","protected":false},"excerpt":{"rendered":"<h4 style=\"margin: 0px;padding: 0px 0px 16px;font-family: Lato, sans-serif;font-weight: bold;line-height: 3rem;color: var(--dark-grey3);font-size: 22px;font-style: normal;letter-spacing: normal;text-align: start;text-indent: 0px;text-transform: none\">Informa\u00e7\u00f5es t\u00e9cnicas<\/h4>\n<p><span style=\"margin: 0px;padding: 0px;font-weight: 450;font-size: 14px;line-height: 21px;color: var(--dark-grey2);font-family: Lato, sans-serif;font-style: normal;letter-spacing: normal;text-align: start;text-indent: 0px;text-transform: none\">Produto: Limpa Alum\u00ednio<br \/>\nMarca: Bombril<br \/>\nConte\u00fado: 250ml<br \/>\nCaracter\u00edsticas: Pode ser utilizado dentro de casa e fora de casa<br \/>\nUso Indicado: Metais, m\u00e1rmores, granitos, pisos e azulejos<br \/>\nItens Inclusos: 1 Limpa alum\u00ednio<br \/>\nDimens\u00f5es do produto (A x L): 21,5 x 6,5cm<br \/>\n<\/span><\/p>\n","protected":false},"featured_media":8545,"template":"","meta":{"_joinchat":[]},"product_brand":[],"product_cat":[96],"product_tag":[],"class_list":{"0":"post-8469","1":"product","2":"type-product","3":"status-publish","4":"has-post-thumbnail","6":"product_cat-limpeza-e-cia","8":"first","9":"instock","10":"shipping-taxable","11":"purchasable","12":"product-type-simple"},"_links":{"self":[{"href":"https:\/\/www.multicasa.com.br\/inicio\/wp-json\/wp\/v2\/product\/8469","targetHints":{"allow":["GET"]}}],"collection":[{"href":"https:\/\/www.multicasa.com.br\/inicio\/wp-json\/wp\/v2\/product"}],"about":[{"href":"https:\/\/www.multicasa.com.br\/inicio\/wp-json\/wp\/v2\/types\/product"}],"wp:featuredmedia":[{"embeddable":true,"href":"https:\/\/www.multicasa.com.br\/inicio\/wp-json\/wp\/v2\/media\/8545"}],"wp:attachment":[{"href":"https:\/\/www.multicasa.com.br\/inicio\/wp-json\/wp\/v2\/media?parent=8469"}],"wp:term":[{"taxonomy":"product_brand","embeddable":true,"href":"https:\/\/www.multicasa.com.br\/inicio\/wp-json\/wp\/v2\/product_brand?post=8469"},{"taxonomy":"product_cat","embeddable":true,"href":"https:\/\/www.multicasa.com.br\/inicio\/wp-json\/wp\/v2\/product_cat?post=8469"},{"taxonomy":"product_tag","embeddable":true,"href":"https:\/\/www.multicasa.com.br\/inicio\/wp-json\/wp\/v2\/product_tag?post=8469"}],"curies":[{"name":"wp","href":"https:\/\/api.w.org\/{rel}","templated":true}]}}