{"id":8472,"date":"2025-06-20T17:33:20","date_gmt":"2025-06-20T21:33:20","guid":{"rendered":"https:\/\/www.multicasa.com.br\/inicio\/?post_type=product&#038;p=8472"},"modified":"2025-12-20T10:30:22","modified_gmt":"2025-12-20T14:30:22","slug":"limpa-vidro-concentrado-duratto-500ml","status":"publish","type":"product","link":"https:\/\/www.multicasa.com.br\/inicio\/produto\/limpa-vidro-concentrado-duratto-500ml\/","title":{"rendered":"Limpa Vidro Concentrado Duratto 500ml"},"content":{"rendered":"<p>O Limpa Vidro Concentrado com 500ml da Duratto \u00e9 um poderoso detergente limpador de vidros. Ideal para limpeza de vitrines comerciais, fachadas de pr\u00e9dios, ou at\u00e9 mesmo para usar em casa na limpeza di\u00e1ria dos vidros. Produto que dispensa o enx\u00e1gue com \u00e1gua e n\u00e3o deixa res\u00edduos e manchas de \u00e1gua. Rende at\u00e9 10 frascos de 500ml convencionais, quando dilu\u00eddo menos se torna ideal para limpeza p\u00f3s-obra, onde se tem muita sujeira de vidraceiro.<br \/>\nO produto porduz baixa espuma e rende at\u00e9 250 metros quadrados ou 2, 5 litros. Deixe a limpeza mais f\u00e1cil e sem esfor\u00e7os, item essencial para a casa!<\/p>\n","protected":false},"excerpt":{"rendered":"<h4 style=\"margin: 0px;padding: 0px 0px 16px;font-family: Lato, sans-serif;font-weight: bold;line-height: 3rem;color: var(--dark-grey3);font-size: 22px;font-style: normal;letter-spacing: normal;text-align: start;text-indent: 0px;text-transform: none\">Informa\u00e7\u00f5es t\u00e9cnicas<\/h4>\n<p><span style=\"margin: 0px;padding: 0px;font-weight: 450;font-size: 14px;line-height: 21px;color: var(--dark-grey2);font-family: Lato, sans-serif;font-style: normal;letter-spacing: normal;text-align: start;text-indent: 0px;text-transform: none\">Produto: Limpa vidro<br \/>\nMarca: Duratto<br \/>\nUso indicado: Limpeza pesada e remo\u00e7\u00e3o de marcas de vidraceiros, cal e pincel at\u00f4mico<br \/>\nConte\u00fado: 500ml<br \/>\nCaracter\u00edsticas: Remove emba\u00e7ado<br \/>\nLimpeza p\u00f3s obra e di\u00e1ria<br \/>\nRende at\u00e9 250m<br \/>\nProduto de baixa espuma<br \/>\nN\u00e3o deixa res\u00edduos<br \/>\nItens Inclusos: 1 limpa vidro<br \/>\nDimens\u00f5es do produto (A x L): 19,5 x 7cm<br \/>\n<\/span><\/p>\n","protected":false},"featured_media":8548,"template":"","meta":{"_joinchat":[]},"product_brand":[],"product_cat":[96],"product_tag":[],"class_list":{"0":"post-8472","1":"product","2":"type-product","3":"status-publish","4":"has-post-thumbnail","6":"product_cat-limpeza-e-cia","8":"first","9":"outofstock","10":"shipping-taxable","11":"purchasable","12":"product-type-simple"},"_links":{"self":[{"href":"https:\/\/www.multicasa.com.br\/inicio\/wp-json\/wp\/v2\/product\/8472","targetHints":{"allow":["GET"]}}],"collection":[{"href":"https:\/\/www.multicasa.com.br\/inicio\/wp-json\/wp\/v2\/product"}],"about":[{"href":"https:\/\/www.multicasa.com.br\/inicio\/wp-json\/wp\/v2\/types\/product"}],"wp:featuredmedia":[{"embeddable":true,"href":"https:\/\/www.multicasa.com.br\/inicio\/wp-json\/wp\/v2\/media\/8548"}],"wp:attachment":[{"href":"https:\/\/www.multicasa.com.br\/inicio\/wp-json\/wp\/v2\/media?parent=8472"}],"wp:term":[{"taxonomy":"product_brand","embeddable":true,"href":"https:\/\/www.multicasa.com.br\/inicio\/wp-json\/wp\/v2\/product_brand?post=8472"},{"taxonomy":"product_cat","embeddable":true,"href":"https:\/\/www.multicasa.com.br\/inicio\/wp-json\/wp\/v2\/product_cat?post=8472"},{"taxonomy":"product_tag","embeddable":true,"href":"https:\/\/www.multicasa.com.br\/inicio\/wp-json\/wp\/v2\/product_tag?post=8472"}],"curies":[{"name":"wp","href":"https:\/\/api.w.org\/{rel}","templated":true}]}}