{"id":8495,"date":"2025-06-20T17:33:42","date_gmt":"2025-06-20T21:33:42","guid":{"rendered":"https:\/\/www.multicasa.com.br\/inicio\/?post_type=product&#038;p=8495"},"modified":"2025-12-27T11:31:38","modified_gmt":"2025-12-27T15:31:38","slug":"limpador-multiuso-eucalipto-coala-120ml","status":"publish","type":"product","link":"https:\/\/www.multicasa.com.br\/inicio\/produto\/limpador-multiuso-eucalipto-coala-120ml\/","title":{"rendered":"Limpador Multiuso Eucalipto Coala 120ml"},"content":{"rendered":"<p>Use o Limpador Multiuso Coala com fragr\u00e2ncia de Eucalipto para limpar e perfumar sua casa, escrit\u00f3rio ou c\u00f4modo. Seu cheiro leve transmite a sensa\u00e7\u00e3o de bem-estar e limpeza em ambientes externos ou internos. Para us\u00e1-lo, basta diluir 10 gotas em 1 litro de \u00e1gua, agitar e utilizar. Sinta a natureza ainda mais pr\u00f3xima de voc\u00ea com este aroma.<\/p>\n","protected":false},"excerpt":{"rendered":"<h4 style=\"margin: 0px;padding: 0px 0px 16px;font-family: Lato, sans-serif;font-weight: bold;line-height: 3rem;color: var(--dark-grey3);font-size: 22px;font-style: normal;letter-spacing: normal;text-align: start;text-indent: 0px;text-transform: none\">Informa\u00e7\u00f5es t\u00e9cnicas<\/h4>\n<p><span style=\"margin: 0px;padding: 0px;font-weight: 450;font-size: 14px;line-height: 21px;color: var(--dark-grey2);font-family: Lato, sans-serif;font-style: normal;letter-spacing: normal;text-align: start;text-indent: 0px;text-transform: none\">Produto: Limpador Multiuso<br \/>\nMarca: Coala<br \/>\nConte\u00fado: 120ml<br \/>\nCaracter\u00edsticas: fragr\u00e2ncia eucalipto, bico dosador<br \/>\nComposi\u00e7\u00e3o: Perfume e \u00e1lcool<br \/>\nItens Inclusos: 1 limpador multiuso<br \/>\nDimens\u00f5es do produto (A x L x P): 15,5 x 6cm<\/span><\/p>\n","protected":false},"featured_media":8549,"template":"","meta":{"_joinchat":[]},"product_brand":[],"product_cat":[96],"product_tag":[],"class_list":{"0":"post-8495","1":"product","2":"type-product","3":"status-publish","4":"has-post-thumbnail","6":"product_cat-limpeza-e-cia","8":"first","9":"instock","10":"shipping-taxable","11":"purchasable","12":"product-type-simple"},"_links":{"self":[{"href":"https:\/\/www.multicasa.com.br\/inicio\/wp-json\/wp\/v2\/product\/8495","targetHints":{"allow":["GET"]}}],"collection":[{"href":"https:\/\/www.multicasa.com.br\/inicio\/wp-json\/wp\/v2\/product"}],"about":[{"href":"https:\/\/www.multicasa.com.br\/inicio\/wp-json\/wp\/v2\/types\/product"}],"wp:featuredmedia":[{"embeddable":true,"href":"https:\/\/www.multicasa.com.br\/inicio\/wp-json\/wp\/v2\/media\/8549"}],"wp:attachment":[{"href":"https:\/\/www.multicasa.com.br\/inicio\/wp-json\/wp\/v2\/media?parent=8495"}],"wp:term":[{"taxonomy":"product_brand","embeddable":true,"href":"https:\/\/www.multicasa.com.br\/inicio\/wp-json\/wp\/v2\/product_brand?post=8495"},{"taxonomy":"product_cat","embeddable":true,"href":"https:\/\/www.multicasa.com.br\/inicio\/wp-json\/wp\/v2\/product_cat?post=8495"},{"taxonomy":"product_tag","embeddable":true,"href":"https:\/\/www.multicasa.com.br\/inicio\/wp-json\/wp\/v2\/product_tag?post=8495"}],"curies":[{"name":"wp","href":"https:\/\/api.w.org\/{rel}","templated":true}]}}