{"id":8498,"date":"2025-06-20T17:33:42","date_gmt":"2025-06-20T21:33:42","guid":{"rendered":"https:\/\/www.multicasa.com.br\/inicio\/?post_type=product&#038;p=8498"},"modified":"2025-12-16T18:23:13","modified_gmt":"2025-12-16T22:23:13","slug":"lixeira-de-plastico-com-tampa-basculante-branca-sanremo-10l","status":"publish","type":"product","link":"https:\/\/www.multicasa.com.br\/inicio\/produto\/lixeira-de-plastico-com-tampa-basculante-branca-sanremo-10l\/","title":{"rendered":"Lixeira de Pl\u00e1stico com Tampa Basculante Branca Sanremo 10L"},"content":{"rendered":"<p>Conhe\u00e7a a Lixeira de Pl\u00e1stico com Tampa Basculante da Arthi para deixar na sua cozinha ou banheiro. O sistema da tampa diminui o seu contato direto com o lixo, possuindo abertura de ambos os lados como num balan\u00e7o. \u00c9 desmont\u00e1vel, o que facilita a limpeza e troca de sacos. Dispon\u00edvel na cor branca, tem capacidade de 10 litros e mede 40, 9 x 23,7 x 17,2 cm.<\/p>\n","protected":false},"excerpt":{"rendered":"<h4 style=\"margin: 0px;padding: 0px 0px 16px;font-family: Lato, sans-serif;font-weight: bold;line-height: 3rem;color: var(--dark-grey3);font-size: 22px;font-style: normal;letter-spacing: normal;text-align: start;text-indent: 0px;text-transform: none\">Informa\u00e7\u00f5es t\u00e9cnicas<\/h4>\n<p><span style=\"margin: 0px;padding: 0px;font-weight: 450;font-size: 14px;line-height: 21px;color: var(--dark-grey2);font-family: Lato, sans-serif;font-style: normal;letter-spacing: normal;text-align: start;text-indent: 0px;text-transform: none\">Produto: Lixeira<br \/>\nMarca: Sanremo<br \/>\nMaterial: Pl\u00e1stico<br \/>\nCor: Branco<br \/>\nCapacidade: 10L<br \/>\nCaracter\u00edsticas: Tampa basculante<br \/>\nItens Inclusos: 1 lixeira<br \/>\nDimens\u00f5es do produto (A x L x P): 40,9 x 23,7 x 17,2cm<br \/>\n<\/span><\/p>\n","protected":false},"featured_media":25465,"template":"","meta":{"_joinchat":[]},"product_brand":[],"product_cat":[99],"product_tag":[],"class_list":{"0":"post-8498","1":"product","2":"type-product","3":"status-publish","4":"has-post-thumbnail","6":"product_cat-lixeiras","8":"first","9":"outofstock","10":"shipping-taxable","11":"purchasable","12":"product-type-simple"},"_links":{"self":[{"href":"https:\/\/www.multicasa.com.br\/inicio\/wp-json\/wp\/v2\/product\/8498","targetHints":{"allow":["GET"]}}],"collection":[{"href":"https:\/\/www.multicasa.com.br\/inicio\/wp-json\/wp\/v2\/product"}],"about":[{"href":"https:\/\/www.multicasa.com.br\/inicio\/wp-json\/wp\/v2\/types\/product"}],"wp:featuredmedia":[{"embeddable":true,"href":"https:\/\/www.multicasa.com.br\/inicio\/wp-json\/wp\/v2\/media\/25465"}],"wp:attachment":[{"href":"https:\/\/www.multicasa.com.br\/inicio\/wp-json\/wp\/v2\/media?parent=8498"}],"wp:term":[{"taxonomy":"product_brand","embeddable":true,"href":"https:\/\/www.multicasa.com.br\/inicio\/wp-json\/wp\/v2\/product_brand?post=8498"},{"taxonomy":"product_cat","embeddable":true,"href":"https:\/\/www.multicasa.com.br\/inicio\/wp-json\/wp\/v2\/product_cat?post=8498"},{"taxonomy":"product_tag","embeddable":true,"href":"https:\/\/www.multicasa.com.br\/inicio\/wp-json\/wp\/v2\/product_tag?post=8498"}],"curies":[{"name":"wp","href":"https:\/\/api.w.org\/{rel}","templated":true}]}}