{"id":8499,"date":"2025-06-20T17:33:42","date_gmt":"2025-06-20T21:33:42","guid":{"rendered":"https:\/\/www.multicasa.com.br\/inicio\/?post_type=product&#038;p=8499"},"modified":"2025-06-23T10:17:34","modified_gmt":"2025-06-23T14:17:34","slug":"lixeira-de-plastico-com-tampa-branca-para-pia-acrylic-25l","status":"publish","type":"product","link":"https:\/\/www.multicasa.com.br\/inicio\/produto\/lixeira-de-plastico-com-tampa-branca-para-pia-acrylic-25l\/","title":{"rendered":"Lixeira de Pl\u00e1stico com Tampa Branca para Pia Acrylic 2,5L"},"content":{"rendered":"<p>Lixeira Pl\u00e1stica Acrylic com capacidade de 2,5L, produzida em pl\u00e1stico de qualidade e com design cl\u00e1ssico na cor branco que combina com qualquer estilo de cozinha. Deixe seu ambiente mais organizado e limpo!<\/p>\n","protected":false},"excerpt":{"rendered":"<h4 style=\"margin: 0px;padding: 0px 0px 16px;font-family: Lato, sans-serif;font-weight: bold;line-height: 3rem;color: var(--dark-grey3);font-size: 22px;font-style: normal;letter-spacing: normal;text-align: start;text-indent: 0px;text-transform: none\">Informa\u00e7\u00f5es t\u00e9cnicas<\/h4>\n<p><span style=\"margin: 0px;padding: 0px;font-weight: 450;font-size: 14px;line-height: 21px;color: var(--dark-grey2);font-family: Lato, sans-serif;font-style: normal;letter-spacing: normal;text-align: start;text-indent: 0px;text-transform: none\">Produto: Lixeira<br \/>\nMarca: Acrylic<br \/>\nMaterial: Pl\u00e1stico<br \/>\nCor: Branco<br \/>\nCapacidade: 2,5L<br \/>\nCaracter\u00edsticas: Possui tampa<br \/>\nItens Inclusos: 1 lixeira<br \/>\nDimens\u00f5es do produto (A x L): 18 x 18,5cm<br \/>\n<\/span><\/p>\n","protected":false},"featured_media":25466,"template":"","meta":{"_joinchat":[]},"product_brand":[],"product_cat":[99],"product_tag":[],"class_list":{"0":"post-8499","1":"product","2":"type-product","3":"status-publish","4":"has-post-thumbnail","6":"product_cat-lixeiras","8":"first","9":"outofstock","10":"shipping-taxable","11":"product-type-simple"},"_links":{"self":[{"href":"https:\/\/www.multicasa.com.br\/inicio\/wp-json\/wp\/v2\/product\/8499","targetHints":{"allow":["GET"]}}],"collection":[{"href":"https:\/\/www.multicasa.com.br\/inicio\/wp-json\/wp\/v2\/product"}],"about":[{"href":"https:\/\/www.multicasa.com.br\/inicio\/wp-json\/wp\/v2\/types\/product"}],"wp:featuredmedia":[{"embeddable":true,"href":"https:\/\/www.multicasa.com.br\/inicio\/wp-json\/wp\/v2\/media\/25466"}],"wp:attachment":[{"href":"https:\/\/www.multicasa.com.br\/inicio\/wp-json\/wp\/v2\/media?parent=8499"}],"wp:term":[{"taxonomy":"product_brand","embeddable":true,"href":"https:\/\/www.multicasa.com.br\/inicio\/wp-json\/wp\/v2\/product_brand?post=8499"},{"taxonomy":"product_cat","embeddable":true,"href":"https:\/\/www.multicasa.com.br\/inicio\/wp-json\/wp\/v2\/product_cat?post=8499"},{"taxonomy":"product_tag","embeddable":true,"href":"https:\/\/www.multicasa.com.br\/inicio\/wp-json\/wp\/v2\/product_tag?post=8499"}],"curies":[{"name":"wp","href":"https:\/\/api.w.org\/{rel}","templated":true}]}}