{"id":8500,"date":"2025-06-20T17:33:42","date_gmt":"2025-06-20T21:33:42","guid":{"rendered":"https:\/\/www.multicasa.com.br\/inicio\/?post_type=product&#038;p=8500"},"modified":"2025-08-17T18:59:57","modified_gmt":"2025-08-17T22:59:57","slug":"lixeira-de-plastico-texturizada-com-tampa-e-pedal-branca-nitronplast-6l","status":"publish","type":"product","link":"https:\/\/www.multicasa.com.br\/inicio\/produto\/lixeira-de-plastico-texturizada-com-tampa-e-pedal-branca-nitronplast-6l\/","title":{"rendered":"Lixeira de Pl\u00e1stico Texturizada com Tampa e Pedal Branca Nitronplast 6L"},"content":{"rendered":"<p>A Lixeira Pl\u00e1stica Nitronplast \u00e9 fabricada em polipropileno, na cor branco e com textura tipo rattan, que vai deixar o ambiente de sua escolha ainda mais moderno. Possui 6 litros de capacidade e conta com pedal para a abertura da tampa que serve para evitar o contato direto com o lixo, trazendo maior higiene aos seus usu\u00e1rios.<br \/>\nLixeira diferenciada e com design moderno que combina com qualquer ambiente!<\/p>\n","protected":false},"excerpt":{"rendered":"<h4 style=\"margin: 0px;padding: 0px 0px 16px;font-family: Lato, sans-serif;font-weight: bold;line-height: 3rem;color: var(--dark-grey3);font-size: 22px;font-style: normal;letter-spacing: normal;text-align: start;text-indent: 0px;text-transform: none\">Informa\u00e7\u00f5es t\u00e9cnicas<\/h4>\n<p><span style=\"margin: 0px;padding: 0px;font-weight: 450;font-size: 14px;line-height: 21px;color: var(--dark-grey2);font-family: Lato, sans-serif;font-style: normal;letter-spacing: normal;text-align: start;text-indent: 0px;text-transform: none\">Produto: Lixeira<br \/>\nMarca: Nitronplast<br \/>\nMaterial: Polipropileno<br \/>\nCor: Branco<br \/>\nCapacidade: 6L<br \/>\nCaracter\u00edsticas: Possui pedal<br \/>\nPossui textura<br \/>\nItens Inclusos: 1 lixeira<br \/>\nDimens\u00f5es do produto (A x L x P): 26 x 23,5 x 20,8cm<\/span><\/p>\n","protected":false},"featured_media":8573,"template":"","meta":{"_joinchat":[]},"product_brand":[],"product_cat":[99],"product_tag":[],"class_list":{"0":"post-8500","1":"product","2":"type-product","3":"status-publish","4":"has-post-thumbnail","6":"product_cat-lixeiras","8":"first","9":"outofstock","10":"shipping-taxable","11":"purchasable","12":"product-type-simple"},"_links":{"self":[{"href":"https:\/\/www.multicasa.com.br\/inicio\/wp-json\/wp\/v2\/product\/8500","targetHints":{"allow":["GET"]}}],"collection":[{"href":"https:\/\/www.multicasa.com.br\/inicio\/wp-json\/wp\/v2\/product"}],"about":[{"href":"https:\/\/www.multicasa.com.br\/inicio\/wp-json\/wp\/v2\/types\/product"}],"wp:featuredmedia":[{"embeddable":true,"href":"https:\/\/www.multicasa.com.br\/inicio\/wp-json\/wp\/v2\/media\/8573"}],"wp:attachment":[{"href":"https:\/\/www.multicasa.com.br\/inicio\/wp-json\/wp\/v2\/media?parent=8500"}],"wp:term":[{"taxonomy":"product_brand","embeddable":true,"href":"https:\/\/www.multicasa.com.br\/inicio\/wp-json\/wp\/v2\/product_brand?post=8500"},{"taxonomy":"product_cat","embeddable":true,"href":"https:\/\/www.multicasa.com.br\/inicio\/wp-json\/wp\/v2\/product_cat?post=8500"},{"taxonomy":"product_tag","embeddable":true,"href":"https:\/\/www.multicasa.com.br\/inicio\/wp-json\/wp\/v2\/product_tag?post=8500"}],"curies":[{"name":"wp","href":"https:\/\/api.w.org\/{rel}","templated":true}]}}