{"id":8504,"date":"2025-06-20T17:33:43","date_gmt":"2025-06-20T21:33:43","guid":{"rendered":"https:\/\/www.multicasa.com.br\/inicio\/?post_type=product&#038;p=8504"},"modified":"2025-06-20T17:34:38","modified_gmt":"2025-06-20T21:34:38","slug":"luminaria-led-noturna-gatinhos-key-west-bivolt","status":"publish","type":"product","link":"https:\/\/www.multicasa.com.br\/inicio\/produto\/luminaria-led-noturna-gatinhos-key-west-bivolt\/","title":{"rendered":"Lumin\u00e1ria Led Noturna Gatinhos Key West Bivolt"},"content":{"rendered":"<p>A Lumin\u00e1ria Led Noturna Gatinhos Key West \u00e9 compacta e possui um design fino e elegante. Bivolt, com pot\u00eancia de 0,7w, proporciona excelente ilumina\u00e7\u00e3o e economia ao mesmo tempo. Possui 1 Led de alto brilho com sistema de fotoc\u00e9lula que acende automaticamente ao escurecer e desliga ao clarear, \u00e9 encaixada diretamente na tomada, evitando o uso de qualquer tipo de fia\u00e7\u00e3o.<\/p>\n","protected":false},"excerpt":{"rendered":"<h4 style=\"margin: 0px;padding: 0px 0px 16px;font-family: Lato, sans-serif;font-weight: bold;line-height: 3rem;color: var(--dark-grey3);font-size: 22px;font-style: normal;letter-spacing: normal;text-align: start;text-indent: 0px;text-transform: none\">Informa\u00e7\u00f5es t\u00e9cnicas<\/h4>\n<p><span style=\"margin: 0px;padding: 0px;font-weight: 450;font-size: 14px;line-height: 21px;color: var(--dark-grey2);font-family: Lato, sans-serif;font-style: normal;letter-spacing: normal;text-align: start;text-indent: 0px;text-transform: none\">Produto: Lumin\u00e1ria Noturna<br \/>\nMarca: Keywest<br \/>\nMaterial: Pl\u00e1stico<br \/>\nCor: Branco e Transparente<br \/>\nPot\u00eancia: 0,7w<br \/>\nTens\u00e3o el\u00e9trica: 127v &#8211; 220v<br \/>\nCaracter\u00edsticas: Formato de Gatinhos<br \/>\n1 led de alto brilho<br \/>\nPossui sensor fotoc\u00e9lula<br \/>\nBaixo consumo<br \/>\nItens Inclusos: 1 Lumin\u00e1ria Noturna<br \/>\nDimens\u00f5es do produto (A X L X P): 5 x 12 x 6,5cm<br \/>\n<\/span><\/p>\n","protected":false},"featured_media":8581,"template":"","meta":{"_joinchat":[]},"product_brand":[],"product_cat":[79],"product_tag":[],"class_list":{"0":"post-8504","1":"product","2":"type-product","3":"status-publish","4":"has-post-thumbnail","6":"product_cat-iluminacao-decorativa","8":"first","9":"outofstock","10":"shipping-taxable","11":"product-type-simple"},"_links":{"self":[{"href":"https:\/\/www.multicasa.com.br\/inicio\/wp-json\/wp\/v2\/product\/8504","targetHints":{"allow":["GET"]}}],"collection":[{"href":"https:\/\/www.multicasa.com.br\/inicio\/wp-json\/wp\/v2\/product"}],"about":[{"href":"https:\/\/www.multicasa.com.br\/inicio\/wp-json\/wp\/v2\/types\/product"}],"wp:featuredmedia":[{"embeddable":true,"href":"https:\/\/www.multicasa.com.br\/inicio\/wp-json\/wp\/v2\/media\/8581"}],"wp:attachment":[{"href":"https:\/\/www.multicasa.com.br\/inicio\/wp-json\/wp\/v2\/media?parent=8504"}],"wp:term":[{"taxonomy":"product_brand","embeddable":true,"href":"https:\/\/www.multicasa.com.br\/inicio\/wp-json\/wp\/v2\/product_brand?post=8504"},{"taxonomy":"product_cat","embeddable":true,"href":"https:\/\/www.multicasa.com.br\/inicio\/wp-json\/wp\/v2\/product_cat?post=8504"},{"taxonomy":"product_tag","embeddable":true,"href":"https:\/\/www.multicasa.com.br\/inicio\/wp-json\/wp\/v2\/product_tag?post=8504"}],"curies":[{"name":"wp","href":"https:\/\/api.w.org\/{rel}","templated":true}]}}