{"id":8507,"date":"2025-06-20T17:33:43","date_gmt":"2025-06-20T21:33:43","guid":{"rendered":"https:\/\/www.multicasa.com.br\/inicio\/?post_type=product&#038;p=8507"},"modified":"2026-04-10T08:00:17","modified_gmt":"2026-04-10T12:00:17","slug":"luva-de-correr-para-tubo-soldavel-em-pvc-marrom-25mm-tigre","status":"publish","type":"product","link":"https:\/\/www.multicasa.com.br\/inicio\/produto\/luva-de-correr-para-tubo-soldavel-em-pvc-marrom-25mm-tigre\/","title":{"rendered":"Luva de Correr para Tubo Sold\u00e1vel em PVC Marrom 25mm Tigre"},"content":{"rendered":"<p>A Luva de Correr para Tubo Sold\u00e1vel Tigre \u00e9 ideal para resolver problemas de rachaduras, furos ou vazamentos que ocorrem em pontos da tubula\u00e7\u00e3o. Em PVC marrom com bitola de 25 mm, possui press\u00e3o m\u00e1xima de servi\u00e7o de 7,5KGF\/CM. Dispensa o uso de adesivos ou roscas, pois, possuem an\u00e9is de borracha, podendo receber press\u00e3o hidrost\u00e1tica imediatamente ap\u00f3s a sua instala\u00e7\u00e3o.<\/p>\n","protected":false},"excerpt":{"rendered":"<h4 style=\"margin: 0px;padding: 0px 0px 16px;font-family: Lato, sans-serif;font-weight: bold;line-height: 3rem;color: var(--dark-grey3);font-size: 22px;font-style: normal;letter-spacing: normal;text-align: start;text-indent: 0px;text-transform: none\">Informa\u00e7\u00f5es t\u00e9cnicas<\/h4>\n<p><span style=\"margin: 0px;padding: 0px;font-weight: 450;font-size: 14px;line-height: 21px;color: var(--dark-grey2);font-family: Lato, sans-serif;font-style: normal;letter-spacing: normal;text-align: start;text-indent: 0px;text-transform: none\">Produto: Luva de correr<br \/>\nMarca: Tigre<br \/>\nMaterial: PVC<br \/>\nCor: Marrom<br \/>\nCaracter\u00edsticas: Press\u00e3o de servi\u00e7o (M.C.A) 75<br \/>\nPress\u00e3o m\u00e1xima de servi\u00e7o 7,5 KGF\/CM (750KPA) a uma temperatura de \u00e1gua de 20\u00b0C<br \/>\nPode receber press\u00e3o hidrost\u00e1tica imediatamente ap\u00f3s a instala\u00e7\u00e3o<br \/>\nNormatizada NBR 5626 NBR 5648<br \/>\nItens inclusos: 1 Luva de correr<br \/>\nDi\u00e2metro do produto: 25mm<br \/>\n<\/span><\/p>\n","protected":false},"featured_media":25496,"template":"","meta":{"_joinchat":[]},"product_brand":[],"product_cat":[73],"product_tag":[],"class_list":{"0":"post-8507","1":"product","2":"type-product","3":"status-publish","4":"has-post-thumbnail","6":"product_cat-tubos-e-conexoes","8":"first","9":"instock","10":"shipping-taxable","11":"purchasable","12":"product-type-simple"},"_links":{"self":[{"href":"https:\/\/www.multicasa.com.br\/inicio\/wp-json\/wp\/v2\/product\/8507","targetHints":{"allow":["GET"]}}],"collection":[{"href":"https:\/\/www.multicasa.com.br\/inicio\/wp-json\/wp\/v2\/product"}],"about":[{"href":"https:\/\/www.multicasa.com.br\/inicio\/wp-json\/wp\/v2\/types\/product"}],"wp:featuredmedia":[{"embeddable":true,"href":"https:\/\/www.multicasa.com.br\/inicio\/wp-json\/wp\/v2\/media\/25496"}],"wp:attachment":[{"href":"https:\/\/www.multicasa.com.br\/inicio\/wp-json\/wp\/v2\/media?parent=8507"}],"wp:term":[{"taxonomy":"product_brand","embeddable":true,"href":"https:\/\/www.multicasa.com.br\/inicio\/wp-json\/wp\/v2\/product_brand?post=8507"},{"taxonomy":"product_cat","embeddable":true,"href":"https:\/\/www.multicasa.com.br\/inicio\/wp-json\/wp\/v2\/product_cat?post=8507"},{"taxonomy":"product_tag","embeddable":true,"href":"https:\/\/www.multicasa.com.br\/inicio\/wp-json\/wp\/v2\/product_tag?post=8507"}],"curies":[{"name":"wp","href":"https:\/\/api.w.org\/{rel}","templated":true}]}}