{"id":8562,"date":"2025-06-20T17:34:27","date_gmt":"2025-06-20T21:34:27","guid":{"rendered":"https:\/\/www.multicasa.com.br\/inicio\/?post_type=product&#038;p=8562"},"modified":"2025-08-16T14:47:38","modified_gmt":"2025-08-16T18:47:38","slug":"mouse-optico-com-fio-usb-m90-preto-logitech","status":"publish","type":"product","link":"https:\/\/www.multicasa.com.br\/inicio\/produto\/mouse-optico-com-fio-usb-m90-preto-logitech\/","title":{"rendered":"Mouse \u00d3ptico com Fio USB M90 Preto Logitech"},"content":{"rendered":"<p>O Mouse \u00d3ptico com Fio USB Preto Logitech modelo M90, oferece conforto e precis\u00e3o, com resolu\u00e7\u00e3o de 1000DPI. Seu sistema \u00e9 plug &amp; play, basta conectar e usar. Oferece rastreamento preciso e sele\u00e7\u00e3o de texto simplificada, enquanto seu design ambidestro permite que seja usado de forma natural e confort\u00e1vel, tanto pela m\u00e3o direita, quanto pela m\u00e3o esquerda.<\/p>\n","protected":false},"excerpt":{"rendered":"<h4 style=\"margin: 0px;padding: 0px 0px 16px;font-family: Lato, sans-serif;font-weight: bold;line-height: 3rem;color: var(--dark-grey3);font-size: 22px;font-style: normal;letter-spacing: normal;text-align: start;text-indent: 0px;text-transform: none\">Informa\u00e7\u00f5es t\u00e9cnicas<\/h4>\n<p><span style=\"margin: 0px;padding: 0px;font-weight: 450;font-size: 14px;line-height: 21px;color: var(--dark-grey2);font-family: Lato, sans-serif;font-style: normal;letter-spacing: normal;text-align: start;text-indent: 0px;text-transform: none\">Produto: Mouse com fio<br \/>\nMarca: Logitech<br \/>\nModelo: M90<br \/>\nCor: Preto<br \/>\nCaracter\u00edsticas: \u00d3ptico<br \/>\nPorta USB<br \/>\nAmbidestro<br \/>\nResolu\u00e7\u00e3o 1000 DPI<br \/>\nCompat\u00edvel com Windows 7, 8, 10 ou posterior, MAC OS 10.4 ou posterior, Chrome OSTM, Linux Kernel 2.6 ou posterior<br \/>\nItens Inclusos: 1 mouse com fio<br \/>\nDimens\u00f5es do produto (A X L X P): 4 x 8,7 x 13,2cm<br \/>\n<\/span><\/p>\n","protected":false},"featured_media":27411,"template":"","meta":{"_joinchat":[]},"product_brand":[],"product_cat":[130],"product_tag":[],"class_list":{"0":"post-8562","1":"product","2":"type-product","3":"status-publish","4":"has-post-thumbnail","6":"product_cat-informatica","8":"first","9":"outofstock","10":"shipping-taxable","11":"product-type-simple"},"_links":{"self":[{"href":"https:\/\/www.multicasa.com.br\/inicio\/wp-json\/wp\/v2\/product\/8562","targetHints":{"allow":["GET"]}}],"collection":[{"href":"https:\/\/www.multicasa.com.br\/inicio\/wp-json\/wp\/v2\/product"}],"about":[{"href":"https:\/\/www.multicasa.com.br\/inicio\/wp-json\/wp\/v2\/types\/product"}],"wp:featuredmedia":[{"embeddable":true,"href":"https:\/\/www.multicasa.com.br\/inicio\/wp-json\/wp\/v2\/media\/27411"}],"wp:attachment":[{"href":"https:\/\/www.multicasa.com.br\/inicio\/wp-json\/wp\/v2\/media?parent=8562"}],"wp:term":[{"taxonomy":"product_brand","embeddable":true,"href":"https:\/\/www.multicasa.com.br\/inicio\/wp-json\/wp\/v2\/product_brand?post=8562"},{"taxonomy":"product_cat","embeddable":true,"href":"https:\/\/www.multicasa.com.br\/inicio\/wp-json\/wp\/v2\/product_cat?post=8562"},{"taxonomy":"product_tag","embeddable":true,"href":"https:\/\/www.multicasa.com.br\/inicio\/wp-json\/wp\/v2\/product_tag?post=8562"}],"curies":[{"name":"wp","href":"https:\/\/api.w.org\/{rel}","templated":true}]}}