{"id":8565,"date":"2025-06-20T17:34:27","date_gmt":"2025-06-20T21:34:27","guid":{"rendered":"https:\/\/www.multicasa.com.br\/inicio\/?post_type=product&#038;p=8565"},"modified":"2026-04-02T11:30:16","modified_gmt":"2026-04-02T15:30:16","slug":"mouse-pad-slim-multilaser-22x10cm","status":"publish","type":"product","link":"https:\/\/www.multicasa.com.br\/inicio\/produto\/mouse-pad-slim-multilaser-22x10cm\/","title":{"rendered":"Mouse Pad Slim Multilaser 22x10cm"},"content":{"rendered":"<p>O Mouse Pad Slim Multilaser tem micropontos para maior precis\u00e3o, proporcionando suavidade nos movimentos. Com aproximadamente 22 x 10 cm, produzido em tecido e pvc, promove ader\u00eancia \u00e0 superf\u00edcie e maior conforto.<\/p>\n","protected":false},"excerpt":{"rendered":"<h4 style=\"margin: 0px;padding: 0px 0px 16px;font-family: Lato, sans-serif;font-weight: bold;line-height: 3rem;color: var(--dark-grey3);font-size: 22px;font-style: normal;letter-spacing: normal;text-align: start;text-indent: 0px;text-transform: none\">Informa\u00e7\u00f5es t\u00e9cnicas<\/h4>\n<p><span style=\"margin: 0px;padding: 0px;font-weight: 450;font-size: 14px;line-height: 21px;color: var(--dark-grey2);font-family: Lato, sans-serif;font-style: normal;letter-spacing: normal;text-align: start;text-indent: 0px;text-transform: none\">Produto: Mouse Pad<br \/>\nMarca: Multilaser<br \/>\nMaterial: Tecido<br \/>\nPVC<br \/>\nCor: Sortido<br \/>\nCaracter\u00edsticas: Micropontos para maior precis\u00e3o do mouse<br \/>\nMaior ader\u00eancia<br \/>\nItens Inclusos: 1 mouse PAD<br \/>\nDimens\u00f5es do produto (L X P): 22,8 x 10,5cm<br \/>\nPeso do produto: 838 g<br \/>\n<\/span><\/p>\n","protected":false},"featured_media":25614,"template":"","meta":{"_joinchat":[]},"product_brand":[],"product_cat":[130],"product_tag":[],"class_list":{"0":"post-8565","1":"product","2":"type-product","3":"status-publish","4":"has-post-thumbnail","6":"product_cat-informatica","8":"first","9":"instock","10":"shipping-taxable","11":"purchasable","12":"product-type-simple"},"_links":{"self":[{"href":"https:\/\/www.multicasa.com.br\/inicio\/wp-json\/wp\/v2\/product\/8565","targetHints":{"allow":["GET"]}}],"collection":[{"href":"https:\/\/www.multicasa.com.br\/inicio\/wp-json\/wp\/v2\/product"}],"about":[{"href":"https:\/\/www.multicasa.com.br\/inicio\/wp-json\/wp\/v2\/types\/product"}],"wp:featuredmedia":[{"embeddable":true,"href":"https:\/\/www.multicasa.com.br\/inicio\/wp-json\/wp\/v2\/media\/25614"}],"wp:attachment":[{"href":"https:\/\/www.multicasa.com.br\/inicio\/wp-json\/wp\/v2\/media?parent=8565"}],"wp:term":[{"taxonomy":"product_brand","embeddable":true,"href":"https:\/\/www.multicasa.com.br\/inicio\/wp-json\/wp\/v2\/product_brand?post=8565"},{"taxonomy":"product_cat","embeddable":true,"href":"https:\/\/www.multicasa.com.br\/inicio\/wp-json\/wp\/v2\/product_cat?post=8565"},{"taxonomy":"product_tag","embeddable":true,"href":"https:\/\/www.multicasa.com.br\/inicio\/wp-json\/wp\/v2\/product_tag?post=8565"}],"curies":[{"name":"wp","href":"https:\/\/api.w.org\/{rel}","templated":true}]}}