{"id":8566,"date":"2025-06-20T17:34:27","date_gmt":"2025-06-20T21:34:27","guid":{"rendered":"https:\/\/www.multicasa.com.br\/inicio\/?post_type=product&#038;p=8566"},"modified":"2026-04-22T09:00:27","modified_gmt":"2026-04-22T13:00:27","slug":"neutralizador-de-odores-sanitarios-freeco-original-60ml","status":"publish","type":"product","link":"https:\/\/www.multicasa.com.br\/inicio\/produto\/neutralizador-de-odores-sanitarios-freeco-original-60ml\/","title":{"rendered":"Neutralizador de Odores Sanit\u00e1rios FreeC\u00f4 Original 60ml"},"content":{"rendered":"<p>O Neutralizador de Odores Sanit\u00e1rios FreeC\u00f4 Original \u00e9 conveniente e previne a dissemina\u00e7\u00e3o de odores desagrad\u00e1veis e mau cheiro. Cont\u00e9m \u00f3leos essenciais naturais de citronela e pinho, seu efeito \u00e9 preventivo e cria uma capa na superf\u00edcie da \u00e1gua que neutraliza o mau cheiro antes mesmo de ser percebido. O frasco \u00e9 em pl\u00e1stico, com spray vaporizador e capacidade de 60ml, al\u00e9m de ser port\u00e1til e poder ser levado na bolsa!<\/p>\n","protected":false},"excerpt":{"rendered":"<h4 style=\"margin: 0px;padding: 0px 0px 16px;font-family: Lato, sans-serif;font-weight: bold;line-height: 3rem;color: var(--dark-grey3);font-size: 22px;font-style: normal;letter-spacing: normal;text-align: start;text-indent: 0px;text-transform: none\">Informa\u00e7\u00f5es t\u00e9cnicas<\/h4>\n<p><span style=\"margin: 0px;padding: 0px;font-weight: 450;font-size: 14px;line-height: 21px;color: var(--dark-grey2);font-family: Lato, sans-serif;font-style: normal;letter-spacing: normal;text-align: start;text-indent: 0px;text-transform: none\">Produto: Neutralizador de odores<br \/>\nMarca: FreeC\u00f4<br \/>\nConte\u00fado: 60ml<br \/>\nUso Indicado: Bloquear o cheiro do sanit\u00e1rio<br \/>\nCaracter\u00edsticas: Fragr\u00e2ncia Citronela e pinho<br \/>\nSpray<br \/>\nFeito com \u00f3leos essenciais<br \/>\nItens Inclusos: 1 neutralizador de odores<br \/>\nDimens\u00f5es do produto (A x L): 13 x 4cm<br \/>\n<\/span><\/p>\n","protected":false},"featured_media":8620,"template":"","meta":{"_joinchat":[]},"product_brand":[],"product_cat":[96],"product_tag":[],"class_list":{"0":"post-8566","1":"product","2":"type-product","3":"status-publish","4":"has-post-thumbnail","6":"product_cat-limpeza-e-cia","8":"first","9":"instock","10":"shipping-taxable","11":"purchasable","12":"product-type-simple"},"_links":{"self":[{"href":"https:\/\/www.multicasa.com.br\/inicio\/wp-json\/wp\/v2\/product\/8566","targetHints":{"allow":["GET"]}}],"collection":[{"href":"https:\/\/www.multicasa.com.br\/inicio\/wp-json\/wp\/v2\/product"}],"about":[{"href":"https:\/\/www.multicasa.com.br\/inicio\/wp-json\/wp\/v2\/types\/product"}],"wp:featuredmedia":[{"embeddable":true,"href":"https:\/\/www.multicasa.com.br\/inicio\/wp-json\/wp\/v2\/media\/8620"}],"wp:attachment":[{"href":"https:\/\/www.multicasa.com.br\/inicio\/wp-json\/wp\/v2\/media?parent=8566"}],"wp:term":[{"taxonomy":"product_brand","embeddable":true,"href":"https:\/\/www.multicasa.com.br\/inicio\/wp-json\/wp\/v2\/product_brand?post=8566"},{"taxonomy":"product_cat","embeddable":true,"href":"https:\/\/www.multicasa.com.br\/inicio\/wp-json\/wp\/v2\/product_cat?post=8566"},{"taxonomy":"product_tag","embeddable":true,"href":"https:\/\/www.multicasa.com.br\/inicio\/wp-json\/wp\/v2\/product_tag?post=8566"}],"curies":[{"name":"wp","href":"https:\/\/api.w.org\/{rel}","templated":true}]}}