{"id":8601,"date":"2025-06-20T17:34:49","date_gmt":"2025-06-20T21:34:49","guid":{"rendered":"https:\/\/www.multicasa.com.br\/inicio\/?post_type=product&#038;p=8601"},"modified":"2026-04-09T14:00:54","modified_gmt":"2026-04-09T18:00:54","slug":"regulador-para-gas-glp-imar","status":"publish","type":"product","link":"https:\/\/www.multicasa.com.br\/inicio\/produto\/regulador-para-gas-glp-imar\/","title":{"rendered":"Regulador para G\u00e1s GLP Imar"},"content":{"rendered":"<p>O Regulador para G\u00e1s GLP Imar \u00e9 destinado a reduzir a press\u00e3o entre o botij\u00e3o e o fog\u00e3o, aquecedor, assadeira e outros. Produzido em Zamac, alum\u00ednio, a\u00e7o, pvc, lat\u00e3o e borracha, funciona em baixa temperatura, tornando sua cozinha mais segura. Recomenda-se que a cada 5 anos seja trocado o regulador, al\u00e9m de manter sempre em local protegido e ventilado. Feche a v\u00e1lvula ao sair.<\/p>\n","protected":false},"excerpt":{"rendered":"<h4 style=\"margin: 0px;padding: 0px 0px 16px;font-family: Lato, sans-serif;font-weight: bold;line-height: 3rem;color: var(--dark-grey3);font-size: 22px;font-style: normal;letter-spacing: normal;text-align: start;text-indent: 0px;text-transform: none\">Informa\u00e7\u00f5es t\u00e9cnicas<\/h4>\n<p><span style=\"margin: 0px;padding: 0px;font-weight: 450;font-size: 14px;line-height: 21px;color: var(--dark-grey2);font-family: Lato, sans-serif;font-style: normal;letter-spacing: normal;text-align: start;text-indent: 0px;text-transform: none\">Produto: Regulador para G\u00e1s<br \/>\nMarca: Imar<br \/>\nMaterial: Zamac<br \/>\nAlum\u00ednio<br \/>\nA\u00e7o<br \/>\nLat\u00e3o<br \/>\nBorracha<br \/>\nCor: Prata e dourado<br \/>\nCaracter\u00edsticas: Vaz\u00e3o 1,0kg por hora GLP<br \/>\nPress\u00e3o de entrada 69 a 686 kpa<br \/>\nPress\u00e3o de sa\u00edda 2,1 a 3,2 kpa<br \/>\nConex\u00e3o de entrada rosca de 5 por 8 unc<br \/>\nConex\u00e3o de sa\u00edda di\u00e2metro 12<br \/>\nItens inclusos: 1 Regulador para G\u00e1s<br \/>\nDimens\u00f5es do produto (A X L): 22 x 10cm<br \/>\n<\/span><\/p>\n","protected":false},"featured_media":8667,"template":"","meta":{"_joinchat":[]},"product_brand":[],"product_cat":[94],"product_tag":[],"class_list":{"0":"post-8601","1":"product","2":"type-product","3":"status-publish","4":"has-post-thumbnail","6":"product_cat-gas","8":"first","9":"instock","10":"shipping-taxable","11":"purchasable","12":"product-type-simple"},"_links":{"self":[{"href":"https:\/\/www.multicasa.com.br\/inicio\/wp-json\/wp\/v2\/product\/8601","targetHints":{"allow":["GET"]}}],"collection":[{"href":"https:\/\/www.multicasa.com.br\/inicio\/wp-json\/wp\/v2\/product"}],"about":[{"href":"https:\/\/www.multicasa.com.br\/inicio\/wp-json\/wp\/v2\/types\/product"}],"wp:featuredmedia":[{"embeddable":true,"href":"https:\/\/www.multicasa.com.br\/inicio\/wp-json\/wp\/v2\/media\/8667"}],"wp:attachment":[{"href":"https:\/\/www.multicasa.com.br\/inicio\/wp-json\/wp\/v2\/media?parent=8601"}],"wp:term":[{"taxonomy":"product_brand","embeddable":true,"href":"https:\/\/www.multicasa.com.br\/inicio\/wp-json\/wp\/v2\/product_brand?post=8601"},{"taxonomy":"product_cat","embeddable":true,"href":"https:\/\/www.multicasa.com.br\/inicio\/wp-json\/wp\/v2\/product_cat?post=8601"},{"taxonomy":"product_tag","embeddable":true,"href":"https:\/\/www.multicasa.com.br\/inicio\/wp-json\/wp\/v2\/product_tag?post=8601"}],"curies":[{"name":"wp","href":"https:\/\/api.w.org\/{rel}","templated":true}]}}