{"id":8602,"date":"2025-06-20T17:34:49","date_gmt":"2025-06-20T21:34:49","guid":{"rendered":"https:\/\/www.multicasa.com.br\/inicio\/?post_type=product&#038;p=8602"},"modified":"2025-06-20T17:35:31","modified_gmt":"2025-06-20T21:35:31","slug":"tapete-magico-de-algodao-60x40cm-preto-kapazi","status":"publish","type":"product","link":"https:\/\/www.multicasa.com.br\/inicio\/produto\/tapete-magico-de-algodao-60x40cm-preto-kapazi\/","title":{"rendered":"Tapete M\u00e1gico de Algod\u00e3o 60x40cm Preto Kapazi"},"content":{"rendered":"<p>O Tapete M\u00e1gico Kapazi \u00e9 um capacho super absorvente que ret\u00e9m a \u00e1gua e a sujeira como m\u00e1gica. Suas fibras super absorventes removem a \u00e1gua e a lama dos sapatos instantaneamente mantendo os seus pisos limpos e secos. \u00c9 antiderrapante, lav\u00e1vel em m\u00e1quina. Possui o tamanho de 60x40cm na cor preto e sua composi\u00e7\u00e3o da superf\u00edcie \u00e9 de 55% algod\u00e3o e 45% poli\u00e9ster e de sua base \u00e9 de 100% policloreto de vinila. Perfeito para animais de estima\u00e7\u00e3o. Deixe seu tapete fazer o trabalho de limpeza para voc\u00ea, chega de panos sujos na entrada!<\/p>\n","protected":false},"excerpt":{"rendered":"<h4 style=\"margin: 0px;padding: 0px 0px 16px;font-family: Lato, sans-serif;font-weight: bold;line-height: 3rem;color: var(--dark-grey3);font-size: 22px;font-style: normal;letter-spacing: normal;text-align: start;text-indent: 0px;text-transform: none\">Informa\u00e7\u00f5es t\u00e9cnicas<\/h4>\n<p><span style=\"margin: 0px;padding: 0px;font-weight: 450;font-size: 14px;line-height: 21px;color: var(--dark-grey2);font-family: Lato, sans-serif;font-style: normal;letter-spacing: normal;text-align: start;text-indent: 0px;text-transform: none\">Produto: Tapete                                                                                                                                                         Tipo: M\u00e1gico<br \/>\nMarca: Kapazi<br \/>\nMaterial: Algod\u00e3o e microfibra<br \/>\nCor: Preto<br \/>\nCaracter\u00edsticas: Super absorvente, antiderrapante, lav\u00e1vel em m\u00e1quina<br \/>\nItens Inclusos: 1 tapete m\u00e1gico                                                                                                                                          Dimens\u00f5es do produto (L X C): 60 x 40cm<\/span><\/p>\n","protected":false},"featured_media":8668,"template":"","meta":{"_joinchat":[]},"product_brand":[],"product_cat":[96],"product_tag":[],"class_list":{"0":"post-8602","1":"product","2":"type-product","3":"status-publish","4":"has-post-thumbnail","6":"product_cat-limpeza-e-cia","8":"first","9":"outofstock","10":"shipping-taxable","11":"product-type-simple"},"_links":{"self":[{"href":"https:\/\/www.multicasa.com.br\/inicio\/wp-json\/wp\/v2\/product\/8602","targetHints":{"allow":["GET"]}}],"collection":[{"href":"https:\/\/www.multicasa.com.br\/inicio\/wp-json\/wp\/v2\/product"}],"about":[{"href":"https:\/\/www.multicasa.com.br\/inicio\/wp-json\/wp\/v2\/types\/product"}],"wp:featuredmedia":[{"embeddable":true,"href":"https:\/\/www.multicasa.com.br\/inicio\/wp-json\/wp\/v2\/media\/8668"}],"wp:attachment":[{"href":"https:\/\/www.multicasa.com.br\/inicio\/wp-json\/wp\/v2\/media?parent=8602"}],"wp:term":[{"taxonomy":"product_brand","embeddable":true,"href":"https:\/\/www.multicasa.com.br\/inicio\/wp-json\/wp\/v2\/product_brand?post=8602"},{"taxonomy":"product_cat","embeddable":true,"href":"https:\/\/www.multicasa.com.br\/inicio\/wp-json\/wp\/v2\/product_cat?post=8602"},{"taxonomy":"product_tag","embeddable":true,"href":"https:\/\/www.multicasa.com.br\/inicio\/wp-json\/wp\/v2\/product_tag?post=8602"}],"curies":[{"name":"wp","href":"https:\/\/api.w.org\/{rel}","templated":true}]}}