{"id":8605,"date":"2025-06-20T17:34:49","date_gmt":"2025-06-20T21:34:49","guid":{"rendered":"https:\/\/www.multicasa.com.br\/inicio\/?post_type=product&#038;p=8605"},"modified":"2025-06-20T17:35:37","modified_gmt":"2025-06-20T21:35:37","slug":"gaveteiro-de-mesa-em-plastico-branco-com-3-gavetas-mitro","status":"publish","type":"product","link":"https:\/\/www.multicasa.com.br\/inicio\/produto\/gaveteiro-de-mesa-em-plastico-branco-com-3-gavetas-mitro\/","title":{"rendered":"Gaveteiro de Mesa em Pl\u00e1stico Branco com 3 Gavetas Mitro"},"content":{"rendered":"<p>O Gaveteiro de Mesa Multiuso em Pl\u00e1stico Mitro \u00e9 ideal para quem ama organiza\u00e7\u00e3o. \u00c9 confeccionado em pl\u00e1stico resistente na cor branco com 3 gavetas transparentes. Este modelo pode ser utilizado em diversos locais, como casas, com\u00e9rcios e escrit\u00f3rios. Suas gavetas proporcionam uma organiza\u00e7\u00e3o adequada para o ambiente em que for.<br \/>\n\u00d3timo para quem quer economizar espa\u00e7o e manter seus objetos organizados.<\/p>\n","protected":false},"excerpt":{"rendered":"<h4 style=\"margin: 0px;padding: 0px 0px 16px;font-family: Lato, sans-serif;font-weight: bold;line-height: 3rem;color: var(--dark-grey3);font-size: 22px;font-style: normal;letter-spacing: normal;text-align: start;text-indent: 0px;text-transform: none\">Informa\u00e7\u00f5es t\u00e9cnicas<\/h4>\n<p><span style=\"margin: 0px;padding: 0px;font-weight: 450;font-size: 14px;line-height: 21px;color: var(--dark-grey2);font-family: Lato, sans-serif;font-style: normal;letter-spacing: normal;text-align: start;text-indent: 0px;text-transform: none\">Produto: Gaveteiro de mesa<br \/>\nMarca: Mitro<br \/>\nMaterial: Pl\u00e1stico resistente<br \/>\nCor: Branco<br \/>\nCaracter\u00edsticas: 3 gavetas<br \/>\nTransparente<br \/>\nItens Inclusos: 1 Gaveteiro de mesa<br \/>\nDimens\u00f5es do produto (A x L x P): 21,5 x 33 x 25cm<\/span><\/p>\n","protected":false},"featured_media":8681,"template":"","meta":{"_joinchat":[]},"product_brand":[],"product_cat":[97],"product_tag":[],"class_list":{"0":"post-8605","1":"product","2":"type-product","3":"status-publish","4":"has-post-thumbnail","6":"product_cat-papelaria","8":"first","9":"outofstock","10":"shipping-taxable","11":"product-type-simple"},"_links":{"self":[{"href":"https:\/\/www.multicasa.com.br\/inicio\/wp-json\/wp\/v2\/product\/8605","targetHints":{"allow":["GET"]}}],"collection":[{"href":"https:\/\/www.multicasa.com.br\/inicio\/wp-json\/wp\/v2\/product"}],"about":[{"href":"https:\/\/www.multicasa.com.br\/inicio\/wp-json\/wp\/v2\/types\/product"}],"wp:featuredmedia":[{"embeddable":true,"href":"https:\/\/www.multicasa.com.br\/inicio\/wp-json\/wp\/v2\/media\/8681"}],"wp:attachment":[{"href":"https:\/\/www.multicasa.com.br\/inicio\/wp-json\/wp\/v2\/media?parent=8605"}],"wp:term":[{"taxonomy":"product_brand","embeddable":true,"href":"https:\/\/www.multicasa.com.br\/inicio\/wp-json\/wp\/v2\/product_brand?post=8605"},{"taxonomy":"product_cat","embeddable":true,"href":"https:\/\/www.multicasa.com.br\/inicio\/wp-json\/wp\/v2\/product_cat?post=8605"},{"taxonomy":"product_tag","embeddable":true,"href":"https:\/\/www.multicasa.com.br\/inicio\/wp-json\/wp\/v2\/product_tag?post=8605"}],"curies":[{"name":"wp","href":"https:\/\/api.w.org\/{rel}","templated":true}]}}