{"id":8606,"date":"2025-06-20T17:34:50","date_gmt":"2025-06-20T21:34:50","guid":{"rendered":"https:\/\/www.multicasa.com.br\/inicio\/?post_type=product&#038;p=8606"},"modified":"2025-06-20T17:35:38","modified_gmt":"2025-06-20T21:35:38","slug":"organizador-de-gaveta-colmeia-transparente-6-divisorias-sonho-estilo-18x22cm","status":"publish","type":"product","link":"https:\/\/www.multicasa.com.br\/inicio\/produto\/organizador-de-gaveta-colmeia-transparente-6-divisorias-sonho-estilo-18x22cm\/","title":{"rendered":"Organizador de Gaveta Colmeia Transparente 6 Divis\u00f3rias Sonho &amp; Estilo 18x22cm"},"content":{"rendered":"<p>Organizador de Gaveta Colmeia Sonho &amp; Estilo, produzido em material pl\u00e1stico transparente e com fino acabamento em vi\u00e9s de gorgur\u00e3o branco \u00e9 perfeito para se adaptar a sua gaveta e organizar suas pe\u00e7as. Com aproximadamente 18 x 22cm e 6 nichos, que permitem que a pe\u00e7a se acomode de acordo com o tamanho, j\u00e1 que o fundo do separador n\u00e3o \u00e9 colado na parte debaixo da colmeia. Garante praticidade na hora de manter suas gavetas em ordem.<\/p>\n","protected":false},"excerpt":{"rendered":"<h4 style=\"margin: 0px;padding: 0px 0px 16px;font-family: Lato, sans-serif;font-weight: bold;line-height: 3rem;color: var(--dark-grey3);font-size: 22px;font-style: normal;letter-spacing: normal;text-align: start;text-indent: 0px;text-transform: none\">Informa\u00e7\u00f5es t\u00e9cnicas<\/h4>\n<p><span style=\"margin: 0px;padding: 0px;font-weight: 450;font-size: 14px;line-height: 21px;color: var(--dark-grey2);font-family: Lato, sans-serif;font-style: normal;letter-spacing: normal;text-align: start;text-indent: 0px;text-transform: none\">Produto: Organizador de gaveta<br \/>\nMarca: Sonho &amp; Estilo<br \/>\nMaterial: PVC<br \/>\nVi\u00e9s de Gorgor\u00e3o<br \/>\nCor: Branco<br \/>\nCaracter\u00edsticas: Possui 6 divis\u00f3rias<br \/>\nItens Inclusos: 1 organizador de gaveta<br \/>\nDimens\u00f5es do produto (A x L x C): 8,5 x 18 x 22cm<br \/>\n<\/span><\/p>\n","protected":false},"featured_media":8682,"template":"","meta":{"_joinchat":[]},"product_brand":[],"product_cat":[98],"product_tag":[],"class_list":{"0":"post-8606","1":"product","2":"type-product","3":"status-publish","4":"has-post-thumbnail","6":"product_cat-organizadores","8":"first","9":"outofstock","10":"shipping-taxable","11":"product-type-simple"},"_links":{"self":[{"href":"https:\/\/www.multicasa.com.br\/inicio\/wp-json\/wp\/v2\/product\/8606","targetHints":{"allow":["GET"]}}],"collection":[{"href":"https:\/\/www.multicasa.com.br\/inicio\/wp-json\/wp\/v2\/product"}],"about":[{"href":"https:\/\/www.multicasa.com.br\/inicio\/wp-json\/wp\/v2\/types\/product"}],"wp:featuredmedia":[{"embeddable":true,"href":"https:\/\/www.multicasa.com.br\/inicio\/wp-json\/wp\/v2\/media\/8682"}],"wp:attachment":[{"href":"https:\/\/www.multicasa.com.br\/inicio\/wp-json\/wp\/v2\/media?parent=8606"}],"wp:term":[{"taxonomy":"product_brand","embeddable":true,"href":"https:\/\/www.multicasa.com.br\/inicio\/wp-json\/wp\/v2\/product_brand?post=8606"},{"taxonomy":"product_cat","embeddable":true,"href":"https:\/\/www.multicasa.com.br\/inicio\/wp-json\/wp\/v2\/product_cat?post=8606"},{"taxonomy":"product_tag","embeddable":true,"href":"https:\/\/www.multicasa.com.br\/inicio\/wp-json\/wp\/v2\/product_tag?post=8606"}],"curies":[{"name":"wp","href":"https:\/\/api.w.org\/{rel}","templated":true}]}}