{"id":8628,"date":"2025-06-20T17:35:11","date_gmt":"2025-06-20T21:35:11","guid":{"rendered":"https:\/\/www.multicasa.com.br\/inicio\/?post_type=product&#038;p=8628"},"modified":"2025-06-20T17:35:39","modified_gmt":"2025-06-20T21:35:39","slug":"chave-para-mandril-13mm-1-2-bestfer","status":"publish","type":"product","link":"https:\/\/www.multicasa.com.br\/inicio\/produto\/chave-para-mandril-13mm-1-2-bestfer\/","title":{"rendered":"Chave para Mandril 13mm 1\/2&#8221; Bestfer"},"content":{"rendered":"<p>A Chave para Mandril 13 mm 1\/2&#8221; Bestfer \u00e9 feita em a\u00e7o carbono 45 e seu uso \u00e9 indicado para alisar ou aumentar furos com a finalidade de caber acess\u00f3rios de di\u00e2metros diferentes. Seu acabamento \u00e9 oxidado preto e tem peso de 28g.<\/p>\n","protected":false},"excerpt":{"rendered":"<h4 style=\"margin: 0px;padding: 0px 0px 16px;font-family: Lato, sans-serif;font-weight: bold;line-height: 3rem;color: var(--dark-grey3);font-size: 22px;font-style: normal;letter-spacing: normal;text-align: start;text-indent: 0px;text-transform: none\">Informa\u00e7\u00f5es t\u00e9cnicas<\/h4>\n<p><span style=\"margin: 0px;padding: 0px;font-weight: 450;font-size: 14px;line-height: 21px;color: var(--dark-grey2);font-family: Lato, sans-serif;font-style: normal;letter-spacing: normal;text-align: start;text-indent: 0px;text-transform: none\">Produto: Chave Mandril<br \/>\nMarca: Bestfer<br \/>\nMaterial: A\u00e7o carbono 45<br \/>\nAcabamento: Oxidado<br \/>\nCor: Preto<br \/>\nUso Indicado: Indicada para Mandril de 13mm &#8211; 1\/2 polegadas<br \/>\nItens Inclusos: 1 Chave para Mandril<br \/>\nPeso do produto: 28g<\/span><\/p>\n","protected":false},"featured_media":8683,"template":"","meta":{"_joinchat":[]},"product_brand":[],"product_cat":[137],"product_tag":[],"class_list":{"0":"post-8628","1":"product","2":"type-product","3":"status-publish","4":"has-post-thumbnail","6":"product_cat-ferramentas-manuais","8":"first","9":"outofstock","10":"shipping-taxable","11":"product-type-simple"},"_links":{"self":[{"href":"https:\/\/www.multicasa.com.br\/inicio\/wp-json\/wp\/v2\/product\/8628","targetHints":{"allow":["GET"]}}],"collection":[{"href":"https:\/\/www.multicasa.com.br\/inicio\/wp-json\/wp\/v2\/product"}],"about":[{"href":"https:\/\/www.multicasa.com.br\/inicio\/wp-json\/wp\/v2\/types\/product"}],"wp:featuredmedia":[{"embeddable":true,"href":"https:\/\/www.multicasa.com.br\/inicio\/wp-json\/wp\/v2\/media\/8683"}],"wp:attachment":[{"href":"https:\/\/www.multicasa.com.br\/inicio\/wp-json\/wp\/v2\/media?parent=8628"}],"wp:term":[{"taxonomy":"product_brand","embeddable":true,"href":"https:\/\/www.multicasa.com.br\/inicio\/wp-json\/wp\/v2\/product_brand?post=8628"},{"taxonomy":"product_cat","embeddable":true,"href":"https:\/\/www.multicasa.com.br\/inicio\/wp-json\/wp\/v2\/product_cat?post=8628"},{"taxonomy":"product_tag","embeddable":true,"href":"https:\/\/www.multicasa.com.br\/inicio\/wp-json\/wp\/v2\/product_tag?post=8628"}],"curies":[{"name":"wp","href":"https:\/\/api.w.org\/{rel}","templated":true}]}}