{"id":8631,"date":"2025-06-20T17:35:11","date_gmt":"2025-06-20T21:35:11","guid":{"rendered":"https:\/\/www.multicasa.com.br\/inicio\/?post_type=product&#038;p=8631"},"modified":"2025-08-18T01:14:11","modified_gmt":"2025-08-18T05:14:11","slug":"broca-de-aco-rapido-tramontina-7-32","status":"publish","type":"product","link":"https:\/\/www.multicasa.com.br\/inicio\/produto\/broca-de-aco-rapido-tramontina-7-32\/","title":{"rendered":"Broca de A\u00e7o R\u00e1pido Tramontina 7\/32&#8243;"},"content":{"rendered":"<p>Com a Broca de A\u00e7o R\u00e1pido HSS 7\/32&#8243;da Tramontina voc\u00ea ter\u00e1 mais facilidade e qualidade nos resultados das suas atividades. Permite realizar furos em materiais de estrutura met\u00e1lica proporcionando maior efetividade nos servi\u00e7os realizados. Efici\u00eancia \u00e9 com os produtos Tramontina!<\/p>\n","protected":false},"excerpt":{"rendered":"<h4 style=\"margin: 0px;padding: 0px 0px 16px;font-family: Lato, sans-serif;font-weight: bold;line-height: 3rem;color: var(--dark-grey3);font-size: 22px;font-style: normal;letter-spacing: normal;text-align: start;text-indent: 0px;text-transform: none\">Informa\u00e7\u00f5es t\u00e9cnicas<\/h4>\n<p><span style=\"margin: 0px;padding: 0px;font-weight: 450;font-size: 14px;line-height: 21px;color: var(--dark-grey2);font-family: Lato, sans-serif;font-style: normal;letter-spacing: normal;text-align: start;text-indent: 0px;text-transform: none\">Produto: Broca para A\u00e7o<br \/>\nMarca: Tramontina<br \/>\nMaterial: A\u00e7o r\u00e1pido HSS                                                                                                                                                    Caracter\u00edsticas: corpo polido e envernizado, t\u00eampera total no corpo, \u00e2ngulo de afia\u00e7\u00e3o da ponta de 118\u00b0<br \/>\nItens Inclusos: 1 Broca<br \/>\nDimens\u00f5es do produto em polegadas: 7\/32&#8243;<br \/>\nDimens\u00f5es do produto (A x L ): 93 x 5,55mm                                                                                                                      Peso: 0,03kg<\/span><\/p>\n","protected":false},"featured_media":8687,"template":"","meta":{"_joinchat":[]},"product_brand":[],"product_cat":[152],"product_tag":[],"class_list":{"0":"post-8631","1":"product","2":"type-product","3":"status-publish","4":"has-post-thumbnail","6":"product_cat-ferramentas-eletricas","8":"first","9":"outofstock","10":"shipping-taxable","11":"purchasable","12":"product-type-simple"},"_links":{"self":[{"href":"https:\/\/www.multicasa.com.br\/inicio\/wp-json\/wp\/v2\/product\/8631","targetHints":{"allow":["GET"]}}],"collection":[{"href":"https:\/\/www.multicasa.com.br\/inicio\/wp-json\/wp\/v2\/product"}],"about":[{"href":"https:\/\/www.multicasa.com.br\/inicio\/wp-json\/wp\/v2\/types\/product"}],"wp:featuredmedia":[{"embeddable":true,"href":"https:\/\/www.multicasa.com.br\/inicio\/wp-json\/wp\/v2\/media\/8687"}],"wp:attachment":[{"href":"https:\/\/www.multicasa.com.br\/inicio\/wp-json\/wp\/v2\/media?parent=8631"}],"wp:term":[{"taxonomy":"product_brand","embeddable":true,"href":"https:\/\/www.multicasa.com.br\/inicio\/wp-json\/wp\/v2\/product_brand?post=8631"},{"taxonomy":"product_cat","embeddable":true,"href":"https:\/\/www.multicasa.com.br\/inicio\/wp-json\/wp\/v2\/product_cat?post=8631"},{"taxonomy":"product_tag","embeddable":true,"href":"https:\/\/www.multicasa.com.br\/inicio\/wp-json\/wp\/v2\/product_tag?post=8631"}],"curies":[{"name":"wp","href":"https:\/\/api.w.org\/{rel}","templated":true}]}}