{"id":8634,"date":"2025-06-20T17:35:12","date_gmt":"2025-06-20T21:35:12","guid":{"rendered":"https:\/\/www.multicasa.com.br\/inicio\/?post_type=product&#038;p=8634"},"modified":"2025-08-16T19:15:27","modified_gmt":"2025-08-16T23:15:27","slug":"fone-de-ouvido-intra-auricular-bluetooth-multilaser-1m","status":"publish","type":"product","link":"https:\/\/www.multicasa.com.br\/inicio\/produto\/fone-de-ouvido-intra-auricular-bluetooth-multilaser-1m\/","title":{"rendered":"Fone de Ouvido Intra-auricular Bluetooth Multilaser 1m"},"content":{"rendered":"<p>Ideal para praticar seu esporte favorito, o fone de ouvido intra-auricular Smart to Go Multilaser possui conex\u00e3o com aparelho via bluetooth, eliminando os fios que podem atrapalhar. De cor preta e cabo flat, transmite sons de qualidade e pode ser utilizado tamb\u00e9m para estudar, trabalhar, dirigir ou ouvir sua m\u00fasica predileta enquanto descansa. Sua bateria dura, em m\u00e9dia 3 horas. Pr\u00e1tico e moderno.<\/p>\n","protected":false},"excerpt":{"rendered":"<h4 style=\"margin: 0px;padding: 0px 0px 16px;font-family: Lato, sans-serif;font-weight: bold;line-height: 3rem;color: var(--dark-grey3);font-size: 22px;font-style: normal;letter-spacing: normal;text-align: start;text-indent: 0px;text-transform: none\">Informa\u00e7\u00f5es t\u00e9cnicas<\/h4>\n<p><span style=\"margin: 0px;padding: 0px;font-weight: 450;font-size: 14px;line-height: 21px;color: var(--dark-grey2);font-family: Lato, sans-serif;font-style: normal;letter-spacing: normal;text-align: start;text-indent: 0px;text-transform: none\">Produto: Fone de ouvido<br \/>\nTipo: Intra Auricular<br \/>\nMarca: Multilaser<br \/>\nModelo: Smart to Go PH256<br \/>\nMaterial: Pl\u00e1stico emborrachado<br \/>\nCobre<br \/>\nCor: Preto<br \/>\nCaracter\u00edsticas: Conex\u00e3o com aparelho via bluetooth<br \/>\nBateria com autonomia de 3 horas<br \/>\nCabo flat<br \/>\nItens Inclusos: 1 fone de ouvido<br \/>\nDimens\u00f5es do produto (A X L) x (C): 12,5 x 4,8cm<br \/>\nCabo &#8211; 1m<\/span><\/p>\n","protected":false},"featured_media":25235,"template":"","meta":{"_joinchat":[]},"product_brand":[],"product_cat":[130],"product_tag":[],"class_list":{"0":"post-8634","1":"product","2":"type-product","3":"status-publish","4":"has-post-thumbnail","6":"product_cat-informatica","8":"first","9":"outofstock","10":"shipping-taxable","11":"product-type-simple"},"_links":{"self":[{"href":"https:\/\/www.multicasa.com.br\/inicio\/wp-json\/wp\/v2\/product\/8634","targetHints":{"allow":["GET"]}}],"collection":[{"href":"https:\/\/www.multicasa.com.br\/inicio\/wp-json\/wp\/v2\/product"}],"about":[{"href":"https:\/\/www.multicasa.com.br\/inicio\/wp-json\/wp\/v2\/types\/product"}],"wp:featuredmedia":[{"embeddable":true,"href":"https:\/\/www.multicasa.com.br\/inicio\/wp-json\/wp\/v2\/media\/25235"}],"wp:attachment":[{"href":"https:\/\/www.multicasa.com.br\/inicio\/wp-json\/wp\/v2\/media?parent=8634"}],"wp:term":[{"taxonomy":"product_brand","embeddable":true,"href":"https:\/\/www.multicasa.com.br\/inicio\/wp-json\/wp\/v2\/product_brand?post=8634"},{"taxonomy":"product_cat","embeddable":true,"href":"https:\/\/www.multicasa.com.br\/inicio\/wp-json\/wp\/v2\/product_cat?post=8634"},{"taxonomy":"product_tag","embeddable":true,"href":"https:\/\/www.multicasa.com.br\/inicio\/wp-json\/wp\/v2\/product_tag?post=8634"}],"curies":[{"name":"wp","href":"https:\/\/api.w.org\/{rel}","templated":true}]}}