{"id":8635,"date":"2025-06-20T17:35:12","date_gmt":"2025-06-20T21:35:12","guid":{"rendered":"https:\/\/www.multicasa.com.br\/inicio\/?post_type=product&#038;p=8635"},"modified":"2025-08-17T19:02:24","modified_gmt":"2025-08-17T23:02:24","slug":"raquete-eletrica-mata-insetos-recarregavel-multilaser","status":"publish","type":"product","link":"https:\/\/www.multicasa.com.br\/inicio\/produto\/raquete-eletrica-mata-insetos-recarregavel-multilaser\/","title":{"rendered":"Raquete El\u00e9trica Mata Insetos Recarreg\u00e1vel Multilaser"},"content":{"rendered":"<p>A Raquete El\u00e9trica Recarreg\u00e1vel Multilaser mata insetos e elimina todos os de pequeno porte por choque el\u00e9trico, sem produtos qu\u00edmicos e sem cheiro. Mata os mosquitos transmissores da dengue, zika e chikungunya. Possui bateria recarreg\u00e1vel, \u00e9 bivolt, possui redes a prova de fugas e n\u00e3o solta gases ou fuma\u00e7a.<br \/>\nAcabe com os mosquitos e durma tranquilo!<\/p>\n","protected":false},"excerpt":{"rendered":"<h4 style=\"margin: 0px;padding: 0px 0px 16px;font-family: Lato, sans-serif;font-weight: bold;line-height: 3rem;color: var(--dark-grey3);font-size: 22px;font-style: normal;letter-spacing: normal;text-align: start;text-indent: 0px;text-transform: none\">Informa\u00e7\u00f5es t\u00e9cnicas<\/h4>\n<p><span style=\"margin: 0px;padding: 0px;font-weight: 450;font-size: 14px;line-height: 21px;color: var(--dark-grey2);font-family: Lato, sans-serif;font-style: normal;letter-spacing: normal;text-align: start;text-indent: 0px;text-transform: none\">Produto: Raquete El\u00e9trica<br \/>\nModelo: HC034<br \/>\nMarca: Multilaser<br \/>\nCor: Sortido<br \/>\nTens\u00e3o El\u00e9trica: 127v &#8211; 220v<br \/>\nCaracter\u00edsticas: Possui bateria recarreg\u00e1vel<br \/>\nCom redes a prova de fugas<br \/>\nSem gases nocivos a sa\u00fade<br \/>\nEfic\u00e1cia a prova de choques<br \/>\nSem fuma\u00e7a<br \/>\nItens Inclusos: 1 Raquete El\u00e9trica<br \/>\nDimens\u00f5es do produto (A X L X P): 51 x 25 x 4cm <\/span><\/p>\n","protected":false},"featured_media":25884,"template":"","meta":{"_joinchat":[]},"product_brand":[],"product_cat":[132],"product_tag":[],"class_list":{"0":"post-8635","1":"product","2":"type-product","3":"status-publish","4":"has-post-thumbnail","6":"product_cat-inseticidas","8":"first","9":"outofstock","10":"shipping-taxable","11":"purchasable","12":"product-type-simple"},"_links":{"self":[{"href":"https:\/\/www.multicasa.com.br\/inicio\/wp-json\/wp\/v2\/product\/8635","targetHints":{"allow":["GET"]}}],"collection":[{"href":"https:\/\/www.multicasa.com.br\/inicio\/wp-json\/wp\/v2\/product"}],"about":[{"href":"https:\/\/www.multicasa.com.br\/inicio\/wp-json\/wp\/v2\/types\/product"}],"wp:featuredmedia":[{"embeddable":true,"href":"https:\/\/www.multicasa.com.br\/inicio\/wp-json\/wp\/v2\/media\/25884"}],"wp:attachment":[{"href":"https:\/\/www.multicasa.com.br\/inicio\/wp-json\/wp\/v2\/media?parent=8635"}],"wp:term":[{"taxonomy":"product_brand","embeddable":true,"href":"https:\/\/www.multicasa.com.br\/inicio\/wp-json\/wp\/v2\/product_brand?post=8635"},{"taxonomy":"product_cat","embeddable":true,"href":"https:\/\/www.multicasa.com.br\/inicio\/wp-json\/wp\/v2\/product_cat?post=8635"},{"taxonomy":"product_tag","embeddable":true,"href":"https:\/\/www.multicasa.com.br\/inicio\/wp-json\/wp\/v2\/product_tag?post=8635"}],"curies":[{"name":"wp","href":"https:\/\/api.w.org\/{rel}","templated":true}]}}