{"id":8636,"date":"2025-06-20T17:35:12","date_gmt":"2025-06-20T21:35:12","guid":{"rendered":"https:\/\/www.multicasa.com.br\/inicio\/?post_type=product&#038;p=8636"},"modified":"2025-06-20T17:35:46","modified_gmt":"2025-06-20T21:35:46","slug":"luva-de-protecao-de-helanca-branca-balaska","status":"publish","type":"product","link":"https:\/\/www.multicasa.com.br\/inicio\/produto\/luva-de-protecao-de-helanca-branca-balaska\/","title":{"rendered":"Luva de Prote\u00e7\u00e3o de Helanca Branca Balaska"},"content":{"rendered":"<p>A Luva de Prote\u00e7\u00e3o Balaska \u00e9 confeccionada em fios de helanca na cor branca, sendo antial\u00e9rgicas, ambidestras e proporcionando mais conforto nas mais diversas atividades. Com menor Absor\u00e7\u00e3o a transpira\u00e7\u00e3o promove maior tato e maleabilidade.<\/p>\n","protected":false},"excerpt":{"rendered":"<h4 style=\"margin: 0px;padding: 0px 0px 16px;font-family: Lato, sans-serif;font-weight: bold;line-height: 3rem;color: var(--dark-grey3);font-size: 22px;font-style: normal;letter-spacing: normal;text-align: start;text-indent: 0px;text-transform: none\">Informa\u00e7\u00f5es t\u00e9cnicas<\/h4>\n<p><span style=\"margin: 0px;padding: 0px;font-weight: 450;font-size: 14px;line-height: 21px;color: var(--dark-grey2);font-family: Lato, sans-serif;font-style: normal;letter-spacing: normal;text-align: start;text-indent: 0px;text-transform: none\">Produto: Luva de prote\u00e7\u00e3o<br \/>\nMarca: Balaska<br \/>\nMaterial: Helanca<br \/>\nCor: Branco<br \/>\nCaracter\u00edsticas: Luvas revers\u00edveis (ambidestras)<br \/>\nMenor absor\u00e7\u00e3o a transpira\u00e7\u00e3o<br \/>\nMaior tato e maleabilidade<br \/>\nAntial\u00e9rgica<br \/>\nItens Inclusos: 1 Par de Luvas de prote\u00e7\u00e3o<br \/>\nDimens\u00f5es do produto (A X L): 22,5 x 15cm<br \/>\n<\/span><\/p>\n","protected":false},"featured_media":8690,"template":"","meta":{"_joinchat":[]},"product_brand":[],"product_cat":[133],"product_tag":[],"class_list":{"0":"post-8636","1":"product","2":"type-product","3":"status-publish","4":"has-post-thumbnail","6":"product_cat-epis","8":"first","9":"outofstock","10":"shipping-taxable","11":"product-type-simple"},"_links":{"self":[{"href":"https:\/\/www.multicasa.com.br\/inicio\/wp-json\/wp\/v2\/product\/8636","targetHints":{"allow":["GET"]}}],"collection":[{"href":"https:\/\/www.multicasa.com.br\/inicio\/wp-json\/wp\/v2\/product"}],"about":[{"href":"https:\/\/www.multicasa.com.br\/inicio\/wp-json\/wp\/v2\/types\/product"}],"wp:featuredmedia":[{"embeddable":true,"href":"https:\/\/www.multicasa.com.br\/inicio\/wp-json\/wp\/v2\/media\/8690"}],"wp:attachment":[{"href":"https:\/\/www.multicasa.com.br\/inicio\/wp-json\/wp\/v2\/media?parent=8636"}],"wp:term":[{"taxonomy":"product_brand","embeddable":true,"href":"https:\/\/www.multicasa.com.br\/inicio\/wp-json\/wp\/v2\/product_brand?post=8636"},{"taxonomy":"product_cat","embeddable":true,"href":"https:\/\/www.multicasa.com.br\/inicio\/wp-json\/wp\/v2\/product_cat?post=8636"},{"taxonomy":"product_tag","embeddable":true,"href":"https:\/\/www.multicasa.com.br\/inicio\/wp-json\/wp\/v2\/product_tag?post=8636"}],"curies":[{"name":"wp","href":"https:\/\/api.w.org\/{rel}","templated":true}]}}