{"id":8638,"date":"2025-06-20T17:35:12","date_gmt":"2025-06-20T21:35:12","guid":{"rendered":"https:\/\/www.multicasa.com.br\/inicio\/?post_type=product&#038;p=8638"},"modified":"2025-08-17T19:08:42","modified_gmt":"2025-08-17T23:08:42","slug":"divisoria-de-gaveta-em-plastico-branco-overtime-5-unidades-7x36cm","status":"publish","type":"product","link":"https:\/\/www.multicasa.com.br\/inicio\/produto\/divisoria-de-gaveta-em-plastico-branco-overtime-5-unidades-7x36cm\/","title":{"rendered":"Divis\u00f3ria de Gaveta em Pl\u00e1stico Branco Overtime 5 unidades 7x36cm"},"content":{"rendered":"<p>Use a Divis\u00f3ria de Gavetas em Pl\u00e1stico Branco da Overtime para dividir e organizar seus acess\u00f3rios, otimizando o espa\u00e7o. A embalagem cont\u00e9m 5 unidades que medem 7x36cm que podem ser montadas conforme voc\u00ea desejar ou cortadas para caber em outros espa\u00e7os.<br \/>\nOrganize seus acess\u00f3rios, objetos e pe\u00e7as de roupas como desejar.<\/p>\n","protected":false},"excerpt":{"rendered":"<h4 style=\"margin: 0px;padding: 0px 0px 16px;font-family: Lato, sans-serif;font-weight: bold;line-height: 3rem;color: var(--dark-grey3);font-size: 22px;font-style: normal;letter-spacing: normal;text-align: start;text-indent: 0px;text-transform: none\">Informa\u00e7\u00f5es t\u00e9cnicas<\/h4>\n<p><span style=\"margin: 0px;padding: 0px;font-weight: 450;font-size: 14px;line-height: 21px;color: var(--dark-grey2);font-family: Lato, sans-serif;font-style: normal;letter-spacing: normal;text-align: start;text-indent: 0px;text-transform: none\">Produto: Divis\u00f3ria de gaveta<br \/>\nMarca: Overtime<br \/>\nMaterial: Pl\u00e1stico<br \/>\nCor: Branco<br \/>\nCaracter\u00edsticas: F\u00e1cil de instalar<br \/>\nAdapt\u00e1vel para qualquer gaveta<br \/>\nPode ser cortada de acordo com o tamanho desejado<br \/>\nQuantidade de pe\u00e7as: 5<br \/>\nItens Inclusos: 5 placas encaix\u00e1veis<br \/>\nDimens\u00f5es do produto (A X L): 7 x 36cm<br \/>\n<\/span><\/p>\n","protected":false},"featured_media":8693,"template":"","meta":{"_joinchat":[]},"product_brand":[],"product_cat":[98],"product_tag":[],"class_list":{"0":"post-8638","1":"product","2":"type-product","3":"status-publish","4":"has-post-thumbnail","6":"product_cat-organizadores","8":"first","9":"outofstock","10":"shipping-taxable","11":"purchasable","12":"product-type-simple"},"_links":{"self":[{"href":"https:\/\/www.multicasa.com.br\/inicio\/wp-json\/wp\/v2\/product\/8638","targetHints":{"allow":["GET"]}}],"collection":[{"href":"https:\/\/www.multicasa.com.br\/inicio\/wp-json\/wp\/v2\/product"}],"about":[{"href":"https:\/\/www.multicasa.com.br\/inicio\/wp-json\/wp\/v2\/types\/product"}],"wp:featuredmedia":[{"embeddable":true,"href":"https:\/\/www.multicasa.com.br\/inicio\/wp-json\/wp\/v2\/media\/8693"}],"wp:attachment":[{"href":"https:\/\/www.multicasa.com.br\/inicio\/wp-json\/wp\/v2\/media?parent=8638"}],"wp:term":[{"taxonomy":"product_brand","embeddable":true,"href":"https:\/\/www.multicasa.com.br\/inicio\/wp-json\/wp\/v2\/product_brand?post=8638"},{"taxonomy":"product_cat","embeddable":true,"href":"https:\/\/www.multicasa.com.br\/inicio\/wp-json\/wp\/v2\/product_cat?post=8638"},{"taxonomy":"product_tag","embeddable":true,"href":"https:\/\/www.multicasa.com.br\/inicio\/wp-json\/wp\/v2\/product_tag?post=8638"}],"curies":[{"name":"wp","href":"https:\/\/api.w.org\/{rel}","templated":true}]}}