{"id":8641,"date":"2025-06-20T17:35:12","date_gmt":"2025-06-20T21:35:12","guid":{"rendered":"https:\/\/www.multicasa.com.br\/inicio\/?post_type=product&#038;p=8641"},"modified":"2026-03-26T09:30:47","modified_gmt":"2026-03-26T13:30:47","slug":"refil-para-filtro-de-agua-com-carvao-ativado-acqua-5-lorenzetti","status":"publish","type":"product","link":"https:\/\/www.multicasa.com.br\/inicio\/produto\/refil-para-filtro-de-agua-com-carvao-ativado-acqua-5-lorenzetti\/","title":{"rendered":"Refil para Filtro de \u00c1gua com Carv\u00e3o Ativado Acqua 5 Lorenzetti"},"content":{"rendered":"<p>Pr\u00e1tico, o refil pra filtro de \u00e1gua Aqua 5 Lorenzetti tem carv\u00e3o ativado com prata coloidal que garante \u00e1gua pura removendo part\u00edculas como limo, barro, ferrugem e retirando o excesso do gosto do cloro, bem como odores.<br \/>\nCom capacidade de filtra\u00e7\u00e3o de 4.000 litros, deve ser trocado ap\u00f3s aproximadamente 6 meses de uso. Medindo 13 x 7 cm, tem grau de filtra\u00e7\u00e3o de 5 micra e vaz\u00e3o de 90 litros\/hora.<\/p>\n","protected":false},"excerpt":{"rendered":"<h4 style=\"margin: 0px;padding: 0px 0px 16px;font-family: Lato, sans-serif;font-weight: bold;line-height: 3rem;color: var(--dark-grey3);font-size: 22px;font-style: normal;letter-spacing: normal;text-align: start;text-indent: 0px;text-transform: none\">Informa\u00e7\u00f5es t\u00e9cnicas<\/h4>\n<p><span style=\"margin: 0px;padding: 0px;font-weight: 450;font-size: 14px;line-height: 21px;color: var(--dark-grey2);font-family: Lato, sans-serif;font-style: normal;letter-spacing: normal;text-align: start;text-indent: 0px;text-transform: none\">Produto: Refil para Filtro de \u00c1gua<br \/>\nMarca: Lorenzetti<br \/>\nMaterial: Corpo em pl\u00e1stico<br \/>\nResina<br \/>\nCarv\u00e3o<br \/>\nCor: Bege<br \/>\nCaracter\u00edsticas: Possui carv\u00e3o ativado<br \/>\nCapacidade de filtra\u00e7\u00e3o 4000 litros ou 6 meses em m\u00e9dia de uso<br \/>\nGrau de filtra\u00e7\u00e3o 5 micra<br \/>\nAlta vaz\u00e3o 90 litros\/hora<br \/>\nItens Inclusos: 1 Refil para filtro de \u00e1gua<br \/>\nDimens\u00f5es do produto (L X P): 13 x 7cm<br \/>\n<\/span><\/p>\n","protected":false},"featured_media":8699,"template":"","meta":{"_joinchat":[]},"product_brand":[],"product_cat":[67],"product_tag":[],"class_list":{"0":"post-8641","1":"product","2":"type-product","3":"status-publish","4":"has-post-thumbnail","6":"product_cat-torneiras-e-cia","8":"first","9":"instock","10":"shipping-taxable","11":"purchasable","12":"product-type-simple"},"_links":{"self":[{"href":"https:\/\/www.multicasa.com.br\/inicio\/wp-json\/wp\/v2\/product\/8641","targetHints":{"allow":["GET"]}}],"collection":[{"href":"https:\/\/www.multicasa.com.br\/inicio\/wp-json\/wp\/v2\/product"}],"about":[{"href":"https:\/\/www.multicasa.com.br\/inicio\/wp-json\/wp\/v2\/types\/product"}],"wp:featuredmedia":[{"embeddable":true,"href":"https:\/\/www.multicasa.com.br\/inicio\/wp-json\/wp\/v2\/media\/8699"}],"wp:attachment":[{"href":"https:\/\/www.multicasa.com.br\/inicio\/wp-json\/wp\/v2\/media?parent=8641"}],"wp:term":[{"taxonomy":"product_brand","embeddable":true,"href":"https:\/\/www.multicasa.com.br\/inicio\/wp-json\/wp\/v2\/product_brand?post=8641"},{"taxonomy":"product_cat","embeddable":true,"href":"https:\/\/www.multicasa.com.br\/inicio\/wp-json\/wp\/v2\/product_cat?post=8641"},{"taxonomy":"product_tag","embeddable":true,"href":"https:\/\/www.multicasa.com.br\/inicio\/wp-json\/wp\/v2\/product_tag?post=8641"}],"curies":[{"name":"wp","href":"https:\/\/api.w.org\/{rel}","templated":true}]}}