{"id":8645,"date":"2025-06-20T17:35:13","date_gmt":"2025-06-20T21:35:13","guid":{"rendered":"https:\/\/www.multicasa.com.br\/inicio\/?post_type=product&#038;p=8645"},"modified":"2025-08-17T19:09:03","modified_gmt":"2025-08-17T23:09:03","slug":"conector-rj45-modular-8x8-interneed","status":"publish","type":"product","link":"https:\/\/www.multicasa.com.br\/inicio\/produto\/conector-rj45-modular-8x8-interneed\/","title":{"rendered":"Conector RJ45 Modular 8&#215;8 Interneed"},"content":{"rendered":"<p>Use o conector RJ45 modular 8&#215;8 Interneed para estrutura\u00e7\u00e3o de cabeamento em geral, horizontal, secund\u00e1rio ou de uso interno. Muito indicado para sala de telecomunica\u00e7\u00f5es, pontos de distribui\u00e7\u00e3o de sinal ou em pontos de acesso na \u00e1rea de trabalho. De fac\u00edlima instala\u00e7\u00e3o, n\u00e3o \u00e9 propagante \u00e0 chama e pertence \u00e0 categoria 5E. Com corpo em pl\u00e1stico incolor, tem contatos em broze fosforoso com 1,27 micr\u00f4metros de ouro sobre 2,54 micr\u00f4metros niquelados. Conector com 8 vias para cabo UTP.<\/p>\n","protected":false},"excerpt":{"rendered":"<h4 style=\"margin: 0px;padding: 0px 0px 16px;font-family: Lato, sans-serif;font-weight: bold;line-height: 3rem;color: var(--dark-grey3);font-size: 22px;font-style: normal;letter-spacing: normal;text-align: start;text-indent: 0px;text-transform: none\">Informa\u00e7\u00f5es t\u00e9cnicas<\/h4>\n<p><span style=\"margin: 0px;padding: 0px;font-weight: 450;font-size: 14px;line-height: 21px;color: var(--dark-grey2);font-family: Lato, sans-serif;font-style: normal;letter-spacing: normal;text-align: start;text-indent: 0px;text-transform: none\">Produto: Conector Macho<br \/>\nMarca: Interneed<br \/>\nMaterial: Policarbonato<br \/>\nCor: incolor, dourado<br \/>\nCamadas em bronze fosforoso com 1,27 micr\u00f4metros de ouro<br \/>\n2,54 micr\u00f4metros de niquelado<br \/>\nCaracter\u00edsticas: Transparente<br \/>\nConector 8 vias para cabo utp<br \/>\nCategoria 5e<br \/>\nFacilidade na instala\u00e7\u00e3o<br \/>\nSuperam os requisitos da norma ansi\/tia\/eia 568b<br \/>\nConector de cabeamento estruturado para cabeamento horizontal ou secund\u00e1rio<br \/>\nItens Inclusos: 1 conectores macho<br \/>\nDimens\u00f5es do produto (A X L): 19 x 14cm<br \/>\n<\/span><\/p>\n","protected":false},"featured_media":8720,"template":"","meta":{"_joinchat":[]},"product_brand":[],"product_cat":[130],"product_tag":[],"class_list":{"0":"post-8645","1":"product","2":"type-product","3":"status-publish","4":"has-post-thumbnail","6":"product_cat-informatica","8":"first","9":"outofstock","10":"shipping-taxable","11":"purchasable","12":"product-type-simple"},"_links":{"self":[{"href":"https:\/\/www.multicasa.com.br\/inicio\/wp-json\/wp\/v2\/product\/8645","targetHints":{"allow":["GET"]}}],"collection":[{"href":"https:\/\/www.multicasa.com.br\/inicio\/wp-json\/wp\/v2\/product"}],"about":[{"href":"https:\/\/www.multicasa.com.br\/inicio\/wp-json\/wp\/v2\/types\/product"}],"wp:featuredmedia":[{"embeddable":true,"href":"https:\/\/www.multicasa.com.br\/inicio\/wp-json\/wp\/v2\/media\/8720"}],"wp:attachment":[{"href":"https:\/\/www.multicasa.com.br\/inicio\/wp-json\/wp\/v2\/media?parent=8645"}],"wp:term":[{"taxonomy":"product_brand","embeddable":true,"href":"https:\/\/www.multicasa.com.br\/inicio\/wp-json\/wp\/v2\/product_brand?post=8645"},{"taxonomy":"product_cat","embeddable":true,"href":"https:\/\/www.multicasa.com.br\/inicio\/wp-json\/wp\/v2\/product_cat?post=8645"},{"taxonomy":"product_tag","embeddable":true,"href":"https:\/\/www.multicasa.com.br\/inicio\/wp-json\/wp\/v2\/product_tag?post=8645"}],"curies":[{"name":"wp","href":"https:\/\/api.w.org\/{rel}","templated":true}]}}