{"id":8673,"date":"2025-06-20T17:35:36","date_gmt":"2025-06-20T21:35:36","guid":{"rendered":"https:\/\/www.multicasa.com.br\/inicio\/?post_type=product&#038;p=8673"},"modified":"2025-06-20T17:36:11","modified_gmt":"2025-06-20T21:36:11","slug":"arame-plastificado-com-cortador-western-30m","status":"publish","type":"product","link":"https:\/\/www.multicasa.com.br\/inicio\/produto\/arame-plastificado-com-cortador-western-30m\/","title":{"rendered":"Arame Plastificado com Cortador Western 30m"},"content":{"rendered":"<p>Use o arame plastificado da Western para atividades de jardinagem, consertos, amarra\u00e7\u00f5es e embalagens. De cor verde e com 30 m de comprimento e 0,6 mm de espessura, j\u00e1 vem com cortador para facilitar na hora do uso.<\/p>\n","protected":false},"excerpt":{"rendered":"<h4 style=\"margin: 0px;padding: 0px 0px 16px;font-family: Lato, sans-serif;font-weight: bold;line-height: 3rem;color: var(--dark-grey3);font-size: 22px;font-style: normal;letter-spacing: normal;text-align: start;text-indent: 0px;text-transform: none\">Informa\u00e7\u00f5es t\u00e9cnicas<\/h4>\n<p><span style=\"margin: 0px;padding: 0px;font-weight: 450;font-size: 14px;line-height: 21px;color: var(--dark-grey2);font-family: Lato, sans-serif;font-style: normal;letter-spacing: normal;text-align: start;text-indent: 0px;text-transform: none\">Produto: Arame Plastificado<br \/>\nMarca: Western<br \/>\nMaterial: Ferro<br \/>\nPl\u00e1stico<br \/>\nPolietileno PE<br \/>\nCor: Verde<br \/>\nCaracter\u00edsticas: Com cortador<br \/>\nItens inclusos: 1 Arame Plastificado<br \/>\nEspessura: 0,6mm<br \/>\nDimens\u00f5es do produto (C): 30cm<\/span><\/p>\n","protected":false},"featured_media":8728,"template":"","meta":{"_joinchat":[]},"product_brand":[],"product_cat":[76],"product_tag":[],"class_list":{"0":"post-8673","1":"product","2":"type-product","3":"status-publish","4":"has-post-thumbnail","6":"product_cat-jardinagem","8":"first","9":"outofstock","10":"shipping-taxable","11":"product-type-simple"},"_links":{"self":[{"href":"https:\/\/www.multicasa.com.br\/inicio\/wp-json\/wp\/v2\/product\/8673","targetHints":{"allow":["GET"]}}],"collection":[{"href":"https:\/\/www.multicasa.com.br\/inicio\/wp-json\/wp\/v2\/product"}],"about":[{"href":"https:\/\/www.multicasa.com.br\/inicio\/wp-json\/wp\/v2\/types\/product"}],"wp:featuredmedia":[{"embeddable":true,"href":"https:\/\/www.multicasa.com.br\/inicio\/wp-json\/wp\/v2\/media\/8728"}],"wp:attachment":[{"href":"https:\/\/www.multicasa.com.br\/inicio\/wp-json\/wp\/v2\/media?parent=8673"}],"wp:term":[{"taxonomy":"product_brand","embeddable":true,"href":"https:\/\/www.multicasa.com.br\/inicio\/wp-json\/wp\/v2\/product_brand?post=8673"},{"taxonomy":"product_cat","embeddable":true,"href":"https:\/\/www.multicasa.com.br\/inicio\/wp-json\/wp\/v2\/product_cat?post=8673"},{"taxonomy":"product_tag","embeddable":true,"href":"https:\/\/www.multicasa.com.br\/inicio\/wp-json\/wp\/v2\/product_tag?post=8673"}],"curies":[{"name":"wp","href":"https:\/\/api.w.org\/{rel}","templated":true}]}}