{"id":8675,"date":"2025-06-20T17:35:36","date_gmt":"2025-06-20T21:35:36","guid":{"rendered":"https:\/\/www.multicasa.com.br\/inicio\/?post_type=product&#038;p=8675"},"modified":"2025-06-20T17:36:14","modified_gmt":"2025-06-20T21:36:14","slug":"mata-mosca-em-plastico-vermelho-cinquetti","status":"publish","type":"product","link":"https:\/\/www.multicasa.com.br\/inicio\/produto\/mata-mosca-em-plastico-vermelho-cinquetti\/","title":{"rendered":"Mata Mosca em Pl\u00e1stico Vermelho Cinquetti"},"content":{"rendered":"<p>Mata Mosca Cinquetti, ideal para acabar com os insetos de forma simples e segura. Confeccionado em pl\u00e1stico flex\u00edvel e lav\u00e1vel, possui cabo anat\u00f4mico para facilitar o manuseio e pode ser guardado no arm\u00e1rio ou pendurado pela ponta. Ele n\u00e3o esmaga a mosca, mantendo o ambiente limpo.<br \/>\nAcabe com os mosquitos e durma tranquilo!<\/p>\n","protected":false},"excerpt":{"rendered":"<h4 style=\"margin: 0px;padding: 0px 0px 16px;font-family: Lato, sans-serif;font-weight: bold;line-height: 3rem;color: var(--dark-grey3);font-size: 22px;font-style: normal;letter-spacing: normal;text-align: start;text-indent: 0px;text-transform: none\">Informa\u00e7\u00f5es t\u00e9cnicas<\/h4>\n<p><span style=\"margin: 0px;padding: 0px;font-weight: 450;font-size: 14px;line-height: 21px;color: var(--dark-grey2);font-family: Lato, sans-serif;font-style: normal;letter-spacing: normal;text-align: start;text-indent: 0px;text-transform: none\">Produto: Raquete Mata El\u00e9trica<br \/>\nMarca: Cinquetti<br \/>\nMaterial: Pl\u00e1stico<br \/>\nCor: Vermelho<br \/>\nCaracter\u00edsticas: Cabo anat\u00f4mico<br \/>\nPode ser pendurado pela ponta<br \/>\nFlex\u00edvel<br \/>\nItens Inclusos: 1 Raquete Mata El\u00e9trica<br \/>\nDimens\u00f5es do produto (A X L X P): 44,5 x 9,5 x 1cm<br \/>\n<\/span><\/p>\n","protected":false},"featured_media":8735,"template":"","meta":{"_joinchat":[]},"product_brand":[],"product_cat":[132],"product_tag":[],"class_list":{"0":"post-8675","1":"product","2":"type-product","3":"status-publish","4":"has-post-thumbnail","6":"product_cat-inseticidas","8":"first","9":"outofstock","10":"shipping-taxable","11":"product-type-simple"},"_links":{"self":[{"href":"https:\/\/www.multicasa.com.br\/inicio\/wp-json\/wp\/v2\/product\/8675","targetHints":{"allow":["GET"]}}],"collection":[{"href":"https:\/\/www.multicasa.com.br\/inicio\/wp-json\/wp\/v2\/product"}],"about":[{"href":"https:\/\/www.multicasa.com.br\/inicio\/wp-json\/wp\/v2\/types\/product"}],"wp:featuredmedia":[{"embeddable":true,"href":"https:\/\/www.multicasa.com.br\/inicio\/wp-json\/wp\/v2\/media\/8735"}],"wp:attachment":[{"href":"https:\/\/www.multicasa.com.br\/inicio\/wp-json\/wp\/v2\/media?parent=8675"}],"wp:term":[{"taxonomy":"product_brand","embeddable":true,"href":"https:\/\/www.multicasa.com.br\/inicio\/wp-json\/wp\/v2\/product_brand?post=8675"},{"taxonomy":"product_cat","embeddable":true,"href":"https:\/\/www.multicasa.com.br\/inicio\/wp-json\/wp\/v2\/product_cat?post=8675"},{"taxonomy":"product_tag","embeddable":true,"href":"https:\/\/www.multicasa.com.br\/inicio\/wp-json\/wp\/v2\/product_tag?post=8675"}],"curies":[{"name":"wp","href":"https:\/\/api.w.org\/{rel}","templated":true}]}}