{"id":8703,"date":"2025-06-20T17:35:58","date_gmt":"2025-06-20T21:35:58","guid":{"rendered":"https:\/\/www.multicasa.com.br\/inicio\/?post_type=product&#038;p=8703"},"modified":"2025-06-20T17:36:27","modified_gmt":"2025-06-20T21:36:27","slug":"telefone-com-fio-tcf1000-preto-elgin","status":"publish","type":"product","link":"https:\/\/www.multicasa.com.br\/inicio\/produto\/telefone-com-fio-tcf1000-preto-elgin\/","title":{"rendered":"Telefone com Fio TCF1000 Preto Elgin"},"content":{"rendered":"<p>Praticidade e discri\u00e7\u00e3o \u00e9 o que oferece este telefone com fio TC1000 preto da Elgin. Em formato de g\u00f4ndola, ocupa pouco espa\u00e7o sobre a mesa e tamb\u00e9m pode ser fixado na parede. Funcional, possui a tecla redial para rediscar o \u00faltimo n\u00famero com agilidade e flash para viabilizar transfer\u00eancias e acessos a segundas chamadas, caso seja um servi\u00e7o contratato. Pode ser usado em casa ou em escrit\u00f3rios.<\/p>\n","protected":false},"excerpt":{"rendered":"<h4 style=\"margin: 0px;padding: 0px 0px 16px;font-family: Lato, sans-serif;font-weight: bold;line-height: 3rem;color: var(--dark-grey3);font-size: 22px;font-style: normal;letter-spacing: normal;text-align: start;text-indent: 0px;text-transform: none\">Informa\u00e7\u00f5es t\u00e9cnicas<\/h4>\n<p><span style=\"margin: 0px;padding: 0px;font-weight: 450;font-size: 14px;line-height: 21px;color: var(--dark-grey2);font-family: Lato, sans-serif;font-style: normal;letter-spacing: normal;text-align: start;text-indent: 0px;text-transform: none\">Produto: Telefone com fio<br \/>\nMarca: Elgin<br \/>\nModelo: TCF1000<br \/>\nCor: Preto<br \/>\nCaracter\u00edsticas: Pode ser fixado na parede<br \/>\nFun\u00e7\u00e3o redial<br \/>\nFun\u00e7\u00e3o flash<br \/>\nQuantidade de pe\u00e7as: 4<br \/>\nItens inclusos: 1 Telefone com fio<br \/>\n1 monofone (handset)<br \/>\n1 Cabo telef\u00f4nico de conex\u00e3o com linha<br \/>\n1 Cabo espiral de conex\u00e3o handset<br \/>\nDimens\u00f5es do produto (A X L X P): 7,5 x 21 x 7,5cm<br \/>\nPeso do produto: 300g<br \/>\n<\/span><\/p>\n","protected":false},"featured_media":8755,"template":"","meta":{"_joinchat":[]},"product_brand":[],"product_cat":[138],"product_tag":[],"class_list":{"0":"post-8703","1":"product","2":"type-product","3":"status-publish","4":"has-post-thumbnail","6":"product_cat-telefones-e-cia","8":"first","9":"outofstock","10":"shipping-taxable","11":"product-type-simple"},"_links":{"self":[{"href":"https:\/\/www.multicasa.com.br\/inicio\/wp-json\/wp\/v2\/product\/8703","targetHints":{"allow":["GET"]}}],"collection":[{"href":"https:\/\/www.multicasa.com.br\/inicio\/wp-json\/wp\/v2\/product"}],"about":[{"href":"https:\/\/www.multicasa.com.br\/inicio\/wp-json\/wp\/v2\/types\/product"}],"wp:featuredmedia":[{"embeddable":true,"href":"https:\/\/www.multicasa.com.br\/inicio\/wp-json\/wp\/v2\/media\/8755"}],"wp:attachment":[{"href":"https:\/\/www.multicasa.com.br\/inicio\/wp-json\/wp\/v2\/media?parent=8703"}],"wp:term":[{"taxonomy":"product_brand","embeddable":true,"href":"https:\/\/www.multicasa.com.br\/inicio\/wp-json\/wp\/v2\/product_brand?post=8703"},{"taxonomy":"product_cat","embeddable":true,"href":"https:\/\/www.multicasa.com.br\/inicio\/wp-json\/wp\/v2\/product_cat?post=8703"},{"taxonomy":"product_tag","embeddable":true,"href":"https:\/\/www.multicasa.com.br\/inicio\/wp-json\/wp\/v2\/product_tag?post=8703"}],"curies":[{"name":"wp","href":"https:\/\/api.w.org\/{rel}","templated":true}]}}