{"id":8710,"date":"2025-06-20T17:35:58","date_gmt":"2025-06-20T21:35:58","guid":{"rendered":"https:\/\/www.multicasa.com.br\/inicio\/?post_type=product&#038;p=8710"},"modified":"2026-03-05T10:20:16","modified_gmt":"2026-03-05T14:20:16","slug":"mini-varal-multiuso-espiral-12-prendedores-poly-play","status":"publish","type":"product","link":"https:\/\/www.multicasa.com.br\/inicio\/produto\/mini-varal-multiuso-espiral-12-prendedores-poly-play\/","title":{"rendered":"Mini Varal Multiuso Espiral 12 Prendedores Poly Play"},"content":{"rendered":"<p>O Mini Varal Multiuso Espiral Poly Play conta com 12 prendedores, gancho com trava para pendurar e al\u00e7a emborrachada. Produzido em pl\u00e1stico \u00e9 pequeno e vers\u00e1til, podendo ser usado tamb\u00e9m em pequenos espa\u00e7os. Formato em espiral permite melhor passagem de vento, facilitando a secagem de pe\u00e7as.<\/p>\n","protected":false},"excerpt":{"rendered":"<h4 style=\"margin: 0px;padding: 0px 0px 16px;font-family: Lato, sans-serif;font-weight: bold;line-height: 3rem;color: var(--dark-grey3);font-size: 22px;font-style: normal;letter-spacing: normal;text-align: start;text-indent: 0px;text-transform: none\">Informa\u00e7\u00f5es t\u00e9cnicas<\/h4>\n<p><span style=\"margin: 0px;padding: 0px;font-weight: 450;font-size: 14px;line-height: 21px;color: var(--dark-grey2);font-family: Lato, sans-serif;font-style: normal;letter-spacing: normal;text-align: start;text-indent: 0px;text-transform: none\">Produto: Varal Multiuso<br \/>\nMarca: Poly Play<br \/>\nMaterial: Pl\u00e1stico<br \/>\nCor: Branco e colorido<br \/>\nCaracter\u00edsticas: 12 prendedores<br \/>\nGancho com trava<br \/>\nFormato espiral permite a melhor passagem do vento<br \/>\nItens Inclusos: 1 varal multiuso<br \/>\nDimens\u00f5es do produto (A x L x P): 40 x 26 x 26cm<br \/>\n<\/span><\/p>\n","protected":false},"featured_media":8771,"template":"","meta":{"_joinchat":[]},"product_brand":[],"product_cat":[95],"product_tag":[],"class_list":{"0":"post-8710","1":"product","2":"type-product","3":"status-publish","4":"has-post-thumbnail","6":"product_cat-lavanderia","8":"first","9":"instock","10":"shipping-taxable","11":"purchasable","12":"product-type-simple"},"_links":{"self":[{"href":"https:\/\/www.multicasa.com.br\/inicio\/wp-json\/wp\/v2\/product\/8710","targetHints":{"allow":["GET"]}}],"collection":[{"href":"https:\/\/www.multicasa.com.br\/inicio\/wp-json\/wp\/v2\/product"}],"about":[{"href":"https:\/\/www.multicasa.com.br\/inicio\/wp-json\/wp\/v2\/types\/product"}],"wp:featuredmedia":[{"embeddable":true,"href":"https:\/\/www.multicasa.com.br\/inicio\/wp-json\/wp\/v2\/media\/8771"}],"wp:attachment":[{"href":"https:\/\/www.multicasa.com.br\/inicio\/wp-json\/wp\/v2\/media?parent=8710"}],"wp:term":[{"taxonomy":"product_brand","embeddable":true,"href":"https:\/\/www.multicasa.com.br\/inicio\/wp-json\/wp\/v2\/product_brand?post=8710"},{"taxonomy":"product_cat","embeddable":true,"href":"https:\/\/www.multicasa.com.br\/inicio\/wp-json\/wp\/v2\/product_cat?post=8710"},{"taxonomy":"product_tag","embeddable":true,"href":"https:\/\/www.multicasa.com.br\/inicio\/wp-json\/wp\/v2\/product_tag?post=8710"}],"curies":[{"name":"wp","href":"https:\/\/api.w.org\/{rel}","templated":true}]}}