{"id":8711,"date":"2025-06-20T17:35:59","date_gmt":"2025-06-20T21:35:59","guid":{"rendered":"https:\/\/www.multicasa.com.br\/inicio\/?post_type=product&#038;p=8711"},"modified":"2025-08-16T18:17:08","modified_gmt":"2025-08-16T22:17:08","slug":"corda-para-varal-aco-poly-play-15m","status":"publish","type":"product","link":"https:\/\/www.multicasa.com.br\/inicio\/produto\/corda-para-varal-aco-poly-play-15m\/","title":{"rendered":"Corda para Varal A\u00e7o Poly Play 15m"},"content":{"rendered":"<p>A Corda para Varal da Poly Play \u00e9 feita de a\u00e7o, possui acabamento em PVC e 15 metros de comprimento. F\u00e1cil de instalar e super-resistente, \u00e9 indicado para deixar sua lavanderia e servi\u00e7os de casa mais seguros. O cabo para varal de parede tem dimens\u00f5es de 1,8 cm x 15 m e acompanha 1 prendedor de brinde. Utens\u00edlio indispens\u00e1vel para sua lavanderia.<\/p>\n","protected":false},"excerpt":{"rendered":"<h4 style=\"margin: 0px;padding: 0px 0px 16px;font-family: Lato, sans-serif;font-weight: bold;line-height: 3rem;color: var(--dark-grey3);font-size: 22px;font-style: normal;letter-spacing: normal;text-align: start;text-indent: 0px;text-transform: none\">Informa\u00e7\u00f5es t\u00e9cnicas<\/h4>\n<p><span style=\"margin: 0px;padding: 0px;font-weight: 450;font-size: 14px;line-height: 21px;color: var(--dark-grey2);font-family: Lato, sans-serif;font-style: normal;letter-spacing: normal;text-align: start;text-indent: 0px;text-transform: none\">Produto: Corda para Varal<br \/>\nMarca: Poly Play<br \/>\nMaterial: A\u00e7o revestido com PVC Cristal<br \/>\nCor: Sortidas<br \/>\nQuantidade de pe\u00e7as: 2 pe\u00e7as<br \/>\nItens Inclusos: 1 Corda para Varal e 1 Prendedor de roupa<br \/>\nDimens\u00f5es do produto (A X L X C): 1,8 x 2cm x 15m<\/span><\/p>\n","protected":false},"featured_media":8774,"template":"","meta":{"_joinchat":[]},"product_brand":[],"product_cat":[95],"product_tag":[],"class_list":{"0":"post-8711","1":"product","2":"type-product","3":"status-publish","4":"has-post-thumbnail","6":"product_cat-lavanderia","8":"first","9":"outofstock","10":"shipping-taxable","11":"product-type-simple"},"_links":{"self":[{"href":"https:\/\/www.multicasa.com.br\/inicio\/wp-json\/wp\/v2\/product\/8711","targetHints":{"allow":["GET"]}}],"collection":[{"href":"https:\/\/www.multicasa.com.br\/inicio\/wp-json\/wp\/v2\/product"}],"about":[{"href":"https:\/\/www.multicasa.com.br\/inicio\/wp-json\/wp\/v2\/types\/product"}],"wp:featuredmedia":[{"embeddable":true,"href":"https:\/\/www.multicasa.com.br\/inicio\/wp-json\/wp\/v2\/media\/8774"}],"wp:attachment":[{"href":"https:\/\/www.multicasa.com.br\/inicio\/wp-json\/wp\/v2\/media?parent=8711"}],"wp:term":[{"taxonomy":"product_brand","embeddable":true,"href":"https:\/\/www.multicasa.com.br\/inicio\/wp-json\/wp\/v2\/product_brand?post=8711"},{"taxonomy":"product_cat","embeddable":true,"href":"https:\/\/www.multicasa.com.br\/inicio\/wp-json\/wp\/v2\/product_cat?post=8711"},{"taxonomy":"product_tag","embeddable":true,"href":"https:\/\/www.multicasa.com.br\/inicio\/wp-json\/wp\/v2\/product_tag?post=8711"}],"curies":[{"name":"wp","href":"https:\/\/api.w.org\/{rel}","templated":true}]}}