{"id":8712,"date":"2025-06-20T17:35:59","date_gmt":"2025-06-20T21:35:59","guid":{"rendered":"https:\/\/www.multicasa.com.br\/inicio\/?post_type=product&#038;p=8712"},"modified":"2025-06-23T10:27:42","modified_gmt":"2025-06-23T14:27:42","slug":"plugue-2pt-4-saidas-preto-mecatool-10a","status":"publish","type":"product","link":"https:\/\/www.multicasa.com.br\/inicio\/produto\/plugue-2pt-4-saidas-preto-mecatool-10a\/","title":{"rendered":"Plugue 2P+T 4 Sa\u00eddas Preto Mecatool 10A"},"content":{"rendered":"<p>Ligue at\u00e9 4 aparelhos em uma \u00fanica tomada com o plugue 2P+T com 4 sa\u00eddas Mecatool. Com corrente m\u00e1xima de 10A e cor preta, precisa de apenas 1 tomada para funcionar como um multiplicador de acessos. Fabricado com materiais pl\u00e1sticos isolantes e acabamentos met\u00e1licos, segue o novo padr\u00e3o brasileiro de tomadas.<\/p>\n","protected":false},"excerpt":{"rendered":"<h4 style=\"margin: 0px;padding: 0px 0px 16px;font-family: Lato, sans-serif;font-weight: bold;line-height: 3rem;color: var(--dark-grey3);font-size: 22px;font-style: normal;letter-spacing: normal;text-align: start;text-indent: 0px;text-transform: none\">Informa\u00e7\u00f5es t\u00e9cnicas<\/h4>\n<p><span style=\"margin: 0px;padding: 0px;font-weight: 450;font-size: 14px;line-height: 21px;color: var(--dark-grey2);font-family: Lato, sans-serif;font-style: normal;letter-spacing: normal;text-align: start;text-indent: 0px;text-transform: none\">Produto: Plugue tomada<br \/>\nMarca: Mecatool<br \/>\nMaterial: Pl\u00e1sticos isolantes<br \/>\nCor: Preto<br \/>\nCaracter\u00edsticas: Para correntes de 10A, resistente a tens\u00f5es de at\u00e9 250v, possui 4 sa\u00eddas, plug tripolar, conforme norma ABNT NBR 14136<br \/>\nItens inclusos: 1 Plugue tomada                                                                                                                                  OCP: 0115<\/span><\/p>\n","protected":false},"featured_media":25769,"template":"","meta":{"_joinchat":[]},"product_brand":[],"product_cat":[120],"product_tag":[],"class_list":{"0":"post-8712","1":"product","2":"type-product","3":"status-publish","4":"has-post-thumbnail","6":"product_cat-extencoes-e-cia","8":"first","9":"outofstock","10":"shipping-taxable","11":"product-type-simple"},"_links":{"self":[{"href":"https:\/\/www.multicasa.com.br\/inicio\/wp-json\/wp\/v2\/product\/8712","targetHints":{"allow":["GET"]}}],"collection":[{"href":"https:\/\/www.multicasa.com.br\/inicio\/wp-json\/wp\/v2\/product"}],"about":[{"href":"https:\/\/www.multicasa.com.br\/inicio\/wp-json\/wp\/v2\/types\/product"}],"wp:featuredmedia":[{"embeddable":true,"href":"https:\/\/www.multicasa.com.br\/inicio\/wp-json\/wp\/v2\/media\/25769"}],"wp:attachment":[{"href":"https:\/\/www.multicasa.com.br\/inicio\/wp-json\/wp\/v2\/media?parent=8712"}],"wp:term":[{"taxonomy":"product_brand","embeddable":true,"href":"https:\/\/www.multicasa.com.br\/inicio\/wp-json\/wp\/v2\/product_brand?post=8712"},{"taxonomy":"product_cat","embeddable":true,"href":"https:\/\/www.multicasa.com.br\/inicio\/wp-json\/wp\/v2\/product_cat?post=8712"},{"taxonomy":"product_tag","embeddable":true,"href":"https:\/\/www.multicasa.com.br\/inicio\/wp-json\/wp\/v2\/product_tag?post=8712"}],"curies":[{"name":"wp","href":"https:\/\/api.w.org\/{rel}","templated":true}]}}