{"id":8714,"date":"2025-06-20T17:35:59","date_gmt":"2025-06-20T21:35:59","guid":{"rendered":"https:\/\/www.multicasa.com.br\/inicio\/?post_type=product&#038;p=8714"},"modified":"2025-12-16T19:26:18","modified_gmt":"2025-12-16T23:26:18","slug":"microfiltro-de-linha-adsl-vdsl-2-speed","status":"publish","type":"product","link":"https:\/\/www.multicasa.com.br\/inicio\/produto\/microfiltro-de-linha-adsl-vdsl-2-speed\/","title":{"rendered":"Microfiltro de Linha ADSL\/VDSL 2 Speed"},"content":{"rendered":"<p>O microfiltro de linha ADSL\/VDSL Speed foi desenvolvido para proteger aparelhos anal\u00f3gicos, como o telefone e modens, operando na faixa de frequ\u00eancia dos sinais trocados por este tipo de aparelho. Ou seja, elimina ru\u00eddos e garante que sua comunica\u00e7\u00e3o seja eficiente. A conex\u00e3o das interfaces se d\u00e1 com a liga\u00e7\u00e3o do lado rede: chicote com conector RJ11 (macho) e o lado assinante (modem e assinante) com conectores RJ11 (f\u00eamea).<\/p>\n","protected":false},"excerpt":{"rendered":"<h4 style=\"margin: 0px;padding: 0px 0px 16px;font-family: Lato, sans-serif;font-weight: bold;line-height: 3rem;color: var(--dark-grey3);font-size: 22px;font-style: normal;letter-spacing: normal;text-align: start;text-indent: 0px;text-transform: none\">Informa\u00e7\u00f5es t\u00e9cnicas<\/h4>\n<p><span style=\"margin: 0px;padding: 0px;font-weight: 450;font-size: 14px;line-height: 21px;color: var(--dark-grey2);font-family: Lato, sans-serif;font-style: normal;letter-spacing: normal;text-align: start;text-indent: 0px;text-transform: none\">Produto: Microfiltro de Linha<br \/>\nMarca: Speed<br \/>\nCor: Cinza<br \/>\nCaracter\u00edsticas: Tecnologias: adsl, adsl2 e adsl2+<br \/>\nConex\u00e3o das interfaces<br \/>\nLado rede &#8211; chicote com conector rj11(macho)<br \/>\nLado assinante &#8211; modem e assinante: conectores rj11 (f\u00eamea)<br \/>\nPara os modelos bps4042 e bps 4044t<br \/>\nItens inclusos: 1 microfiltro de Linha<br \/>\nGarantia: 1 ano pelo fabricante<br \/>\n<\/span><\/p>\n","protected":false},"featured_media":8789,"template":"","meta":{"_joinchat":[]},"product_brand":[],"product_cat":[153],"product_tag":[],"class_list":{"0":"post-8714","1":"product","2":"type-product","3":"status-publish","4":"has-post-thumbnail","6":"product_cat-eletronica-e-cia","8":"first","9":"instock","10":"shipping-taxable","11":"purchasable","12":"product-type-simple"},"_links":{"self":[{"href":"https:\/\/www.multicasa.com.br\/inicio\/wp-json\/wp\/v2\/product\/8714","targetHints":{"allow":["GET"]}}],"collection":[{"href":"https:\/\/www.multicasa.com.br\/inicio\/wp-json\/wp\/v2\/product"}],"about":[{"href":"https:\/\/www.multicasa.com.br\/inicio\/wp-json\/wp\/v2\/types\/product"}],"wp:featuredmedia":[{"embeddable":true,"href":"https:\/\/www.multicasa.com.br\/inicio\/wp-json\/wp\/v2\/media\/8789"}],"wp:attachment":[{"href":"https:\/\/www.multicasa.com.br\/inicio\/wp-json\/wp\/v2\/media?parent=8714"}],"wp:term":[{"taxonomy":"product_brand","embeddable":true,"href":"https:\/\/www.multicasa.com.br\/inicio\/wp-json\/wp\/v2\/product_brand?post=8714"},{"taxonomy":"product_cat","embeddable":true,"href":"https:\/\/www.multicasa.com.br\/inicio\/wp-json\/wp\/v2\/product_cat?post=8714"},{"taxonomy":"product_tag","embeddable":true,"href":"https:\/\/www.multicasa.com.br\/inicio\/wp-json\/wp\/v2\/product_tag?post=8714"}],"curies":[{"name":"wp","href":"https:\/\/api.w.org\/{rel}","templated":true}]}}