{"id":8716,"date":"2025-06-20T17:35:59","date_gmt":"2025-06-20T21:35:59","guid":{"rendered":"https:\/\/www.multicasa.com.br\/inicio\/?post_type=product&#038;p=8716"},"modified":"2025-12-16T19:26:30","modified_gmt":"2025-12-16T23:26:30","slug":"mini-extensao-prolongadora-1-tomada-2pt-preto-daneva-10a-15cm","status":"publish","type":"product","link":"https:\/\/www.multicasa.com.br\/inicio\/produto\/mini-extensao-prolongadora-1-tomada-2pt-preto-daneva-10a-15cm\/","title":{"rendered":"Mini Extens\u00e3o Prolongadora 1 Tomada 2P+T Preto Daneva 10A &#8211; 15cm"},"content":{"rendered":"<p>Use a mini extens\u00e3o prolongadora com 1 tomada 2P+T preta Daneva que funciona como um prolongador de 15 cm para conectar pe\u00e7as que ocupam mais espa\u00e7o e impossibilitam o uso de uma ou mais tomadas de um filtro de linha ou extens\u00e3o. A mini extens\u00e3o conta com cabo pp plano, suporta pot\u00eancias m\u00e1ximas de 127v e 220v e possui condutores em cobre eletrol\u00edtico\/PVC. Indicado para quem busca seguran\u00e7a e praticidade na hora de utilizar seus aparelhos.<\/p>\n","protected":false},"excerpt":{"rendered":"<h4 style=\"margin: 0px;padding: 0px 0px 16px;font-family: Lato, sans-serif;font-weight: bold;line-height: 3rem;color: var(--dark-grey3);font-size: 22px;font-style: normal;letter-spacing: normal;text-align: start;text-indent: 0px;text-transform: none\">Informa\u00e7\u00f5es t\u00e9cnicas<\/h4>\n<p><span style=\"margin: 0px;padding: 0px;font-weight: 450;font-size: 14px;line-height: 21px;color: var(--dark-grey2);font-family: Lato, sans-serif;font-style: normal;letter-spacing: normal;text-align: start;text-indent: 0px;text-transform: none\">Produto: Mini Extens\u00e3o Prolongadora<br \/>\nMarca: Daneva<br \/>\nMaterial: PP<br \/>\nCondutor em cobre eletrol\u00edtico e PVC<br \/>\nTomada e plugue injetados em PVC<br \/>\nTerminais em lat\u00e3o<br \/>\nSeparador em nylon<br \/>\nCor: Preto<br \/>\nPot\u00eancia: 1270w 2200w<br \/>\nTens\u00e3o el\u00e9trica: 127v &#8211; 220v<br \/>\nCaracter\u00edsticas: Corrente m\u00e1xima de 10A<br \/>\nTens\u00e3o m\u00e1xima 250v<br \/>\n1 Tomada tripolar<br \/>\nCertificado pelo Inmetro NBR 13249<br \/>\nTomada e plugue NBR 60884-1 e NBR 14136<br \/>\nCertificado pelo T\u00fcv rheinland<br \/>\nItens inclusos: 1 mini Extens\u00e3o Prolongadora<br \/>\nEspessura: 0,75mm<br \/>\nDimens\u00f5es do produto (C): 15cm<br \/>\n<\/span><\/p>\n","protected":false},"featured_media":8791,"template":"","meta":{"_joinchat":[]},"product_brand":[],"product_cat":[120],"product_tag":[],"class_list":{"0":"post-8716","1":"product","2":"type-product","3":"status-publish","4":"has-post-thumbnail","6":"product_cat-extencoes-e-cia","8":"first","9":"outofstock","10":"shipping-taxable","11":"product-type-simple"},"_links":{"self":[{"href":"https:\/\/www.multicasa.com.br\/inicio\/wp-json\/wp\/v2\/product\/8716","targetHints":{"allow":["GET"]}}],"collection":[{"href":"https:\/\/www.multicasa.com.br\/inicio\/wp-json\/wp\/v2\/product"}],"about":[{"href":"https:\/\/www.multicasa.com.br\/inicio\/wp-json\/wp\/v2\/types\/product"}],"wp:featuredmedia":[{"embeddable":true,"href":"https:\/\/www.multicasa.com.br\/inicio\/wp-json\/wp\/v2\/media\/8791"}],"wp:attachment":[{"href":"https:\/\/www.multicasa.com.br\/inicio\/wp-json\/wp\/v2\/media?parent=8716"}],"wp:term":[{"taxonomy":"product_brand","embeddable":true,"href":"https:\/\/www.multicasa.com.br\/inicio\/wp-json\/wp\/v2\/product_brand?post=8716"},{"taxonomy":"product_cat","embeddable":true,"href":"https:\/\/www.multicasa.com.br\/inicio\/wp-json\/wp\/v2\/product_cat?post=8716"},{"taxonomy":"product_tag","embeddable":true,"href":"https:\/\/www.multicasa.com.br\/inicio\/wp-json\/wp\/v2\/product_tag?post=8716"}],"curies":[{"name":"wp","href":"https:\/\/api.w.org\/{rel}","templated":true}]}}