{"id":8718,"date":"2025-06-20T17:35:59","date_gmt":"2025-06-20T21:35:59","guid":{"rendered":"https:\/\/www.multicasa.com.br\/inicio\/?post_type=product&#038;p=8718"},"modified":"2025-12-16T19:26:38","modified_gmt":"2025-12-16T23:26:38","slug":"extensao-eletrica-3-tomadas-2p-branco-verde-daneva-10a-3m","status":"publish","type":"product","link":"https:\/\/www.multicasa.com.br\/inicio\/produto\/extensao-eletrica-3-tomadas-2p-branco-verde-daneva-10a-3m\/","title":{"rendered":"Extens\u00e3o El\u00e9trica 3 Tomadas 2P Branco\/Verde Daneva 10A &#8211; 3m"},"content":{"rendered":"<p>Equipada com cabo pp plano de dupla isola\u00e7\u00e3o, a extens\u00e3o el\u00e9trica com 3 tomadas 2P branco e verde Daneva pode ser usada para ligar de 1 a 3 aparelhos ao mesmo tempo. Possibilita a liga\u00e7\u00e3o em pontos distantes, ideal para locais onde n\u00e3o h\u00e1 circula\u00e7\u00e3o excessiva de pessoas. Com 3 metros e 10a, pode ser usada em casa ou em locais de trabalho.<\/p>\n","protected":false},"excerpt":{"rendered":"<h4 style=\"margin: 0px;padding: 0px 0px 16px;font-family: Lato, sans-serif;font-weight: bold;line-height: 3rem;color: var(--dark-grey3);font-size: 22px;font-style: normal;letter-spacing: normal;text-align: start;text-indent: 0px;text-transform: none\">Informa\u00e7\u00f5es t\u00e9cnicas<\/h4>\n<p><span style=\"margin: 0px;padding: 0px;font-weight: 450;font-size: 14px;line-height: 21px;color: var(--dark-grey2);font-family: Lato, sans-serif;font-style: normal;letter-spacing: normal;text-align: start;text-indent: 0px;text-transform: none\">Produto: Extens\u00e3o El\u00e9trica<br \/>\nMarca: Daneva<br \/>\nMaterial: Polipropileno<br \/>\nCor: Branco e verde<br \/>\nTens\u00e3o el\u00e9trica: M\u00e1x 250v<br \/>\nCaracter\u00edsticas: Corrente m\u00e1xima de 10A<br \/>\n3 Tomadas bipolar<br \/>\nItens inclusos: 1 Extens\u00e3o El\u00e9trica<br \/>\nEspessura: 0,75mm<br \/>\nDimens\u00f5es do produto (C): 3m<br \/>\n<\/span><\/p>\n","protected":false},"featured_media":8795,"template":"","meta":{"_joinchat":[]},"product_brand":[],"product_cat":[120],"product_tag":[],"class_list":{"0":"post-8718","1":"product","2":"type-product","3":"status-publish","4":"has-post-thumbnail","6":"product_cat-extencoes-e-cia","8":"first","9":"instock","10":"shipping-taxable","11":"purchasable","12":"product-type-simple"},"_links":{"self":[{"href":"https:\/\/www.multicasa.com.br\/inicio\/wp-json\/wp\/v2\/product\/8718","targetHints":{"allow":["GET"]}}],"collection":[{"href":"https:\/\/www.multicasa.com.br\/inicio\/wp-json\/wp\/v2\/product"}],"about":[{"href":"https:\/\/www.multicasa.com.br\/inicio\/wp-json\/wp\/v2\/types\/product"}],"wp:featuredmedia":[{"embeddable":true,"href":"https:\/\/www.multicasa.com.br\/inicio\/wp-json\/wp\/v2\/media\/8795"}],"wp:attachment":[{"href":"https:\/\/www.multicasa.com.br\/inicio\/wp-json\/wp\/v2\/media?parent=8718"}],"wp:term":[{"taxonomy":"product_brand","embeddable":true,"href":"https:\/\/www.multicasa.com.br\/inicio\/wp-json\/wp\/v2\/product_brand?post=8718"},{"taxonomy":"product_cat","embeddable":true,"href":"https:\/\/www.multicasa.com.br\/inicio\/wp-json\/wp\/v2\/product_cat?post=8718"},{"taxonomy":"product_tag","embeddable":true,"href":"https:\/\/www.multicasa.com.br\/inicio\/wp-json\/wp\/v2\/product_tag?post=8718"}],"curies":[{"name":"wp","href":"https:\/\/api.w.org\/{rel}","templated":true}]}}