{"id":8742,"date":"2025-06-20T17:36:21","date_gmt":"2025-06-20T21:36:21","guid":{"rendered":"https:\/\/www.multicasa.com.br\/inicio\/?post_type=product&#038;p=8742"},"modified":"2025-06-20T17:36:55","modified_gmt":"2025-06-20T21:36:55","slug":"espelho-com-ventosa-antiembacante-creative","status":"publish","type":"product","link":"https:\/\/www.multicasa.com.br\/inicio\/produto\/espelho-com-ventosa-antiembacante-creative\/","title":{"rendered":"Espelho com Ventosa Antiemba\u00e7ante Creative"},"content":{"rendered":"<p>Use o espelho antiemba\u00e7ante da Creative fixando suas ventosas em superf\u00edcies lisas e livres de relevo para melhor ader\u00eancia. Sua tecnologia hidr\u00f3fila absorve o vapor, por isso \u00e9 preciso limpeza regular para efici\u00eancia da a\u00e7\u00e3o antiemba\u00e7ante. Deixar pelo menos a 60 cm da \u00e1gua do chuveiro, com 2 suportes de barbeadores para garantir praticidade ao seu dia-a-dia. Ideal para quem busca solu\u00e7\u00f5es pr\u00e1ticas e \u00e1geis para a casa. Mede 23, 3 x 14,7 x 3,7 cm.<\/p>\n","protected":false},"excerpt":{"rendered":"<h4 style=\"margin: 0px;padding: 0px 0px 16px;font-family: Lato, sans-serif;font-weight: bold;line-height: 3rem;color: var(--dark-grey3);font-size: 22px;font-style: normal;letter-spacing: normal;text-align: start;text-indent: 0px;text-transform: none\">Informa\u00e7\u00f5es t\u00e9cnicas<\/h4>\n<p><span style=\"margin: 0px;padding: 0px;font-weight: 450;font-size: 14px;line-height: 21px;color: var(--dark-grey2);font-family: Lato, sans-serif;font-style: normal;letter-spacing: normal;text-align: start;text-indent: 0px;text-transform: none\">Produto: Espelho<br \/>\nMarca: Creative<br \/>\nMaterial: Pl\u00e1stico<br \/>\nVidro anti emba\u00e7ante<br \/>\nCor: Branco<br \/>\nCaracter\u00edsticas: De parede<br \/>\n2 suportes para barbeadores<br \/>\nQuantidade de pe\u00e7as: 5<br \/>\nItens inclusos: 1 espelho<br \/>\n4 ventosas<br \/>\nDimens\u00f5es do produto (A X L x P): 23,3 x 14,7 x 3,7cm<br \/>\nPeso: 250g<br \/>\n<\/span><\/p>\n","protected":false},"featured_media":8797,"template":"","meta":{"_joinchat":[]},"product_brand":[],"product_cat":[101],"product_tag":[],"class_list":{"0":"post-8742","1":"product","2":"type-product","3":"status-publish","4":"has-post-thumbnail","6":"product_cat-cuidados-pessoais","8":"first","9":"outofstock","10":"shipping-taxable","11":"product-type-simple"},"_links":{"self":[{"href":"https:\/\/www.multicasa.com.br\/inicio\/wp-json\/wp\/v2\/product\/8742","targetHints":{"allow":["GET"]}}],"collection":[{"href":"https:\/\/www.multicasa.com.br\/inicio\/wp-json\/wp\/v2\/product"}],"about":[{"href":"https:\/\/www.multicasa.com.br\/inicio\/wp-json\/wp\/v2\/types\/product"}],"wp:featuredmedia":[{"embeddable":true,"href":"https:\/\/www.multicasa.com.br\/inicio\/wp-json\/wp\/v2\/media\/8797"}],"wp:attachment":[{"href":"https:\/\/www.multicasa.com.br\/inicio\/wp-json\/wp\/v2\/media?parent=8742"}],"wp:term":[{"taxonomy":"product_brand","embeddable":true,"href":"https:\/\/www.multicasa.com.br\/inicio\/wp-json\/wp\/v2\/product_brand?post=8742"},{"taxonomy":"product_cat","embeddable":true,"href":"https:\/\/www.multicasa.com.br\/inicio\/wp-json\/wp\/v2\/product_cat?post=8742"},{"taxonomy":"product_tag","embeddable":true,"href":"https:\/\/www.multicasa.com.br\/inicio\/wp-json\/wp\/v2\/product_tag?post=8742"}],"curies":[{"name":"wp","href":"https:\/\/api.w.org\/{rel}","templated":true}]}}