{"id":8744,"date":"2025-06-20T17:36:21","date_gmt":"2025-06-20T21:36:21","guid":{"rendered":"https:\/\/www.multicasa.com.br\/inicio\/?post_type=product&#038;p=8744"},"modified":"2026-04-25T17:00:29","modified_gmt":"2026-04-25T21:00:29","slug":"fixador-para-porta-magnetico-cromado-plasnature","status":"publish","type":"product","link":"https:\/\/www.multicasa.com.br\/inicio\/produto\/fixador-para-porta-magnetico-cromado-plasnature\/","title":{"rendered":"Fixador para Porta Magn\u00e9tico Cromado Plasnature"},"content":{"rendered":"<p>O Fixador para Porta Plasnature \u00e9 adesivo e magn\u00e9tico. Para utilizar, basta retirar a prote\u00e7\u00e3o da fita dupla face da base e colar no piso ou parede, centralizar a chapinha na porta de madeira, vidro, chapa, alum\u00ednio, etc. e pronto, sua porta nunca mais vai bater. Pode ser usada tamb\u00e9m em assoalhos de madeira, porcelanato, laminados, pisos cer\u00e2micos e pisos r\u00fasticos. Possui acabamento cromado, tecnologia inovadora e f\u00e1cil instala\u00e7\u00e3o em apenas 10 segundos.<\/p>\n","protected":false},"excerpt":{"rendered":"<h4 style=\"margin: 0px;padding: 0px 0px 16px;font-family: Lato, sans-serif;font-weight: bold;line-height: 3rem;color: var(--dark-grey3);font-size: 22px;font-style: normal;letter-spacing: normal;text-align: start;text-indent: 0px;text-transform: none\">Informa\u00e7\u00f5es t\u00e9cnicas<\/h4>\n<p><span style=\"margin: 0px;padding: 0px;font-weight: 450;font-size: 14px;line-height: 21px;color: var(--dark-grey2);font-family: Lato, sans-serif;font-style: normal;letter-spacing: normal;text-align: start;text-indent: 0px;text-transform: none\">Produto: Fixador para Porta<br \/>\nMarca: Plasnature<br \/>\nMaterial: Chapa de a\u00e7o 1020<br \/>\n\u00cdm\u00e3 de neod\u00edmio<br \/>\nCor: Prata<br \/>\nAcabamento: Cromado<br \/>\nCaracter\u00edsticas: Fixado por adesivo<br \/>\nN\u00e3o danifica portas e paredes<br \/>\nItens inclusos: 1 Fixador para Porta<br \/>\nDimens\u00f5es do produto (A): 9cm<\/span><\/p>\n","protected":false},"featured_media":8802,"template":"","meta":{"_joinchat":[]},"product_brand":[],"product_cat":[141],"product_tag":[],"class_list":{"0":"post-8744","1":"product","2":"type-product","3":"status-publish","4":"has-post-thumbnail","6":"product_cat-marcenaria","8":"first","9":"instock","10":"shipping-taxable","11":"purchasable","12":"product-type-simple"},"_links":{"self":[{"href":"https:\/\/www.multicasa.com.br\/inicio\/wp-json\/wp\/v2\/product\/8744","targetHints":{"allow":["GET"]}}],"collection":[{"href":"https:\/\/www.multicasa.com.br\/inicio\/wp-json\/wp\/v2\/product"}],"about":[{"href":"https:\/\/www.multicasa.com.br\/inicio\/wp-json\/wp\/v2\/types\/product"}],"wp:featuredmedia":[{"embeddable":true,"href":"https:\/\/www.multicasa.com.br\/inicio\/wp-json\/wp\/v2\/media\/8802"}],"wp:attachment":[{"href":"https:\/\/www.multicasa.com.br\/inicio\/wp-json\/wp\/v2\/media?parent=8744"}],"wp:term":[{"taxonomy":"product_brand","embeddable":true,"href":"https:\/\/www.multicasa.com.br\/inicio\/wp-json\/wp\/v2\/product_brand?post=8744"},{"taxonomy":"product_cat","embeddable":true,"href":"https:\/\/www.multicasa.com.br\/inicio\/wp-json\/wp\/v2\/product_cat?post=8744"},{"taxonomy":"product_tag","embeddable":true,"href":"https:\/\/www.multicasa.com.br\/inicio\/wp-json\/wp\/v2\/product_tag?post=8744"}],"curies":[{"name":"wp","href":"https:\/\/api.w.org\/{rel}","templated":true}]}}