{"id":8746,"date":"2025-06-20T17:36:22","date_gmt":"2025-06-20T21:36:22","guid":{"rendered":"https:\/\/www.multicasa.com.br\/inicio\/?post_type=product&#038;p=8746"},"modified":"2025-06-20T17:37:05","modified_gmt":"2025-06-20T21:37:05","slug":"kit-de-facas-conjunto-do-assador-inox-branco-mor-3-pecas","status":"publish","type":"product","link":"https:\/\/www.multicasa.com.br\/inicio\/produto\/kit-de-facas-conjunto-do-assador-inox-branco-mor-3-pecas\/","title":{"rendered":"Kit de Facas Conjunto do Assador Inox Branco Mor 3 Pe\u00e7as"},"content":{"rendered":"<p>O Kit Facas do Assador em Inox da Mor facilita na sua vida na hora de preparar aquele churrasco em fam\u00edlia. Com cabos em polipropileno branco e l\u00e2minas em a\u00e7o inoxid\u00e1vel, o jogo de facas conta com 3 pe\u00e7as: uma faca de 7 polegadas, uma de 6 polegadas e outra de 4 polegadas. Perfeito para o seu dia a dia!<\/p>\n","protected":false},"excerpt":{"rendered":"<h4 style=\"margin: 0px;padding: 0px 0px 16px;font-family: Lato, sans-serif;font-weight: bold;line-height: 3rem;color: var(--dark-grey3);font-size: 22px;font-style: normal;letter-spacing: normal;text-align: start;text-indent: 0px;text-transform: none\">Informa\u00e7\u00f5es t\u00e9cnicas<\/h4>\n<p><span style=\"margin: 0px;padding: 0px;font-weight: 450;font-size: 14px;line-height: 21px;color: var(--dark-grey2);font-family: Lato, sans-serif;font-style: normal;letter-spacing: normal;text-align: start;text-indent: 0px;text-transform: none\">Produto: Kit facas<br \/>\nMarca: Mor<br \/>\nMaterial: Polipropileno<br \/>\nA \u00e7o Inox<br \/>\nCor: Branco<br \/>\nQuantidade de pe\u00e7as: 3<br \/>\nItens Inclusos: 1 faca de 7&#8243;<br \/>\n1 faca de 6&#8243;<br \/>\n1 faca de 4&#8243;<br \/>\nDimens\u00f5es do produto (A x L x P): faca 7&#8243; &#8211; 30 x 4,4cm<br \/>\nfaca 6&#8243; &#8211; 27,5 x 3,5cm<br \/>\nfaca 4&#8243; &#8211; 21 x 2,5cm<br \/>\n<\/span><\/p>\n","protected":false},"featured_media":8805,"template":"","meta":{"_joinchat":[]},"product_brand":[],"product_cat":[136],"product_tag":[],"class_list":{"0":"post-8746","1":"product","2":"type-product","3":"status-publish","4":"has-post-thumbnail","6":"product_cat-lazer","8":"first","9":"outofstock","10":"shipping-taxable","11":"product-type-simple"},"_links":{"self":[{"href":"https:\/\/www.multicasa.com.br\/inicio\/wp-json\/wp\/v2\/product\/8746","targetHints":{"allow":["GET"]}}],"collection":[{"href":"https:\/\/www.multicasa.com.br\/inicio\/wp-json\/wp\/v2\/product"}],"about":[{"href":"https:\/\/www.multicasa.com.br\/inicio\/wp-json\/wp\/v2\/types\/product"}],"wp:featuredmedia":[{"embeddable":true,"href":"https:\/\/www.multicasa.com.br\/inicio\/wp-json\/wp\/v2\/media\/8805"}],"wp:attachment":[{"href":"https:\/\/www.multicasa.com.br\/inicio\/wp-json\/wp\/v2\/media?parent=8746"}],"wp:term":[{"taxonomy":"product_brand","embeddable":true,"href":"https:\/\/www.multicasa.com.br\/inicio\/wp-json\/wp\/v2\/product_brand?post=8746"},{"taxonomy":"product_cat","embeddable":true,"href":"https:\/\/www.multicasa.com.br\/inicio\/wp-json\/wp\/v2\/product_cat?post=8746"},{"taxonomy":"product_tag","embeddable":true,"href":"https:\/\/www.multicasa.com.br\/inicio\/wp-json\/wp\/v2\/product_tag?post=8746"}],"curies":[{"name":"wp","href":"https:\/\/api.w.org\/{rel}","templated":true}]}}